{"id":110,"date":"2016-11-07T12:03:17","date_gmt":"2016-11-07T12:03:17","guid":{"rendered":"http:\/\/congresos.unileon.es\/plantilla\/?page_id=110"},"modified":"2025-12-19T10:56:47","modified_gmt":"2025-12-19T10:56:47","slug":"comunicaciones","status":"publish","type":"page","link":"https:\/\/congresos.unileon.es\/14cimo2025\/comunicaciones\/","title":{"rendered":"Env\u00edo de Comunicaciones"},"content":{"rendered":"<p>[et_pb_section fb_built=&#8221;1&#8243; admin_label=&#8221;section&#8221; _builder_version=&#8221;4.16&#8243; global_colors_info=&#8221;{}&#8221;][et_pb_row column_structure=&#8221;1_2,1_2&#8243; admin_label=&#8221;Fila&#8221; _builder_version=&#8221;4.16&#8243; background_size=&#8221;initial&#8221; background_position=&#8221;top_left&#8221; background_repeat=&#8221;repeat&#8221; custom_margin=&#8221;|auto|29px|auto||&#8221; global_colors_info=&#8221;{}&#8221;][et_pb_column type=&#8221;1_2&#8243; _builder_version=&#8221;4.16&#8243; custom_padding=&#8221;|||&#8221; global_colors_info=&#8221;{}&#8221; custom_padding__hover=&#8221;|||&#8221;][et_pb_text admin_label=&#8221;Texto&#8221; _builder_version=&#8221;4.16&#8243; background_size=&#8221;initial&#8221; background_position=&#8221;top_left&#8221; background_repeat=&#8221;repeat&#8221; use_border_color=&#8221;off&#8221; border_color=&#8221;#ffffff&#8221; border_style=&#8221;solid&#8221; global_colors_info=&#8221;{}&#8221;]<\/p>\n<h1><span style=\"color: #e02b20;font-size: 30px\">Env\u00edo de Comunicaciones<\/span><span style=\"color: #e02b20\"><\/span><\/h1>\n<p>Las\u00a0<strong>comunicaciones<\/strong> son los trabajos fundamentales a trav\u00e9s de los cuales todos los inscritos en el 14\u00ba CIMO podr\u00e1n presentar sus aportaciones al mismo. Podr\u00e1n ser firmadas por uno o varios autores. Un mismo autor en solitario puede proponer como m\u00e1ximo una comunicaci\u00f3n, aunque s\u00ed puede participar en varias comunicaciones presentadas colectivamente. En el caso de trabajos en coautor\u00eda, una persona solo puede firmar una vez en primer lugar como autora de comunicaci\u00f3n. Todos los firmantes de comunicaci\u00f3n que deseen recibir la certificaci\u00f3n y el libro de actas en papel deber\u00e1n estar inscritos en el 14\u00ba CIMO y al menos uno de ellos debe acudir presencialmente al mismo para su exposici\u00f3n.<\/p>\n<p>Los primeros pasos, <span style=\"color: #e02b20\">ya finalizados<\/span>, han sido el <strong>env\u00edo de res\u00famenes o propuestas de comunicaciones<\/strong> (cuyo periodo de presentaci\u00f3n fue del 14 de marzo al 5 de junio de 2025) y la posterior remisi\u00f3n de <strong>textos completos provisionales <\/strong>(no definitivos, del 1 al 30 de septiembre), que fueron presentados de manera oral durante las sesiones del 14\u00ba CIMO en el d\u00eda y hora asignados por el Comit\u00e9 Organizador en el Programa Acad\u00e9mico.<\/p>\n<p>Finalmente, se establece un <span style=\"color: #0da53b\"><strong>plazo hasta el 15 de enero de 2026<\/strong><\/span> para el env\u00edo de los <span style=\"text-decoration: underline\"><strong>textos completos definitivos<\/strong><\/span>, a remitir por medio de este formulario*:<\/p>\n<h1><a href=\"https:\/\/docs.google.com\/forms\/d\/e\/1FAIpQLSdtdjtMNjRlDFeTau6oehtCjlgdGmUL0_wUeL5DKipWeCmJww\/viewform\"><span style=\"color: #e02b20;font-size: 30px\"><span style=\"color: #0e31f4\">Enlace al formulario para el env\u00edo de comunicaciones finales<\/span><\/span><\/a><\/h1>\n<p>Los <strong>textos completos definitivos <\/strong>deben seguir la <strong>PLANTILLA<\/strong>\u00a0o <strong>modelo de documento <\/strong>que est\u00e1 disponible en el apartado <a href=\"https:\/\/congresos.unileon.es\/14cimo2025\/descargas\/\"><em>Descargas<\/em><\/a> de esta p\u00e1gina web.<\/p>\n<p>El texto completo de la comunicaci\u00f3n ser\u00e1 un documento Word con una extensi\u00f3n m\u00e1xima de 5.000 palabras, redactado preferentemente en idioma espa\u00f1ol, admiti\u00e9ndose tambi\u00e9n en ingl\u00e9s. Deber\u00e1 seguir las <strong>normas <\/strong>de presentaci\u00f3n y estilo, de citaci\u00f3n y para incluir im\u00e1genes y tablas e<span>stablecidas por la organizaci\u00f3n (DOCUMENTO DE <a href=\"https:\/\/congresos.unileon.es\/14cimo2025\/wp-content\/uploads\/sites\/20\/2025\/03\/NormasPresentacion14CIMO_Leon2025.pdf\">NORMAS DE REDACCI\u00d3N<\/a>, DOCUMENTO DE <\/span><a href=\"https:\/\/drive.google.com\/file\/d\/1EN7STMpMrA1khI56YDyQraL6YTO0-Fkk\/view?usp=drive_link\">NORMAS DE CITACI\u00d3N<\/a><span> y DOCUMENTO DE NORMAS PARA <\/span><a href=\"https:\/\/drive.google.com\/file\/d\/1-aAihGYlkyuRqlzPJD0g6HF1yAay2SJf\/view?usp=sharing\">INCLUIR IM\u00c1GENES Y TABLAS<\/a><span>) <\/span>que est\u00e1n disponibles en el apartado <a href=\"https:\/\/congresos.unileon.es\/14cimo2025\/descargas\/\"><em>Descargas<\/em><\/a> de esta web del 14\u00ba CIMO: &lt;<a href=\"https:\/\/congresos.unileon.es\/14cimo2025\/descargas\/\">https:\/\/congresos.unileon.es\/14cimo2025\/descargas\/<\/a>&gt;.<\/p>\n<p><span>Las <strong>im\u00e1genes <\/strong>pueden incluirse en el documento Word en baja resoluci\u00f3n, como indicativo de d\u00f3nde deber\u00edan aparecer en la maquetaci\u00f3n final, pero adem\u00e1s tienen que adjuntarse por separado a alta calidad (300 ppp) para lo que se deben enviar por <\/span><a href=\"https:\/\/wetransfer.com\/\">WeTransfer<\/a><span> al correo electr\u00f3nico de la organizaci\u00f3n <a href=\"14cimo2025@unileon.es\">14cimo2025@unileon.es <\/a><\/span>(rogamos se adjunten todas en un mismo env\u00edo, indicando autores y t\u00edtulo de la comunicaci\u00f3n).<\/p>\n<p>*Es un formulario asociado a cuentas Google; si alguien tiene problemas con el mismo, puede adjuntar tambi\u00e9n el texto Word de la comunicaci\u00f3n junto al env\u00edo de las im\u00e1genes por WeTransfer (o remitirlo por email).<\/p>\n<p>Para cualquier duda, quedamos a disposici\u00f3n de todos los comunicantes en el correo electr\u00f3nico antes indicado.<\/p>\n<p>Desde la organizaci\u00f3n se podr\u00e1 pedir a los autores que revisen sus textos completos definitivos de comunicaciones tantas veces como sea necesario hasta que cumplan con todos los requisitos, dentro del plazo temporal indicado, as\u00ed como reclamar una m\u00ednima calidad de las im\u00e1genes.<\/p>\n<p>Las comunicaciones que cumplan con las normas establecidas ser\u00e1n publicadas en las <strong>actas del congreso<\/strong>, cuya edici\u00f3n ser\u00e1 en papel y en digital (se entregar\u00e1 un ejemplar impreso a color a cada inscrito en el congreso).<\/p>\n<p>&nbsp;<\/p>\n<p><strong>Plantilla, nombre del archivo y modo de env\u00edo<\/strong><\/p>\n<p>El archivo Word sobre el que se deben realizar las comunicaciones est\u00e1 disponible para su descarga en: &lt;<a href=\"https:\/\/congresos.unileon.es\/14cimo2025\/wp-content\/uploads\/sites\/20\/2025\/09\/Plantilla_Articulo_14CIMO.docx\">https:\/\/congresos.unileon.es\/14cimo2025\/wp-content\/uploads\/sites\/20\/2025\/09\/Plantilla_Articulo_14CIMO.docx<\/a>&gt;<\/p>\n<p>Para guardarlo deber\u00e1 denominarse as\u00ed: <span style=\"color: #00960c\">ComunicProv_Apellido-Nombre del primer autor.docx<\/span> (ejemplo: ComunicProv_Lopez-Luis.docx)<\/p>\n<p>Reiteramos que el env\u00edo deber\u00e1 hacerse antes del 15 de enero de 2026 por medio del siguiente formulario:&lt;<a href=\"https:\/\/docs.google.com\/forms\/d\/e\/1FAIpQLSdtdjtMNjRlDFeTau6oehtCjlgdGmUL0_wUeL5DKipWeCmJww\/viewform\">https:\/\/docs.google.com\/forms\/d\/e\/1FAIpQLSdtdjtMNjRlDFeTau6oehtCjlgdGmUL0_wUeL5DKipWeCmJww\/viewform<\/a>&gt; adjuntando las im\u00e1genes en alta resoluci\u00f3n <span>por\u00a0<\/span><a href=\"https:\/\/wetransfer.com\/\">WeTransfer<\/a><span> al correo electr\u00f3nico de la organizaci\u00f3n <a href=\"14cimo2025@unileon.es\">14cimo2025@unileon.es<\/a><\/span><\/p>\n<h1><\/h1>\n<p><span style=\"color: #e02b20\"><\/span><\/p>\n<p><span style=\"color: #e02b20\"><\/span><\/p>\n<p>&nbsp;<\/p>\n<p>[\/et_pb_text][\/et_pb_column][et_pb_column type=&#8221;1_2&#8243; _builder_version=&#8221;4.16&#8243; custom_padding=&#8221;|||&#8221; global_colors_info=&#8221;{}&#8221; custom_padding__hover=&#8221;|||&#8221;][et_pb_text admin_label=&#8221;Texto&#8221; _builder_version=&#8221;4.16&#8243; background_size=&#8221;initial&#8221; background_position=&#8221;top_left&#8221; background_repeat=&#8221;repeat&#8221; use_border_color=&#8221;off&#8221; border_color=&#8221;#ffffff&#8221; border_style=&#8221;solid&#8221; global_colors_info=&#8221;{}&#8221;]<\/p>\n<h1><span style=\"color: #e02b20\">Mesas de comunicaciones<\/span><\/h1>\n<p>El Comit\u00e9 Organizador del 14\u00ba CIMO ha decidido reducir a cinco las <strong>mesas tem\u00e1ticas<\/strong>\u00a0en que se distribuir\u00e1n las comunicaciones, siendo las siguientes:<\/p>\n<ul>\n<li><span style=\"color: #e02b20\">Mesa 1) Estudios hist\u00f3ricos, geogr\u00e1ficos, etnogr\u00e1ficos, arqueol\u00f3gicos\u2026<\/span><\/li>\n<li><span style=\"color: #e02b20\">Mesa 2) Estudios de ingenier\u00eda, urbanismo, arquitectura, energ\u00eda\u2026 Valorizaci\u00f3n, catalogaci\u00f3n y protecci\u00f3n.<\/span><\/li>\n<li><span style=\"color: #e02b20\">Mesa 3) Nuevos usos de los molinos. Los molinos en la m\u00fasica. Educaci\u00f3n y molinos.<\/span><\/li>\n<li><span style=\"color: #e02b20\">Mesa 4) Proyectos e intervenciones actuales y futuras: conservaci\u00f3n y restauraci\u00f3n.<\/span><\/li>\n<\/ul>\n<ul>\n<li><span style=\"color: #e02b20\">Mesa 5) Molinos de Le\u00f3n: pasado, presente y futuro.<\/span><\/li>\n<\/ul>\n<p>La organizaci\u00f3n en mesas tem\u00e1ticas se hace como forma efectiva a la hora de abordar la gran variedad de l\u00edneas de estudio y favorecer la discusi\u00f3n cient\u00edfica en el 14\u00ba CIMO. Con suficiente antelaci\u00f3n se anunciaron los horarios para la <strong>presentaci\u00f3n oral\u00a0<\/strong>en el programa acad\u00e9mico definitivo del 14\u00ba CIMO, asign\u00e1ndose a cada comunicaci\u00f3n un tiempo en funci\u00f3n de todas las aceptadas y recibidas en su versi\u00f3n completa provisional antes del 30 de septiembre.<\/p>\n<p>&nbsp;<\/p>\n<p>[\/et_pb_text][\/et_pb_column][\/et_pb_row][\/et_pb_section][et_pb_section fb_built=&#8221;1&#8243; custom_padding_last_edited=&#8221;on|desktop&#8221; admin_label=&#8221;Secci\u00f3n&#8221; _builder_version=&#8221;4.16&#8243; custom_padding_tablet=&#8221;50px|0|50px|0&#8243; custom_padding_phone=&#8221;50px|0|50px|0&#8243; transparent_background=&#8221;off&#8221; padding_mobile=&#8221;off&#8221; make_fullwidth=&#8221;off&#8221; use_custom_width=&#8221;off&#8221; width_unit=&#8221;on&#8221; global_colors_info=&#8221;{}&#8221;][et_pb_row column_structure=&#8221;1_2,1_2&#8243; admin_label=&#8221;Fila&#8221; _builder_version=&#8221;4.16&#8243; background_size=&#8221;initial&#8221; background_position=&#8221;top_left&#8221; background_repeat=&#8221;repeat&#8221; custom_margin=&#8221;|auto|29px|auto||&#8221; global_colors_info=&#8221;{}&#8221;][et_pb_column type=&#8221;1_2&#8243; _builder_version=&#8221;4.16&#8243; custom_padding=&#8221;|||&#8221; global_colors_info=&#8221;{}&#8221; custom_padding__hover=&#8221;|||&#8221;][et_pb_text admin_label=&#8221;Texto&#8221; _builder_version=&#8221;4.17.6&#8243; background_size=&#8221;initial&#8221; background_position=&#8221;top_left&#8221; background_repeat=&#8221;repeat&#8221; custom_padding=&#8221;|0px|0px|||&#8221; use_border_color=&#8221;off&#8221; border_color=&#8221;#ffffff&#8221; border_style=&#8221;solid&#8221; global_colors_info=&#8221;{}&#8221;]<\/p>\n<h1><span style=\"color: #e02b20;font-size: 30px\">Plantilla Word para redactar las comunicaciones<\/span><span style=\"color: #e02b20\"><\/span><\/h1>\n<p><span style=\"color: #0e31f4\"><a href=\"https:\/\/congresos.unileon.es\/14cimo2025\/wp-content\/uploads\/sites\/20\/2025\/09\/Plantilla_Articulo_14CIMO.docx\" style=\"color: #0e31f4\">enlace a la <strong>plantilla <\/strong>(pincha aqu\u00ed)<\/a><\/span><\/p>\n<p>&nbsp;<\/p>\n<p>&nbsp;<\/p>\n<p>[\/et_pb_text][\/et_pb_column][et_pb_column type=&#8221;1_2&#8243; _builder_version=&#8221;4.16&#8243; custom_padding=&#8221;|||&#8221; global_colors_info=&#8221;{}&#8221; custom_padding__hover=&#8221;|||&#8221;][\/et_pb_column][\/et_pb_row][et_pb_row padding_mobile=&#8221;off&#8221; column_padding_mobile=&#8221;on&#8221; admin_label=&#8221;Fila&#8221; _builder_version=&#8221;4.17.6&#8243; background_size=&#8221;initial&#8221; background_position=&#8221;top_left&#8221; background_repeat=&#8221;repeat&#8221; make_fullwidth=&#8221;off&#8221; use_custom_width=&#8221;off&#8221; width_unit=&#8221;on&#8221; locked=&#8221;off&#8221; global_colors_info=&#8221;{}&#8221;][et_pb_column type=&#8221;4_4&#8243; _builder_version=&#8221;4.16&#8243; custom_padding=&#8221;|||&#8221; global_colors_info=&#8221;{}&#8221; custom_padding__hover=&#8221;|||&#8221;][et_pb_text admin_label=&#8221;Texto&#8221; module_class=&#8221;entry-title main_title&#8221; _builder_version=&#8221;4.17.6&#8243; background_size=&#8221;initial&#8221; background_position=&#8221;top_left&#8221; background_repeat=&#8221;repeat&#8221; use_border_color=&#8221;off&#8221; border_color=&#8221;#ffffff&#8221; border_style=&#8221;solid&#8221; global_colors_info=&#8221;{}&#8221;]<\/p>\n<h1>Organizadores<\/h1>\n<p>[\/et_pb_text][et_pb_image src=&#8221;https:\/\/congresos.unileon.es\/14cimo2025\/wp-content\/uploads\/sites\/20\/2025\/03\/UniACEM.png&#8221; title_text=&#8221;UniACEM&#8221; align_tablet=&#8221;center&#8221; align_phone=&#8221;center&#8221; align_last_edited=&#8221;on|desktop&#8221; admin_label=&#8221;Imagen&#8221; _builder_version=&#8221;4.17.6&#8243; use_border_color=&#8221;off&#8221; border_color=&#8221;#ffffff&#8221; border_style=&#8221;solid&#8221; animation=&#8221;off&#8221; sticky=&#8221;off&#8221; always_center_on_mobile=&#8221;on&#8221; global_colors_info=&#8221;{}&#8221;] [\/et_pb_image][et_pb_text admin_label=&#8221;Texto&#8221; module_class=&#8221;entry-title main_title&#8221; _builder_version=&#8221;4.17.6&#8243; background_size=&#8221;initial&#8221; background_position=&#8221;top_left&#8221; background_repeat=&#8221;repeat&#8221; use_border_color=&#8221;off&#8221; border_color=&#8221;#ffffff&#8221; border_style=&#8221;solid&#8221; global_colors_info=&#8221;{}&#8221;]<\/p>\n<h1>Patrocinador<\/h1>\n<p>[\/et_pb_text][et_pb_image src=&#8221;https:\/\/congresos.unileon.es\/14cimo2025\/wp-content\/uploads\/sites\/20\/2025\/03\/AytoLeon1-1-scaled.jpg&#8221; title_text=&#8221;AytoLeon1 (1)&#8221; align_tablet=&#8221;center&#8221; align_phone=&#8221;center&#8221; align_last_edited=&#8221;on|desktop&#8221; admin_label=&#8221;Imagen&#8221; _builder_version=&#8221;4.17.6&#8243; use_border_color=&#8221;off&#8221; border_color=&#8221;#ffffff&#8221; border_style=&#8221;solid&#8221; animation=&#8221;off&#8221; sticky=&#8221;off&#8221; always_center_on_mobile=&#8221;on&#8221; global_colors_info=&#8221;{}&#8221;] [\/et_pb_image][et_pb_text admin_label=&#8221;Texto&#8221; module_class=&#8221;entry-title main_title&#8221; _builder_version=&#8221;4.17.6&#8243; background_size=&#8221;initial&#8221; background_position=&#8221;top_left&#8221; background_repeat=&#8221;repeat&#8221; use_border_color=&#8221;off&#8221; border_color=&#8221;#ffffff&#8221; border_style=&#8221;solid&#8221; global_colors_info=&#8221;{}&#8221;]<\/p>\n<h1>Colaboradores<\/h1>\n<p>[\/et_pb_text][et_pb_image src=&#8221;https:\/\/congresos.unileon.es\/14cimo2025\/wp-content\/uploads\/sites\/20\/2025\/03\/diptacionILC-1.png&#8221; title_text=&#8221;diptacionILC&#8221; align_tablet=&#8221;center&#8221; align_phone=&#8221;center&#8221; align_last_edited=&#8221;on|desktop&#8221; admin_label=&#8221;Imagen&#8221; _builder_version=&#8221;4.17.6&#8243; use_border_color=&#8221;off&#8221; border_color=&#8221;#ffffff&#8221; border_style=&#8221;solid&#8221; animation=&#8221;off&#8221; sticky=&#8221;off&#8221; always_center_on_mobile=&#8221;on&#8221; global_colors_info=&#8221;{}&#8221;] [\/et_pb_image][et_pb_image src=&#8221;https:\/\/congresos.unileon.es\/14cimo2025\/wp-content\/uploads\/sites\/20\/2025\/03\/FundacionEinstituto.png&#8221; title_text=&#8221;FundacionEinstituto&#8221; align_tablet=&#8221;center&#8221; align_phone=&#8221;center&#8221; align_last_edited=&#8221;on|desktop&#8221; admin_label=&#8221;Imagen&#8221; _builder_version=&#8221;4.17.6&#8243; use_border_color=&#8221;off&#8221; border_color=&#8221;#ffffff&#8221; border_style=&#8221;solid&#8221; animation=&#8221;off&#8221; sticky=&#8221;off&#8221; always_center_on_mobile=&#8221;on&#8221; global_colors_info=&#8221;{}&#8221;] [\/et_pb_image][et_pb_image src=&#8221;https:\/\/congresos.unileon.es\/14cimo2025\/wp-content\/uploads\/sites\/20\/2025\/10\/HISMECONBellasArtes1280x195.jpg&#8221; title_text=&#8221;HISMECONBellasArtes1280x195&#8243; align_tablet=&#8221;center&#8221; align_phone=&#8221;center&#8221; align_last_edited=&#8221;on|desktop&#8221; admin_label=&#8221;Imagen&#8221; _builder_version=&#8221;4.17.6&#8243; use_border_color=&#8221;off&#8221; border_color=&#8221;#ffffff&#8221; border_style=&#8221;solid&#8221; animation=&#8221;off&#8221; sticky=&#8221;off&#8221; always_center_on_mobile=&#8221;on&#8221; global_colors_info=&#8221;{}&#8221;] [\/et_pb_image][\/et_pb_column][\/et_pb_row][\/et_pb_section]<\/p>\n","protected":false},"excerpt":{"rendered":"<p>Env\u00edo de Comunicaciones Las\u00a0comunicaciones son los trabajos fundamentales a trav\u00e9s de los cuales todos los inscritos en el 14\u00ba CIMO podr\u00e1n presentar sus aportaciones al mismo. Podr\u00e1n ser firmadas por uno o varios autores. Un mismo autor en solitario puede proponer como m\u00e1ximo una comunicaci\u00f3n, aunque s\u00ed puede participar en varias comunicaciones presentadas colectivamente. En [&hellip;]<\/p>\n","protected":false},"author":2,"featured_media":0,"parent":0,"menu_order":0,"comment_status":"closed","ping_status":"closed","template":"","meta":{"_et_pb_use_builder":"on","_et_pb_old_content":"El env\u00edo de trabajos para el X Congreso Internacional de Evaluaci\u00f3n Formativa y Compartida se realizar\u00e1 mediante correo electr\u00f3nico a la direcci\u00f3n ifahe.unileon@gmail.com. Cada autor podr\u00e1 presentar un m\u00e1ximo de dos trabajos como primer autor, que deben ser contribuciones originales e in\u00e9ditas.\r\nLas tem\u00e1ticas prioritarias del congreso son:","_et_gb_content_width":"","footnotes":""},"class_list":["post-110","page","type-page","status-publish","hentry"],"_links":{"self":[{"href":"https:\/\/congresos.unileon.es\/14cimo2025\/wp-json\/wp\/v2\/pages\/110","targetHints":{"allow":["GET"]}}],"collection":[{"href":"https:\/\/congresos.unileon.es\/14cimo2025\/wp-json\/wp\/v2\/pages"}],"about":[{"href":"https:\/\/congresos.unileon.es\/14cimo2025\/wp-json\/wp\/v2\/types\/page"}],"author":[{"embeddable":true,"href":"https:\/\/congresos.unileon.es\/14cimo2025\/wp-json\/wp\/v2\/users\/2"}],"replies":[{"embeddable":true,"href":"https:\/\/congresos.unileon.es\/14cimo2025\/wp-json\/wp\/v2\/comments?post=110"}],"version-history":[{"count":102,"href":"https:\/\/congresos.unileon.es\/14cimo2025\/wp-json\/wp\/v2\/pages\/110\/revisions"}],"predecessor-version":[{"id":1674,"href":"https:\/\/congresos.unileon.es\/14cimo2025\/wp-json\/wp\/v2\/pages\/110\/revisions\/1674"}],"wp:attachment":[{"href":"https:\/\/congresos.unileon.es\/14cimo2025\/wp-json\/wp\/v2\/media?parent=110"}],"curies":[{"name":"wp","href":"https:\/\/api.w.org\/{rel}","templated":true}]}}