{"id":114,"date":"2016-11-07T12:03:47","date_gmt":"2016-11-07T12:03:47","guid":{"rendered":"http:\/\/congresos.unileon.es\/plantilla\/?page_id=114"},"modified":"2025-12-19T09:46:10","modified_gmt":"2025-12-19T09:46:10","slug":"sede","status":"publish","type":"page","link":"https:\/\/congresos.unileon.es\/14cimo2025\/sede\/","title":{"rendered":"Sede y ubicaciones"},"content":{"rendered":"<p>[et_pb_section fb_built=&#8221;1&#8243; admin_label=&#8221;Secci\u00f3n&#8221; _builder_version=&#8221;4.16&#8243; global_colors_info=&#8221;{}&#8221;][et_pb_row admin_label=&#8221;Fila&#8221; _builder_version=&#8221;4.16&#8243; background_size=&#8221;initial&#8221; background_position=&#8221;top_left&#8221; background_repeat=&#8221;repeat&#8221; global_colors_info=&#8221;{}&#8221;][et_pb_column type=&#8221;4_4&#8243; _builder_version=&#8221;4.16&#8243; custom_padding=&#8221;|||&#8221; global_colors_info=&#8221;{}&#8221; custom_padding__hover=&#8221;|||&#8221;][et_pb_post_title meta=&#8221;off&#8221; admin_label=&#8221;T\u00edtulo de publicaci\u00f3n&#8221; module_class=&#8221;entry-title main_title&#8221; _builder_version=&#8221;4.16&#8243; title_all_caps=&#8221;off&#8221; background_color=&#8221;rgba(255,255,255,0)&#8221; parallax=&#8221;on&#8221; parallax_method=&#8221;off&#8221; parallax_effect=&#8221;on&#8221; module_bg_color=&#8221;rgba(255,255,255,0)&#8221; use_border_color=&#8221;off&#8221; border_color=&#8221;#ffffff&#8221; border_style=&#8221;solid&#8221; global_colors_info=&#8221;{}&#8221;][\/et_pb_post_title][\/et_pb_column][\/et_pb_row][et_pb_row column_structure=&#8221;1_2,1_2&#8243; admin_label=&#8221;Fila&#8221; _builder_version=&#8221;4.16&#8243; background_size=&#8221;initial&#8221; background_position=&#8221;top_left&#8221; background_repeat=&#8221;repeat&#8221; global_colors_info=&#8221;{}&#8221;][et_pb_column type=&#8221;1_2&#8243; _builder_version=&#8221;4.16&#8243; custom_padding=&#8221;|||&#8221; global_colors_info=&#8221;{}&#8221; custom_padding__hover=&#8221;|||&#8221;][et_pb_text admin_label=&#8221;Texto&#8221; _builder_version=&#8221;4.16&#8243; background_size=&#8221;initial&#8221; background_position=&#8221;top_left&#8221; background_repeat=&#8221;repeat&#8221; width=&#8221;100%&#8221; use_border_color=&#8221;off&#8221; border_color=&#8221;#ffffff&#8221; border_style=&#8221;solid&#8221; global_colors_info=&#8221;{}&#8221;]<\/p>\n<h1>Le\u00f3n<\/h1>\n<p>La ciudad de Le\u00f3n acogi\u00f3 el <strong>XIV Congreso Internacional de Molinolog\u00eda<\/strong> siendo su sede principal el edificio del <strong>Rectorado de la <\/strong><strong>Universidad de Le\u00f3n<\/strong>, conocido como \u00ab<strong>El Alb\u00e9itar<\/strong>\u00bb, situado en la Av. Facultad de Veterinaria, 25, 24004 Le\u00f3n.<\/p>\n<p>Concretamente, las sesiones centrales del congreso durante los d\u00edas 17 y 18 de octubre de 2025 tuvieron lugar en dicha ubicaci\u00f3n, en la conocida como <strong>Sala Gord\u00f3n Ord\u00e1s<\/strong>, en el mismo complejo del Alb\u00e9itar\/Rectorado situado en la Av. Facultad de Veterinaria, 25, 24004 Le\u00f3n pero con <strong>acceso por c\/ Luis de Sosa<\/strong>.<\/p>\n<p>La jornada inaugural del jueves 16 de octubre se inici\u00f3 en el <strong>entorno del Molino Sidr\u00f3n <\/strong>(paseo de la Era del Moro) donde a las 17:00 horas se inaugur\u00f3 al aire libre la exposici\u00f3n titulada \u00abMolinos de Le\u00f3n\u00bb. A las 18:00 horas tuvo lugar la presentaci\u00f3n oficial del congreso por parte del Comit\u00e9 Honor\u00edfico y la conferencia inaugural en el <strong>Palacio Conde Luna<\/strong> (Plaza Conde Luna, 24003 Le\u00f3n).<\/p>\n<p>La asamblea de socios de ACEM el domingo 19 de octubre por la ma\u00f1ana se realiz\u00f3 en un local de <span>Le\u00f3n, situado en la c\/ Jos\u00e9 Mar\u00eda de Pereda n\u00ba 1<\/span>.\u00a0<\/p>\n<p>[\/et_pb_text][\/et_pb_column][et_pb_column type=&#8221;1_2&#8243; _builder_version=&#8221;4.16&#8243; custom_padding=&#8221;|||&#8221; global_colors_info=&#8221;{}&#8221; custom_padding__hover=&#8221;|||&#8221;][et_pb_text admin_label=&#8221;Texto&#8221; _builder_version=&#8221;4.17.6&#8243; background_size=&#8221;initial&#8221; background_position=&#8221;top_left&#8221; background_repeat=&#8221;repeat&#8221; width=&#8221;100%&#8221; min_height=&#8221;419.8px&#8221; custom_margin=&#8221;5px||5px||true|&#8221; link_option_url=&#8221;src=%22https:\/\/www.google.com\/maps\/d\/embed?mid=1WfeBkCypJZEhILrRjwXwP7P8JwpMmqM&amp;ehbc=2E312F&amp;noprof=1%22 width=%22640%22 height=%22480%22&#8243; link_option_url_new_window=&#8221;on&#8221; use_border_color=&#8221;off&#8221; border_color=&#8221;#ffffff&#8221; border_style=&#8221;solid&#8221; locked=&#8221;off&#8221; global_colors_info=&#8221;{}&#8221;]<\/p>\n<blockquote><\/blockquote>\n<p><a href=\"https:\/\/www.google.com\/maps\/d\/u\/0\/embed?mid=1WfeBkCypJZEhILrRjwXwP7P8JwpMmqM&amp;ehbc=2E312F&amp;noprof=1&amp;ll=42.59770045518067%2C-5.573571900000016&amp;z=16\"><img loading=\"lazy\" decoding=\"async\" src=\"https:\/\/congresos.unileon.es\/14cimo2025\/wp-content\/uploads\/sites\/20\/2025\/03\/mapa.jpg\" width=\"259\" height=\"300\" alt=\"\" class=\"wp-image-1371 alignnone size-full\" style=\"margin-left: auto;margin-right: auto\" \/><\/a><\/p>\n<p style=\"text-align: right\"><span style=\"color: #4f4f4f\"><strong>Ubicaciones del 14\u00ba CIMO en Le\u00f3n<\/strong> (pinche sobre la imagen: desplegar\/ampliar)<\/span><\/p>\n<p style=\"text-align: right\"><span style=\"color: #4f4f4f\"><\/span><\/p>\n<p style=\"text-align: right\"><span style=\"color: #4f4f4f\"><\/span><\/p>\n<p style=\"text-align: right\"><span style=\"color: #4f4f4f\"><\/span><\/p>\n<p style=\"text-align: right\"><span style=\"color: #0c71c3\"><a href=\"https:\/\/congresos.unileon.es\/14cimo2025\/wp-content\/uploads\/sites\/20\/2025\/03\/Plano-de-Leon-2025_compressed.pdf\" rel=\"attachment wp-att-1453\" style=\"color: #0c71c3\">Descarga del Callejero Tur\u00edstico de Le\u00f3n (pdf)<\/a><\/span><\/p>\n<blockquote><\/blockquote>\n<p>[\/et_pb_text][\/et_pb_column][\/et_pb_row][et_pb_row column_structure=&#8221;1_2,1_2&#8243; admin_label=&#8221;Fila&#8221; _builder_version=&#8221;4.16&#8243; background_size=&#8221;initial&#8221; background_position=&#8221;top_left&#8221; background_repeat=&#8221;repeat&#8221; global_colors_info=&#8221;{}&#8221;][et_pb_column type=&#8221;1_2&#8243; _builder_version=&#8221;4.16&#8243; custom_padding=&#8221;|||&#8221; global_colors_info=&#8221;{}&#8221; custom_padding__hover=&#8221;|||&#8221;][et_pb_text admin_label=&#8221;Texto&#8221; _builder_version=&#8221;4.17.6&#8243; background_size=&#8221;initial&#8221; background_position=&#8221;top_left&#8221; background_repeat=&#8221;repeat&#8221; width=&#8221;100%&#8221; use_border_color=&#8221;off&#8221; border_color=&#8221;#ffffff&#8221; border_style=&#8221;solid&#8221; global_colors_info=&#8221;{}&#8221;]<\/p>\n<h1>Viajes en tren<\/h1>\n<p>Le\u00f3n cuenta con estaci\u00f3n ferroviaria, tanto para trenes convencionales como para alta velocidad.<\/p>\n<p>Adem\u00e1s, la estaci\u00f3n est\u00e1 muy cerca de la sede principal del 14\u00ba CIMO.<\/p>\n<p>Si vas a venir en tren, <strong>RENFE ha aprobado un <span style=\"color: #008000\">5% de descuento<\/span><\/strong> en los billetes para los asistentes al 14\u00ba CIMO.<\/p>\n<p><strong>Compra en internet<\/strong>. Para que los asistentes puedan disfrutar del descuento a la hora de comprar sus billetes a trav\u00e9s de<span>\u00a0<\/span><a href=\"http:\/\/www.renfe.com\/\" title=\"blocked::http:\/\/www.renfe.com\" target=\"_blank\" data-saferedirecturl=\"https:\/\/www.google.com\/url?q=http:\/\/www.renfe.com&amp;source=gmail&amp;ust=1758727603653000&amp;usg=AOvVaw3LUYeN7bBjdp0RL7zv_Bae\" rel=\"noopener\"><span>www.renfe.com<\/span><\/a><span>\u00a0<\/span>deben:<\/p>\n<p style=\"padding-left: 40px\">1.- Seleccionar el tren que deseen marcando<span>\u00a0<\/span><b>en cualquiera de las opciones disponibles (B\u00e1sico, Elige, Elige Confort y Pr\u00e9miun).<\/b><\/p>\n<p style=\"padding-left: 40px\">2.- En el desplegable de tarifas <strong>seleccionar la tarifa de Congresos\/Eventos<\/strong>.<\/p>\n<p style=\"padding-left: 40px\">3.- <strong>Introducir el n\u00famero de autorizaci\u00f3n 052507682<\/strong> en la casilla que indica\u00a0n\u00famero de autorizaci\u00f3n (no v\u00e1lido para casilla c\u00f3digo descuento).<\/p>\n<p style=\"padding-left: 40px\">ofrecido por Renfe.<\/p>\n<p style=\"padding-left: 40px\">Para cualquier duda sobre la compra en internet con descuento, <a href=\"https:\/\/www.renfe.com\/es\/es\/viajar\/prepara-tu-viaje\/descuentos\/congresos-y-eventos\/tutorial.html\">Renfe facilita este tutorial (enlace)<\/a>.<\/p>\n<p><strong>Compra en papel<\/strong>. Los asistentes al 14\u00ba CIMO tambi\u00e9n pueden obtener el descuento mediante la presentaci\u00f3n de este <a href=\"https:\/\/congresos.unileon.es\/14cimo2025\/wp-content\/uploads\/sites\/20\/2025\/09\/TES_2025_00768.pdf\">documento impreso<\/a>\u00a0en cualquier punto de venta Renfe (Estaciones con venta presencial y<br \/>Agencias de Viaje): <a href=\"https:\/\/congresos.unileon.es\/14cimo2025\/wp-content\/uploads\/sites\/20\/2025\/09\/TES_2025_00768.pdf\">descargar el documento<\/a>\u00a0<a href=\"https:\/\/congresos.unileon.es\/14cimo2025\/wp-content\/uploads\/sites\/20\/2025\/09\/TES_2025_00768.pdf\" rel=\"attachment wp-att-1579\">TES_2025_00768<\/a>\u00a0<\/p>\n<p>&nbsp;<\/p>\n<h1>Autobuses urbanos de Le\u00f3n<\/h1>\n<p>Enlace a la web de los autobuses urbanos de Le\u00f3n:<\/p>\n<p><span style=\"color: #0000ff\"><a href=\"https:\/\/www.alesa-alsa.com\/\" style=\"color: #0000ff\">https:\/\/www.alesa-alsa.com\/<\/a><\/span><\/p>\n<p>&nbsp;<\/p>\n<h1>Aeropuerto de Le\u00f3n<\/h1>\n<p>Enlace a la web del aeropuerto de Le\u00f3n:<\/p>\n<p><span style=\"color: #0c71c3\"><a href=\"https:\/\/www.aena.es\/es\/leon.html\" style=\"color: #0c71c3\"><span style=\"color: #0000ff\">https:\/\/www.aena.es\/es\/leon.html<\/span><\/a><\/span><\/p>\n<p><span style=\"color: #0c71c3\"><\/span><\/p>\n<p><span style=\"color: #0c71c3\"><\/span><\/p>\n<p><span style=\"color: #0c71c3\"><\/span><\/p>\n<h1>Oficina de turismo<\/h1>\n<p>Enlaces a la web de la oficina de turismo de Le\u00f3n: <a href=\"https:\/\/leon.es\/prepara-tu-viaje\/oficina-de-turismo\/\"><\/a><\/p>\n<p><span style=\"color: #0000ff\"><a href=\"https:\/\/leon.es\/prepara-tu-viaje\/oficina-de-turismo\/\" style=\"color: #0000ff\">https:\/\/leon.es\/prepara-tu-viaje\/oficina-de-turismo\/<\/a><\/span><\/p>\n<p><span style=\"color: #0e29f2\"><a href=\"https:\/\/www.turismocastillayleon.com\/es\/leon\" style=\"color: #0e29f2\">https:\/\/www.turismocastillayleon.com\/es\/leon<\/a><\/span><\/p>\n<p><span style=\"color: #0000ff\"><\/span><\/p>\n<p><span style=\"color: #0000ff\"><\/span><\/p>\n<p>[\/et_pb_text][\/et_pb_column][et_pb_column type=&#8221;1_2&#8243; _builder_version=&#8221;4.16&#8243; custom_padding=&#8221;|||&#8221; global_colors_info=&#8221;{}&#8221; custom_padding__hover=&#8221;|||&#8221;][et_pb_text admin_label=&#8221;Texto&#8221; _builder_version=&#8221;4.17.6&#8243; background_size=&#8221;initial&#8221; background_position=&#8221;top_left&#8221; background_repeat=&#8221;repeat&#8221; width=&#8221;100%&#8221; use_border_color=&#8221;off&#8221; border_color=&#8221;#ffffff&#8221; border_style=&#8221;solid&#8221; global_colors_info=&#8221;{}&#8221;]<\/p>\n<h1>Alojamientos<\/h1>\n<p>Ofertas recibidas para el <strong>14\u00ba CIMO Le\u00f3n 2025<\/strong> (por orden de llegada*):<\/p>\n<blockquote>\n<p><strong><u>Hotel Infantas de Le\u00f3n<\/u> &lt;<a href=\"https:\/\/www.hotelinfantasdeleon.com\/\">https:\/\/www.hotelinfantasdeleon.com\/<\/a>&gt;<\/strong><\/p>\n<p>Ofertas para nuestro congreso, habitaci\u00f3n Dui y Doble: 76\u20ac la noche del 16 de octubre; 84\u20ac la noche del 17 de octubre; 119\u20ac la noche del 18 de octubre (IVA incluido). Desayuno buffet: 12,50\u20ac\/pax (IVA incluido). Reservas a <a href=\"mailto:reservas@hotelinfantasdeleon.com\">reservas@hotelinfantasdeleon.com<\/a><\/p>\n<\/blockquote>\n<blockquote>\n<p><strong><u>Hotel Zentral Le\u00f3n<\/u> &lt;<\/strong><a href=\"http:\/\/www.hotelzentralleon.com\/\"><strong>http:\/\/www.hotelzentralleon.com\/<\/strong><\/a><strong>&gt;<\/strong><\/p>\n<p>Ofertas para nuestro congreso: Tarifas por habitaci\u00f3n y d\u00eda (desayuno buffet incluido): 78\u20ac Habitaci\u00f3n doble de uso individual; 89\u20ac Habitaci\u00f3n doble de uso doble (IVA incluido). Debe indicarse en la reserva estas tarifas especiales para el CIMO por correo <span>a\u00a0<\/span><a href=\"mailto:reservas@hotelzentralleon.com\" target=\"_blank\" rel=\"noopener\">reservas@hotelzentralleon.com<\/a><span style=\"font-size: 14px\">\u00a0<\/span><\/p>\n<\/blockquote>\n<blockquote>\n<p><strong><u>Hotel Silken Luis de Le\u00f3n<\/u> &lt;<\/strong><a href=\"https:\/\/www.hoteles-silken.com\/es\/hotel-luis-de-leon\/\"><strong>https:\/\/www.hoteles-silken.com\/es\/hotel-luis-de-leon\/<\/strong><\/a><strong>&gt;<\/strong><\/p>\n<p>10% descuento especial, incluyendo como C\u00f3digo Promo \u00abCIMO25\u00bb al realizar la reserva a trav\u00e9s de su web (<a href=\"https:\/\/www.hoteles-silken.com\/es\/hotel-luis-de-leon\/\">https:\/\/www.hoteles-silken.com\/es\/hotel-luis-de-leon\/<\/a>)<span style=\"font-size: 14px\">\u00a0<\/span><\/p>\n<\/blockquote>\n<blockquote>\n<p><strong><u>Apartamentos Le\u00f3n<\/u> &lt;<\/strong><a href=\"https:\/\/www.apartamentosleon.eu\/\"><strong>https:\/\/www.apartamentosleon.eu\/<\/strong><\/a><strong>&gt;<\/strong><\/p>\n<p>Oferta para los congresistas sujeta a disponibilidad para los d\u00edas 16,17 y 18 de octubre de: Apartamento de una habitaci\u00f3n (una cama matrimonial o dos camas individuales), con cocina y ba\u00f1o (Alojamiento para 1 o 2 personas): 160\u20ac para estancia m\u00ednima de 2 noches; 210\u20ac para estancia de 3 noches.<\/p>\n<p>Para formalizar la reserva deben ponerse en contacto telef\u00f3nico (+34987208070 y +34629022434) indicando que asistir\u00e1n al Congreso.<strong style=\"font-size: 14px\">\u00a0<\/strong><\/p>\n<\/blockquote>\n<blockquote>\n<p><strong><u>Hotel Inn Boutique Le\u00f3n<\/u> &lt;<\/strong><a href=\"https:\/\/www.guestreservations.com\/inn-boutique-leon\/booking?utm_source=google&amp;utm_medium=cpc&amp;utm_campaign=991006006&amp;gad_source=1&amp;gclid=Cj0KCQjws-S-BhD2ARIsALssG0aCXwDFiG4DF66lK998OGlNEZJFw11rWLP2zHAslvOT1XPhDjej-UgaAvYMEALw_wcB\"><strong>https:\/\/www.guestreservations.com\/inn-boutique-leon\/<\/strong><\/a><strong>&gt;<\/strong><\/p>\n<p>Ofertas para nuestro congreso: 90\u20ac la noche del 16 de octubre; 130\u20ac la noche del 17 de octubre; 150\u20ac la noche del 18 de octubre (I.V.A incluido en r\u00e9gimen de s\u00f3lo alojamiento). Desayunos: tarifa de 10\u20ac I.V.A incluido por persona y servicio. Debe indicarse en la reserva estas tarifas especiales para el CIMO.<span style=\"font-size: 14px\">\u00a0<\/span><\/p>\n<\/blockquote>\n<blockquote>\n<p><strong><u>Hotel My Palace Le\u00f3n<\/u> &lt;<\/strong><a href=\"https:\/\/mypalaceleon.com\/\"><strong>https:\/\/mypalaceleon.com\/<\/strong><\/a><strong>&gt;<\/strong><\/p>\n<p>20% de descuento sobre la tarifa vigente del d\u00eda, siempre y cuando haya disponibilidad; para estas reservas habr\u00e1 que ponerse directamente en contacto en el hotel indicando referencia al evento.<strong style=\"font-size: 14px\">\u00a0<\/strong><\/p>\n<\/blockquote>\n<blockquote>\n<p><strong><u>Hotel Neru<\/u> &lt;<\/strong><a href=\"https:\/\/neruhoteles.es\/\"><strong>https:\/\/neruhoteles.es\/<\/strong><\/a><strong>&gt;<\/strong><\/p>\n<p><span style=\"color: #000000\">15% de descuento con el C\u00f3digo Promocional \u00abCIMO15\u00bben las reservas realizadas a trav\u00e9s de su p\u00e1gina web (<\/span><span style=\"color: #ff0000\"><a href=\"http:\/\/www.neruhoteles.com\" style=\"color: #ff0000\">www.neruhoteles.com<\/a><\/span><span style=\"color: #000000\">)<\/span><\/p>\n<\/blockquote>\n<blockquote>\n<p><strong><u>Hotel La Posada Regia<\/u> &lt;<\/strong><a href=\"https:\/\/www.regialeon.com\/posada-regia\/\"><strong>https:\/\/www.regialeon.com\/posada-regia\/<\/strong><\/a><strong>&gt;<\/strong><\/p>\n<p>Oferta para nuestro congreso, \u00fanicamente para la noche del jueves 16 (resto, tarifas normales): 48,92\u20ac habitaci\u00f3n individual; 65,97\u20ac habitaci\u00f3n doble uso individual; 79,00\u20ac habitaci\u00f3n doble (IVA y desayuno incluidos). Informar del congreso al reservar.<\/p>\n<\/blockquote>\n<p><span style=\"color: #e02b20\"><\/span><\/p>\n<p><span style=\"color: #e02b20\"><span style=\"color: #000000\">*<\/span>Informaci\u00f3n en permanente actualizaci\u00f3n<\/span><\/p>\n<p>[\/et_pb_text][\/et_pb_column][\/et_pb_row][\/et_pb_section][et_pb_section fb_built=&#8221;1&#8243; custom_padding_last_edited=&#8221;on|desktop&#8221; admin_label=&#8221;Secci\u00f3n&#8221; _builder_version=&#8221;4.16&#8243; custom_padding_tablet=&#8221;50px|0|50px|0&#8243; custom_padding_phone=&#8221;50px|0|50px|0&#8243; transparent_background=&#8221;off&#8221; padding_mobile=&#8221;off&#8221; make_fullwidth=&#8221;off&#8221; use_custom_width=&#8221;off&#8221; width_unit=&#8221;on&#8221; global_colors_info=&#8221;{}&#8221;][et_pb_row padding_mobile=&#8221;off&#8221; column_padding_mobile=&#8221;on&#8221; admin_label=&#8221;Fila&#8221; _builder_version=&#8221;4.17.6&#8243; background_size=&#8221;initial&#8221; background_position=&#8221;top_left&#8221; background_repeat=&#8221;repeat&#8221; make_fullwidth=&#8221;off&#8221; use_custom_width=&#8221;off&#8221; width_unit=&#8221;on&#8221; locked=&#8221;off&#8221; global_colors_info=&#8221;{}&#8221;][et_pb_column type=&#8221;4_4&#8243; _builder_version=&#8221;4.16&#8243; custom_padding=&#8221;|||&#8221; global_colors_info=&#8221;{}&#8221; custom_padding__hover=&#8221;|||&#8221;][et_pb_text admin_label=&#8221;Texto&#8221; module_class=&#8221;entry-title main_title&#8221; _builder_version=&#8221;4.17.6&#8243; background_size=&#8221;initial&#8221; background_position=&#8221;top_left&#8221; background_repeat=&#8221;repeat&#8221; use_border_color=&#8221;off&#8221; border_color=&#8221;#ffffff&#8221; border_style=&#8221;solid&#8221; global_colors_info=&#8221;{}&#8221;]<\/p>\n<h1>Organizadores<\/h1>\n<p>[\/et_pb_text][et_pb_image src=&#8221;https:\/\/congresos.unileon.es\/14cimo2025\/wp-content\/uploads\/sites\/20\/2025\/03\/UniACEM.png&#8221; title_text=&#8221;UniACEM&#8221; align_tablet=&#8221;center&#8221; align_phone=&#8221;center&#8221; align_last_edited=&#8221;on|desktop&#8221; admin_label=&#8221;Imagen&#8221; _builder_version=&#8221;4.17.6&#8243; use_border_color=&#8221;off&#8221; border_color=&#8221;#ffffff&#8221; border_style=&#8221;solid&#8221; animation=&#8221;off&#8221; sticky=&#8221;off&#8221; always_center_on_mobile=&#8221;on&#8221; global_colors_info=&#8221;{}&#8221;] [\/et_pb_image][et_pb_text admin_label=&#8221;Texto&#8221; module_class=&#8221;entry-title main_title&#8221; _builder_version=&#8221;4.17.6&#8243; background_size=&#8221;initial&#8221; background_position=&#8221;top_left&#8221; background_repeat=&#8221;repeat&#8221; use_border_color=&#8221;off&#8221; border_color=&#8221;#ffffff&#8221; border_style=&#8221;solid&#8221; global_colors_info=&#8221;{}&#8221;]<\/p>\n<h1>Patrocinador<\/h1>\n<p>[\/et_pb_text][et_pb_image src=&#8221;https:\/\/congresos.unileon.es\/14cimo2025\/wp-content\/uploads\/sites\/20\/2025\/03\/AytoLeon1-1-scaled.jpg&#8221; title_text=&#8221;AytoLeon1 (1)&#8221; align_tablet=&#8221;center&#8221; align_phone=&#8221;center&#8221; align_last_edited=&#8221;on|desktop&#8221; admin_label=&#8221;Imagen&#8221; _builder_version=&#8221;4.17.6&#8243; use_border_color=&#8221;off&#8221; border_color=&#8221;#ffffff&#8221; border_style=&#8221;solid&#8221; animation=&#8221;off&#8221; sticky=&#8221;off&#8221; always_center_on_mobile=&#8221;on&#8221; global_colors_info=&#8221;{}&#8221;] [\/et_pb_image][et_pb_text admin_label=&#8221;Texto&#8221; module_class=&#8221;entry-title main_title&#8221; _builder_version=&#8221;4.17.6&#8243; background_size=&#8221;initial&#8221; background_position=&#8221;top_left&#8221; background_repeat=&#8221;repeat&#8221; use_border_color=&#8221;off&#8221; border_color=&#8221;#ffffff&#8221; border_style=&#8221;solid&#8221; global_colors_info=&#8221;{}&#8221;]<\/p>\n<h1>Colaboradores<\/h1>\n<p>[\/et_pb_text][et_pb_image src=&#8221;https:\/\/congresos.unileon.es\/14cimo2025\/wp-content\/uploads\/sites\/20\/2025\/03\/diptacionILC-1.png&#8221; title_text=&#8221;diptacionILC&#8221; align_tablet=&#8221;center&#8221; align_phone=&#8221;center&#8221; align_last_edited=&#8221;on|desktop&#8221; admin_label=&#8221;Imagen&#8221; _builder_version=&#8221;4.17.6&#8243; use_border_color=&#8221;off&#8221; border_color=&#8221;#ffffff&#8221; border_style=&#8221;solid&#8221; animation=&#8221;off&#8221; sticky=&#8221;off&#8221; always_center_on_mobile=&#8221;on&#8221; global_colors_info=&#8221;{}&#8221;] [\/et_pb_image][et_pb_image src=&#8221;https:\/\/congresos.unileon.es\/14cimo2025\/wp-content\/uploads\/sites\/20\/2025\/03\/FundacionEinstituto.png&#8221; title_text=&#8221;FundacionEinstituto&#8221; align_tablet=&#8221;center&#8221; align_phone=&#8221;center&#8221; align_last_edited=&#8221;on|desktop&#8221; admin_label=&#8221;Imagen&#8221; _builder_version=&#8221;4.17.6&#8243; use_border_color=&#8221;off&#8221; border_color=&#8221;#ffffff&#8221; border_style=&#8221;solid&#8221; animation=&#8221;off&#8221; sticky=&#8221;off&#8221; always_center_on_mobile=&#8221;on&#8221; global_colors_info=&#8221;{}&#8221;] [\/et_pb_image][et_pb_image src=&#8221;https:\/\/congresos.unileon.es\/14cimo2025\/wp-content\/uploads\/sites\/20\/2025\/10\/HISMECONBellasArtes1280x195.jpg&#8221; title_text=&#8221;HISMECONBellasArtes1280x195&#8243; align_tablet=&#8221;center&#8221; align_phone=&#8221;center&#8221; align_last_edited=&#8221;on|desktop&#8221; admin_label=&#8221;Imagen&#8221; _builder_version=&#8221;4.17.6&#8243; use_border_color=&#8221;off&#8221; border_color=&#8221;#ffffff&#8221; border_style=&#8221;solid&#8221; animation=&#8221;off&#8221; sticky=&#8221;off&#8221; always_center_on_mobile=&#8221;on&#8221; global_colors_info=&#8221;{}&#8221;] [\/et_pb_image][\/et_pb_column][\/et_pb_row][\/et_pb_section][et_pb_section fb_built=&#8221;1&#8243; _builder_version=&#8221;4.17.6&#8243; _module_preset=&#8221;default&#8221; global_colors_info=&#8221;{}&#8221;][et_pb_row _builder_version=&#8221;4.17.6&#8243; _module_preset=&#8221;default&#8221; global_colors_info=&#8221;{}&#8221;][et_pb_column type=&#8221;4_4&#8243; _builder_version=&#8221;4.17.6&#8243; _module_preset=&#8221;default&#8221; global_colors_info=&#8221;{}&#8221;][\/et_pb_column][\/et_pb_row][\/et_pb_section]<\/p>\n","protected":false},"excerpt":{"rendered":"<p>Le\u00f3n La ciudad de Le\u00f3n acogi\u00f3 el XIV Congreso Internacional de Molinolog\u00eda siendo su sede principal el edificio del Rectorado de la Universidad de Le\u00f3n, conocido como \u00abEl Alb\u00e9itar\u00bb, situado en la Av. Facultad de Veterinaria, 25, 24004 Le\u00f3n. Concretamente, las sesiones centrales del congreso durante los d\u00edas 17 y 18 de octubre de 2025 [&hellip;]<\/p>\n","protected":false},"author":2,"featured_media":0,"parent":0,"menu_order":0,"comment_status":"closed","ping_status":"closed","template":"","meta":{"_et_pb_use_builder":"on","_et_pb_old_content":"<p>El Congeso se celebar\u00e1 en la Facultad de Ciencias de la Actividad F\u00edsica y del Deporte y en el CAR de Le\u00f3n (a 500 m de la misma). Ambos se encuentran en la zona del Campus de Vegazana.<\/p><p><iframe style=\"border: 0;\" src=\"https:\/\/www.google.com\/maps\/embed?pb=!1m18!1m12!1m3!1d1468.1153046829088!2d-5.560241175725681!3d42.61406495997835!2m3!1f0!2f0!3f0!3m2!1i1024!2i768!4f13.1!3m3!1m2!1s0x0%3A0xcb97561ebe519132!2sFacultad+de+Ciencias+de+la+Actividad+F%C3%ADsica+y+del+Deporte+(FACFD_ULE)!5e0!3m2!1ses!2ses!4v1479728043964\" width=\"800\" height=\"600\" frameborder=\"0\" allowfullscreen=\"allowfullscreen\"><\/iframe><\/p>","_et_gb_content_width":"","footnotes":""},"class_list":["post-114","page","type-page","status-publish","hentry"],"_links":{"self":[{"href":"https:\/\/congresos.unileon.es\/14cimo2025\/wp-json\/wp\/v2\/pages\/114","targetHints":{"allow":["GET"]}}],"collection":[{"href":"https:\/\/congresos.unileon.es\/14cimo2025\/wp-json\/wp\/v2\/pages"}],"about":[{"href":"https:\/\/congresos.unileon.es\/14cimo2025\/wp-json\/wp\/v2\/types\/page"}],"author":[{"embeddable":true,"href":"https:\/\/congresos.unileon.es\/14cimo2025\/wp-json\/wp\/v2\/users\/2"}],"replies":[{"embeddable":true,"href":"https:\/\/congresos.unileon.es\/14cimo2025\/wp-json\/wp\/v2\/comments?post=114"}],"version-history":[{"count":102,"href":"https:\/\/congresos.unileon.es\/14cimo2025\/wp-json\/wp\/v2\/pages\/114\/revisions"}],"predecessor-version":[{"id":1672,"href":"https:\/\/congresos.unileon.es\/14cimo2025\/wp-json\/wp\/v2\/pages\/114\/revisions\/1672"}],"wp:attachment":[{"href":"https:\/\/congresos.unileon.es\/14cimo2025\/wp-json\/wp\/v2\/media?parent=114"}],"curies":[{"name":"wp","href":"https:\/\/api.w.org\/{rel}","templated":true}]}}