{"id":106,"date":"2016-11-07T12:02:53","date_gmt":"2016-11-07T12:02:53","guid":{"rendered":"http:\/\/congresos.unileon.es\/congresobuenaspracticasdocente\/?page_id=106"},"modified":"2025-02-13T21:35:50","modified_gmt":"2025-02-13T21:35:50","slug":"committees","status":"publish","type":"page","link":"https:\/\/congresos.unileon.es\/imacsss2025\/committees\/","title":{"rendered":"Committees"},"content":{"rendered":"<p>[et_pb_section fb_built=&#8221;1&#8243; admin_label=&#8221;section&#8221; _builder_version=&#8221;4.16&#8243; custom_margin=&#8221;||-4px|||&#8221; custom_padding=&#8221;42px||0px|||&#8221; global_colors_info=&#8221;{}&#8221;][et_pb_row admin_label=&#8221;Fila&#8221; _builder_version=&#8221;4.16&#8243; background_size=&#8221;initial&#8221; background_position=&#8221;top_left&#8221; background_repeat=&#8221;repeat&#8221; custom_margin=&#8221;-36px|auto||auto||&#8221; custom_padding=&#8221;||0px|||&#8221; global_colors_info=&#8221;{}&#8221;][et_pb_column type=&#8221;4_4&#8243; _builder_version=&#8221;4.16&#8243; custom_padding=&#8221;|||&#8221; global_colors_info=&#8221;{}&#8221; custom_padding__hover=&#8221;|||&#8221;][et_pb_text admin_label=&#8221;Texto&#8221; module_id=&#8221;colaboradores&#8221; module_class=&#8221;entry-title main_title&#8221; _builder_version=&#8221;4.17.6&#8243; background_size=&#8221;initial&#8221; background_position=&#8221;top_left&#8221; background_repeat=&#8221;repeat&#8221; min_height=&#8221;39px&#8221; custom_margin=&#8221;||11px|||&#8221; use_border_color=&#8221;off&#8221; border_color=&#8221;#ffffff&#8221; border_style=&#8221;solid&#8221; locked=&#8221;off&#8221; global_colors_info=&#8221;{}&#8221;]<\/p>\n<h1><span style=\"color: #00af66;font-size: 30px\">Committees<\/span><\/h1>\n<p>[\/et_pb_text][\/et_pb_column][\/et_pb_row][et_pb_row admin_label=&#8221;Fila&#8221; _builder_version=&#8221;4.17.6&#8243; background_size=&#8221;initial&#8221; background_position=&#8221;top_left&#8221; background_repeat=&#8221;repeat&#8221; custom_padding=&#8221;4px|||||&#8221; global_colors_info=&#8221;{}&#8221;][et_pb_column type=&#8221;4_4&#8243; _builder_version=&#8221;4.16&#8243; custom_padding=&#8221;|||&#8221; global_colors_info=&#8221;{}&#8221; custom_padding__hover=&#8221;|||&#8221;][et_pb_text admin_label=&#8221;Texto&#8221; _builder_version=&#8221;4.17.6&#8243; background_size=&#8221;initial&#8221; background_position=&#8221;top_left&#8221; background_repeat=&#8221;repeat&#8221; custom_margin=&#8221;||0px||false|false&#8221; custom_padding=&#8221;||0px|||&#8221; use_border_color=&#8221;off&#8221; border_color=&#8221;#ffffff&#8221; border_style=&#8221;solid&#8221; global_colors_info=&#8221;{}&#8221;]<\/p>\n<h3>Organizing\u00a0Committee<\/h3>\n<h5>Heads<\/h5>\n<ul>\n<li>Carlos Guti\u00e9rrez Garc\u00eda (Universidad de Le\u00f3n)<\/li>\n<li>Mar\u00eda Perrino Pe\u00f1a (Universidad de Le\u00f3n)<\/li>\n<li>Luis Santos Rodr\u00edguez (Universidad de Oviedo)<\/li>\n<\/ul>\n<h5>Members<\/h5>\n<ul>\n<li>Wojciech Jan Cynarski (President of IMACSSS)<\/li>\n<li>Ra\u00fal Alberto Barba Mart\u00edn (Universidad de Le\u00f3n)<\/li>\n<li>Vicente Garc\u00eda Tormo (Universidad de Le\u00f3n)<\/li>\n<li>Marina Gil Calvo (Universidad de Le\u00f3n)<\/li>\n<li>Mar\u00eda Teresa G\u00f3mez Alonso (Universidad de Le\u00f3n)<\/li>\n<li>Alba Herrero Molleda (Universidad de Le\u00f3n)<\/li>\n<li>\u00c1ngel P\u00e9rez Pueyo (Universidad de Le\u00f3n)<\/li>\n<li>Jos\u00e9 Antonio Robles Tasc\u00f3n (Universidad de Le\u00f3n)<\/li>\n<\/ul>\n<ul><\/ul>\n<p>[\/et_pb_text][et_pb_text admin_label=&#8221;Texto&#8221; _builder_version=&#8221;4.17.6&#8243; background_size=&#8221;initial&#8221; background_position=&#8221;top_left&#8221; background_repeat=&#8221;repeat&#8221; custom_margin=&#8221;||0px||false|false&#8221; custom_padding=&#8221;||0px|||&#8221; use_border_color=&#8221;off&#8221; border_color=&#8221;#ffffff&#8221; border_style=&#8221;solid&#8221; global_colors_info=&#8221;{}&#8221;]<\/p>\n<h3>Honour Committee<\/h3>\n<ul>\n<li>Rector of the Universidad de Le\u00f3n &#8211; Nuria Gonz\u00e1lez \u00c1lvarez<\/li>\n<li>Vice-Rector for Inclusion, Equality and Social Projection &#8211; Raquel Dom\u00ednguez Fern\u00e1ndez<\/li>\n<li>Vice-Rector for Students, Culture and Sport &#8211; Diego Soto Garc\u00eda<\/li>\n<li><span style=\"font-size: 14px\">Dean of the Faculty of Physical Activity and Sport Sciences &#8211; <\/span><span style=\"font-size: 14px\">Juan Carlos Morante R\u00e1bago<\/span><\/li>\n<\/ul>\n<ul><\/ul>\n<p>[\/et_pb_text][et_pb_text admin_label=&#8221;Texto&#8221; _builder_version=&#8221;4.17.6&#8243; background_size=&#8221;initial&#8221; background_position=&#8221;top_left&#8221; background_repeat=&#8221;repeat&#8221; custom_margin=&#8221;||0px||false|false&#8221; custom_padding=&#8221;||0px|||&#8221; use_border_color=&#8221;off&#8221; border_color=&#8221;#ffffff&#8221; border_style=&#8221;solid&#8221; global_colors_info=&#8221;{}&#8221;]<\/p>\n<h3>Scientific Committee<\/h3>\n<h5><span style=\"font-size: 16px\">Coordination<\/span><\/h5>\n<ul>\n<li>Raquel Escobar Molina, Universidad de Granada, Spain<\/li>\n<\/ul>\n<h5>\u00a0<span style=\"font-size: 16px\">Members<\/span><\/h5>\n<ul>\n<li>V\u00edctor Lorenzo Alonso Delgado, Universidad de Las Palmas de Gran Canaria, Spain<\/li>\n<li>Jos\u00e9 Luis \u00c1lvarez S\u00e1nchez, Universidad de Le\u00f3n, Spain<\/li>\n<li>Alexandro Andrade, Universidade do Estado de Santa Catarina, Brazil<\/li>\n<li>Cristiano Roque Antunes Barreira, Universidade de S\u00e3o Paulo, Brazil<\/li>\n<li>Tony Blomqvist Mickelsson, S\u00f6dert\u00f6rn University, Sweden<\/li>\n<li>Ciro Brito, Federal University of Juiz de Fora, Brazil<\/li>\n<li>David Brown, Cardiff Metropolitan University, United Kingdom<\/li>\n<li><span>Michel Calmet, Aix-Marseille Universit\u00e9, France<\/span><\/li>\n<li>Eduardo Carballeira Fern\u00e1ndez, Universidad de La Laguna, Spain.<\/li>\n<li>Bayram Ceylan, Kastamonu University, Turkey<\/li>\n<li>Alex Channon, University of Brighton, United Kingdom<\/li>\n<li>Xurxo Dopico Calvo, Universidad de A Coru\u00f1a, Spain<\/li>\n<li><span>Isaac Estevan, Universitat de Val\u00e8ncia, Spain<\/span><\/li>\n<li><span>Carla \u00c1ngela Ferreiro Lera, Universidad de Le\u00f3n, Spain<\/span><\/li>\n<li>Abel Figueiredo, Polytechnic Institute of Viseu, Portugal<\/li>\n<li>Emerson Franchini, Universidade de S\u00e3o Paulo, Brazil<\/li>\n<li>Diego Freile de la Varga, Universidad de Le\u00f3n, Spain<\/li>\n<li>Fabio Garc\u00eda-Heras Hern\u00e1ndez, Universidad de Le\u00f3n, Spain<\/li>\n<li>Thomas A. Green, Texas A&amp;M University, United States<\/li>\n<li>Jorge Guti\u00e9rrez Arroyo, Universidad de Le\u00f3n, Spain<\/li>\n<li>Tom\u00e1s Herrera-Valenzuela, University of Santiago, Chile<\/li>\n<li>David Hortig\u00fcela Alcal\u00e1, Universidad de Burgos, Spain<\/li>\n<li>Eliseo Iglesias Soler, Universidad de A Coru\u00f1a, Spain<\/li>\n<li>George Jennings, Cardiff Metropolitan University, United Kingdom<\/li>\n<li>John Arthur Johnson, National Coalition of Independent Scholars, United States<\/li>\n<li><span>Christopher Kirk, Sheffield Hallam University, United Kingdom<\/span><\/li>\n<li>Rafael Kons, Universidade Federal da Bahia, Brazil<\/li>\n<li><span>Jos\u00e9 Luis L\u00f3pez Elvira, Universidad Miguel Hern\u00e1ndez de Elche, Spain<\/span><\/li>\n<li>Roberto Miranda Ull\u00e1n, Universidad de Le\u00f3n, Spain<\/li>\n<li>Carlos Montero Carretero, Universidad Miguel Hern\u00e1ndez de Elche, Spain<\/li>\n<li>Jos\u00e9 Morales Aznar, Universidad Ram\u00f3n Llull, Spain<\/li>\n<li>Mikel P\u00e9rez Guti\u00e9rrez, Universidad de Cantabria, Spain<\/li>\n<li>Sergio Raimondo, Universit\u00e0 di Cassino e del Lazio Meridionale, Italy<\/li>\n<li>Zdenko Reguli, Masaryk University, Czech Republic<\/li>\n<li>Jitka Reguli \u010cihounkov\u00e1, Masaryk University, Czech Republic<\/li>\n<li>Augusto Rembrandt Rodriguez Sanchez, Universidad de Sevilla, Spain<\/li>\n<li>Juan Rodr\u00edguez Medina, Universidad de Le\u00f3n, Spain<\/li>\n<li>Cristina Rodr\u00edguez Rodr\u00edguez, Universidad de Le\u00f3n, Spain<\/li>\n<li>Vitor Rosa, Universidade Lus\u00f3fona de Humanidades e Tecnologias, Portugal<\/li>\n<li>Roberto Ruiz Barqu\u00edn, Universidad Aut\u00f3noma de Madrid, Spain<\/li>\n<li>Ra\u00fal S\u00e1nchez Garc\u00eda, Universidad Polit\u00e9cnica de Madrid, Spain<\/li>\n<li>Mohamad Nizam Mohamed Shapie, Universiti Teknologi MARA (UiTM), Malaysia<\/li>\n<li>Jozef Simenko, University of Ljubljana, Slovenia<\/li>\n<li>Joseph R Svinth, Independent Scholar, United States<\/li>\n<li>Monica Yuri Takito, Universidade de S\u00e3o Paulo, Brazil<\/li>\n<li>Marc Theeboom, Vrije Universiteit Brussel, Belgium<\/li>\n<li>Pablo Vald\u00e9s-Badilla, Universidad Cat\u00f3lica del Maule, Chile<\/li>\n<li>Ant\u00f3nio M. VencesBrito, Polytechnic Institute of Santar\u00e9m, Portugal<\/li>\n<li>Michal Vit, Masaryk University, Czech Republic<\/li>\n<li>Aihong Zhang, Beijing Sport University, China<\/li>\n<li>Guo-dong Zhang, Southwest University, China<\/li>\n<\/ul>\n<p>[\/et_pb_text][et_pb_text admin_label=&#8221;Texto&#8221; _builder_version=&#8221;4.17.6&#8243; background_size=&#8221;initial&#8221; background_position=&#8221;top_left&#8221; background_repeat=&#8221;repeat&#8221; custom_margin=&#8221;||0px||false|false&#8221; custom_padding=&#8221;||0px|||&#8221; use_border_color=&#8221;off&#8221; border_color=&#8221;#ffffff&#8221; border_style=&#8221;solid&#8221; global_colors_info=&#8221;{}&#8221;]<\/p>\n<h3>Organising Institutions<\/h3>\n<ul>\n<li>International Martial Arts and Combat Sports Scientific Society (IMACSSS)<\/li>\n<li>Universidad de Le\u00f3n<\/li>\n<li>Faculty of Physical Activity ans Sport Sciences of the Universidad de Le\u00f3n<\/li>\n<li>Department of Physical and Sport Education\u00a0of the Universidad de Le\u00f3n<\/li>\n<li>Research Group &#8220;Documentary Studies in Physical Activity and Education Sciences&#8221; (DOCUCAFE)<\/li>\n<\/ul>\n<p>[\/et_pb_text][\/et_pb_column][\/et_pb_row][\/et_pb_section][et_pb_section fb_built=&#8221;1&#8243; _builder_version=&#8221;4.16&#8243; min_height=&#8221;222.1px&#8221; custom_margin=&#8221;44px|||||&#8221; custom_padding=&#8221;0px||0px|0px||&#8221; locked=&#8221;off&#8221; global_colors_info=&#8221;{}&#8221;][et_pb_row _builder_version=&#8221;4.16&#8243; background_size=&#8221;initial&#8221; background_position=&#8221;top_left&#8221; background_repeat=&#8221;repeat&#8221; min_height=&#8221;71px&#8221; global_colors_info=&#8221;{}&#8221;][et_pb_column type=&#8221;4_4&#8243; _builder_version=&#8221;4.16&#8243; custom_padding=&#8221;|||&#8221; global_colors_info=&#8221;{}&#8221; custom_padding__hover=&#8221;|||&#8221;][et_pb_text module_id=&#8221;colaboradores&#8221; module_class=&#8221;entry-title main_title&#8221; _builder_version=&#8221;4.17.6&#8243; background_size=&#8221;initial&#8221; background_position=&#8221;top_left&#8221; background_repeat=&#8221;repeat&#8221; vertical_offset_tablet=&#8221;0&#8243; horizontal_offset_tablet=&#8221;0&#8243; custom_margin=&#8221;||-39px|||&#8221; custom_padding=&#8221;0px|||||&#8221; z_index_tablet=&#8221;0&#8243; custom_css_main_element=&#8221;color: #da251c !important;&#8221; text_text_shadow_horizontal_length_tablet=&#8221;0px&#8221; text_text_shadow_vertical_length_tablet=&#8221;0px&#8221; text_text_shadow_blur_strength_tablet=&#8221;1px&#8221; link_text_shadow_horizontal_length_tablet=&#8221;0px&#8221; link_text_shadow_vertical_length_tablet=&#8221;0px&#8221; link_text_shadow_blur_strength_tablet=&#8221;1px&#8221; ul_text_shadow_horizontal_length_tablet=&#8221;0px&#8221; ul_text_shadow_vertical_length_tablet=&#8221;0px&#8221; ul_text_shadow_blur_strength_tablet=&#8221;1px&#8221; ol_text_shadow_horizontal_length_tablet=&#8221;0px&#8221; ol_text_shadow_vertical_length_tablet=&#8221;0px&#8221; ol_text_shadow_blur_strength_tablet=&#8221;1px&#8221; quote_text_shadow_horizontal_length_tablet=&#8221;0px&#8221; quote_text_shadow_vertical_length_tablet=&#8221;0px&#8221; quote_text_shadow_blur_strength_tablet=&#8221;1px&#8221; header_text_shadow_horizontal_length_tablet=&#8221;0px&#8221; header_text_shadow_vertical_length_tablet=&#8221;0px&#8221; header_text_shadow_blur_strength_tablet=&#8221;1px&#8221; header_2_text_shadow_horizontal_length_tablet=&#8221;0px&#8221; header_2_text_shadow_vertical_length_tablet=&#8221;0px&#8221; header_2_text_shadow_blur_strength_tablet=&#8221;1px&#8221; header_3_text_shadow_horizontal_length_tablet=&#8221;0px&#8221; header_3_text_shadow_vertical_length_tablet=&#8221;0px&#8221; header_3_text_shadow_blur_strength_tablet=&#8221;1px&#8221; header_4_text_shadow_horizontal_length_tablet=&#8221;0px&#8221; header_4_text_shadow_vertical_length_tablet=&#8221;0px&#8221; header_4_text_shadow_blur_strength_tablet=&#8221;1px&#8221; header_5_text_shadow_horizontal_length_tablet=&#8221;0px&#8221; header_5_text_shadow_vertical_length_tablet=&#8221;0px&#8221; header_5_text_shadow_blur_strength_tablet=&#8221;1px&#8221; header_6_text_shadow_horizontal_length_tablet=&#8221;0px&#8221; header_6_text_shadow_vertical_length_tablet=&#8221;0px&#8221; header_6_text_shadow_blur_strength_tablet=&#8221;1px&#8221; box_shadow_horizontal_tablet=&#8221;0px&#8221; box_shadow_vertical_tablet=&#8221;0px&#8221; box_shadow_blur_tablet=&#8221;40px&#8221; box_shadow_spread_tablet=&#8221;0px&#8221; use_border_color=&#8221;off&#8221; border_color=&#8221;#ffffff&#8221; border_style=&#8221;solid&#8221; global_colors_info=&#8221;{}&#8221;]<\/p>\n<h1><span style=\"color: #00af66\">Patronage<\/span><\/h1>\n<p>[\/et_pb_text][\/et_pb_column][\/et_pb_row][et_pb_row column_structure=&#8221;1_4,1_4,1_4,1_4&#8243; padding_mobile=&#8221;off&#8221; column_padding_mobile=&#8221;on&#8221; _builder_version=&#8221;4.17.6&#8243; background_size=&#8221;initial&#8221; background_position=&#8221;top_left&#8221; background_repeat=&#8221;repeat&#8221; custom_padding=&#8221;0px|||||&#8221; make_fullwidth=&#8221;off&#8221; use_custom_width=&#8221;off&#8221; width_unit=&#8221;on&#8221; global_colors_info=&#8221;{}&#8221;][et_pb_column type=&#8221;1_4&#8243; _builder_version=&#8221;4.16&#8243; custom_padding=&#8221;|||&#8221; global_colors_info=&#8221;{}&#8221; custom_padding__hover=&#8221;|||&#8221;][et_pb_image src=&#8221;https:\/\/congresos.unileon.es\/imacsss2025\/wp-content\/uploads\/sites\/18\/2024\/02\/Unileon.png&#8221; title_text=&#8221;Unileon&#8221; url=&#8221;https:\/\/www.unileon.es\/&#8221; url_new_window=&#8221;on&#8221; align_tablet=&#8221;center&#8221; align_phone=&#8221;&#8221; align_last_edited=&#8221;on|desktop&#8221; _builder_version=&#8221;4.17.6&#8243; use_border_color=&#8221;off&#8221; border_color=&#8221;#ffffff&#8221; border_style=&#8221;solid&#8221; animation=&#8221;off&#8221; sticky=&#8221;off&#8221; always_center_on_mobile=&#8221;on&#8221; global_colors_info=&#8221;{}&#8221;][\/et_pb_image][\/et_pb_column][et_pb_column type=&#8221;1_4&#8243; _builder_version=&#8221;4.16&#8243; custom_padding=&#8221;|||&#8221; global_colors_info=&#8221;{}&#8221; custom_padding__hover=&#8221;|||&#8221;][et_pb_image src=&#8221;https:\/\/congresos.unileon.es\/imacsss2025\/wp-content\/uploads\/sites\/18\/2024\/02\/fcafd.png&#8221; title_text=&#8221;fcafd&#8221; url=&#8221;https:\/\/www.fcafd.com\/&#8221; url_new_window=&#8221;on&#8221; align_tablet=&#8221;center&#8221; align_phone=&#8221;&#8221; align_last_edited=&#8221;on|desktop&#8221; _builder_version=&#8221;4.17.6&#8243; use_border_color=&#8221;off&#8221; border_color=&#8221;#ffffff&#8221; border_style=&#8221;solid&#8221; animation=&#8221;off&#8221; sticky=&#8221;off&#8221; always_center_on_mobile=&#8221;on&#8221; global_colors_info=&#8221;{}&#8221;][\/et_pb_image][\/et_pb_column][et_pb_column type=&#8221;1_4&#8243; _builder_version=&#8221;4.16&#8243; custom_padding=&#8221;|||&#8221; global_colors_info=&#8221;{}&#8221; custom_padding__hover=&#8221;|||&#8221;][et_pb_image src=&#8221;https:\/\/congresos.unileon.es\/imacsss2025\/wp-content\/uploads\/sites\/18\/2024\/12\/Logo-IMACSSS.png&#8221; title_text=&#8221;Logo IMACSSS&#8221; url=&#8221;https:\/\/imacsss.com\/&#8221; url_new_window=&#8221;on&#8221; align=&#8221;center&#8221; align_tablet=&#8221;center&#8221; align_phone=&#8221;&#8221; align_last_edited=&#8221;on|desktop&#8221; _builder_version=&#8221;4.17.6&#8243; height=&#8221;100px&#8221; use_border_color=&#8221;off&#8221; border_color=&#8221;#ffffff&#8221; border_style=&#8221;solid&#8221; animation=&#8221;off&#8221; sticky=&#8221;off&#8221; always_center_on_mobile=&#8221;on&#8221; global_colors_info=&#8221;{}&#8221;][\/et_pb_image][\/et_pb_column][et_pb_column type=&#8221;1_4&#8243; _builder_version=&#8221;4.16&#8243; custom_padding=&#8221;|||&#8221; global_colors_info=&#8221;{}&#8221; custom_padding__hover=&#8221;|||&#8221;][et_pb_image src=&#8221;https:\/\/congresos.unileon.es\/imacsss2025\/wp-content\/uploads\/sites\/18\/2025\/02\/ICM-Logo.jpeg&#8221; title_text=&#8221;ICM Logo&#8221; _builder_version=&#8221;4.17.6&#8243; _module_preset=&#8221;default&#8221; global_colors_info=&#8221;{}&#8221;][\/et_pb_image][\/et_pb_column][\/et_pb_row][et_pb_row column_structure=&#8221;1_4,1_4,1_4,1_4&#8243; padding_mobile=&#8221;off&#8221; column_padding_mobile=&#8221;on&#8221; _builder_version=&#8221;4.17.6&#8243; background_size=&#8221;initial&#8221; background_position=&#8221;top_left&#8221; background_repeat=&#8221;repeat&#8221; custom_padding=&#8221;0px|||||&#8221; make_fullwidth=&#8221;off&#8221; use_custom_width=&#8221;off&#8221; width_unit=&#8221;on&#8221; global_colors_info=&#8221;{}&#8221;][et_pb_column type=&#8221;1_4&#8243; _builder_version=&#8221;4.16&#8243; custom_padding=&#8221;|||&#8221; global_colors_info=&#8221;{}&#8221; custom_padding__hover=&#8221;|||&#8221;][et_pb_image src=&#8221;https:\/\/congresos.unileon.es\/imacsss2025\/wp-content\/uploads\/sites\/18\/2025\/01\/CatedraUniversitariaEmilioRiveroLuchaCanaria.jpg&#8221; title_text=&#8221;C\u00e1tedraUniversitariaEmilioRiveroLuchaCanaria&#8221; _builder_version=&#8221;4.17.6&#8243; _module_preset=&#8221;default&#8221; global_colors_info=&#8221;{}&#8221;][\/et_pb_image][\/et_pb_column][et_pb_column type=&#8221;1_4&#8243; _builder_version=&#8221;4.16&#8243; custom_padding=&#8221;|||&#8221; global_colors_info=&#8221;{}&#8221; custom_padding__hover=&#8221;|||&#8221;][\/et_pb_column][et_pb_column type=&#8221;1_4&#8243; _builder_version=&#8221;4.16&#8243; custom_padding=&#8221;|||&#8221; global_colors_info=&#8221;{}&#8221; custom_padding__hover=&#8221;|||&#8221;][\/et_pb_column][et_pb_column type=&#8221;1_4&#8243; _builder_version=&#8221;4.16&#8243; custom_padding=&#8221;|||&#8221; global_colors_info=&#8221;{}&#8221; custom_padding__hover=&#8221;|||&#8221;][\/et_pb_column][\/et_pb_row][\/et_pb_section]<\/p>\n","protected":false},"excerpt":{"rendered":"<p>Committees Organizing\u00a0Committee Heads Carlos Guti\u00e9rrez Garc\u00eda (Universidad de Le\u00f3n) Mar\u00eda Perrino Pe\u00f1a (Universidad de Le\u00f3n) Luis Santos Rodr\u00edguez (Universidad de Oviedo) Members Wojciech Jan Cynarski (President of IMACSSS) Ra\u00fal Alberto Barba Mart\u00edn (Universidad de Le\u00f3n) Vicente Garc\u00eda Tormo (Universidad de Le\u00f3n) Marina Gil Calvo (Universidad de Le\u00f3n) Mar\u00eda Teresa G\u00f3mez Alonso (Universidad de Le\u00f3n) Alba [&hellip;]<\/p>\n","protected":false},"author":2,"featured_media":0,"parent":0,"menu_order":0,"comment_status":"closed","ping_status":"closed","template":"","meta":{"_et_pb_use_builder":"on","_et_pb_old_content":"<strong>Organizadores<\/strong>\r\n<ul>\r\n \t<li>Grupo de Innovaci\u00f3n Docente IFAHE - Innovation through Formative Assessment in Higher Education de la Universidad de Le\u00f3n<\/li>\r\n \t<li>Universidad de Le\u00f3n<\/li>\r\n \t<li>Red de Evaluaci\u00f3n Formativa y Compartida en Educaci\u00f3n Superior (REFYCES)<\/li>\r\n<\/ul>\r\n<strong>\u00a0<\/strong>\r\n\r\n<strong>Comit\u00e9 Organizador<\/strong>\r\n<ul>\r\n \t<li>\u00c1ngel P\u00e9rez Pueyo (Dpto de Educaci\u00f3n F\u00edsica y Deportiva, Universidad de Le\u00f3n) - Presidente<\/li>\r\n \t<li>\u00c1ngeles Diez Fern\u00e1ndez (Dpto de Filolog\u00eda Moderna, Universidad de Le\u00f3n)<\/li>\r\n \t<li>Carlos Guti\u00e9rrez Garc\u00eda (Dpto de Educaci\u00f3n F\u00edsica y Deportiva, Universidad de Le\u00f3n)<\/li>\r\n \t<li>David Hortig\u00fcela Alcal\u00e1 (Dpto de Did\u00e1cticas Espec\u00edficas, Universidad de Burgos)<\/li>\r\n \t<li>Inmaculada Gonz\u00e1lez Alonso (Dpto de Ingenier\u00edas El\u00e9ctrica y de Sistemas y Autom\u00e1tica, Universidad de Le\u00f3n)<\/li>\r\n \t<li>M\u00aa. Dolores Alonso-Cort\u00e9s Fradejas (Dpto de Filolog\u00eda Hisp\u00e1nica y Cl\u00e1sica, Universidad de Le\u00f3n)<\/li>\r\n \t<li>Marta Eva Garc\u00eda Gonz\u00e1lez (Dpto. Biodiversidad y Gesti\u00f3n Ambiental, Universidad de Le\u00f3n)<\/li>\r\n \t<li>Raquel Dom\u00ednguez Fern\u00e1ndez (Dpto de Geograf\u00eda y Geolog\u00eda, Universidad de Le\u00f3n)<\/li>\r\n \t<li>Roberto Fern\u00e1ndez Fern\u00e1ndez (Dpto de Derecho Privado y de la Empresa, Universidad de Le\u00f3n)<\/li>\r\n \t<li>V\u00edctor Manuel L\u00f3pez Pastor (Departamentode Did\u00e1ctica de la Expresi\u00f3n Musical, Pl\u00e1stica y Corporal, Universidad de Valladolid)<\/li>\r\n<\/ul>\r\n\u00a0\r\n\r\n<strong>Comit\u00e9 de Honor<\/strong>\r\n<ul>\r\n \t<li>Rector Magn\u00edfico de la Universidad de Le\u00f3n<\/li>\r\n<\/ul>\r\n<ol>\r\n \t<li>Juan Francisco Garc\u00eda Mar\u00edn<\/li>\r\n<\/ol>\r\n<ul>\r\n \t<li>Decano de la Facultad de Educaci\u00f3n de la Universidad de Le\u00f3n<\/li>\r\n<\/ul>\r\n<ol>\r\n \t<li>Jos\u00e9\u00a0M\u00aa\u00a0Santamarta\u00a0Luengos<\/li>\r\n<\/ol>\r\n\u00a0\r\n\r\n<strong>Comit\u00e9 Cient\u00edfico<\/strong>\r\n<ul>\r\n \t<li>Alberto Modeno Do\u00f1a (Universidad de Valpara\u00edso, Chile)<\/li>\r\n \t<li>Alejandra Hernando Garijo (Universidad de Burgos)<\/li>\r\n \t<li>\u00c1ngel P\u00e9rez Pueyo (Universidad de Le\u00f3n, Espa\u00f1a)<\/li>\r\n \t<li>\u00c1ngeles Diez Fern\u00e1ndez (Universidad de Le\u00f3n, Espa\u00f1a)<\/li>\r\n \t<li>Antonio Fraile Aranda (Universidad de Valladolid)<\/li>\r\n \t<li>Carlos Guti\u00e9rrez Garc\u00eda (Universidad de Le\u00f3n, Espa\u00f1a)<\/li>\r\n \t<li>Cristina Vall\u00e9s Rapp (Universidad de Valladolid)<\/li>\r\n \t<li>David Hortig\u00fcela Alcal\u00e1 (Universidad de Burgos, Espa\u00f1a)<\/li>\r\n \t<li>Fco. Javier Castej\u00f3n Oliva (Universidad Aut\u00f3noma de Madrid)<\/li>\r\n \t<li>Inmaculada Gonz\u00e1lez Alonso (Universidad de Le\u00f3n, Espa\u00f1a)<\/li>\r\n \t<li>Irina Salcines Talledo (Universidad de Cantabria)<\/li>\r\n \t<li>Lurdes Mart\u00ednez M\u00ednguez (Universidad Aut\u00f3noma de Barcelona)<\/li>\r\n \t<li>Marta Eva Garc\u00eda Gonz\u00e1lez (Universidad de Le\u00f3n, Espa\u00f1a)<\/li>\r\n \t<li>M\u00aa Antonia L\u00f3pez Luengo (Universidad de Valladolid)<\/li>\r\n \t<li>M\u00aa. Dolores Alonso-Cort\u00e9s Fradejas (Universidad de Le\u00f3n, Espa\u00f1a)<\/li>\r\n \t<li>Natalia Gonz\u00e1lez Fern\u00e1ndez (Universidad de Cantabria)<\/li>\r\n \t<li>Patricia Pintor D\u00edaz (Universidad de La Laguna)<\/li>\r\n \t<li>Raquel Dom\u00ednguez Fern\u00e1ndez (Universidad de Le\u00f3n, Espa\u00f1a)<\/li>\r\n \t<li>Roberto Fern\u00e1ndez Fern\u00e1ndez (Universidad de Le\u00f3n, Espa\u00f1a)<\/li>\r\n \t<li>V\u00edctor Abella Garc\u00eda (Universidad de Burgos)<\/li>\r\n<\/ul>\r\n\u00a0\r\n\r\n<strong>Patrocinio Editorial<\/strong>\r\n<ul>\r\n \t<li>Revista \u201cInfancia, Educaci\u00f3n y Aprendizaje\u201d (<a href=\"https:\/\/revistainfanciaeducacionyaprendizaje.com\/\">IEYA<\/a>)<\/li>\r\n<\/ul>","_et_gb_content_width":"","footnotes":""},"class_list":["post-106","page","type-page","status-publish","hentry"],"_links":{"self":[{"href":"https:\/\/congresos.unileon.es\/imacsss2025\/wp-json\/wp\/v2\/pages\/106","targetHints":{"allow":["GET"]}}],"collection":[{"href":"https:\/\/congresos.unileon.es\/imacsss2025\/wp-json\/wp\/v2\/pages"}],"about":[{"href":"https:\/\/congresos.unileon.es\/imacsss2025\/wp-json\/wp\/v2\/types\/page"}],"author":[{"embeddable":true,"href":"https:\/\/congresos.unileon.es\/imacsss2025\/wp-json\/wp\/v2\/users\/2"}],"replies":[{"embeddable":true,"href":"https:\/\/congresos.unileon.es\/imacsss2025\/wp-json\/wp\/v2\/comments?post=106"}],"version-history":[{"count":140,"href":"https:\/\/congresos.unileon.es\/imacsss2025\/wp-json\/wp\/v2\/pages\/106\/revisions"}],"predecessor-version":[{"id":1709,"href":"https:\/\/congresos.unileon.es\/imacsss2025\/wp-json\/wp\/v2\/pages\/106\/revisions\/1709"}],"wp:attachment":[{"href":"https:\/\/congresos.unileon.es\/imacsss2025\/wp-json\/wp\/v2\/media?parent=106"}],"curies":[{"name":"wp","href":"https:\/\/api.w.org\/{rel}","templated":true}]}}