{"id":110,"date":"2016-11-07T12:03:17","date_gmt":"2016-11-07T12:03:17","guid":{"rendered":"http:\/\/congresos.unileon.es\/congresobuenaspracticasdocente\/?page_id=110"},"modified":"2025-02-05T18:36:48","modified_gmt":"2025-02-05T18:36:48","slug":"submissions","status":"publish","type":"page","link":"https:\/\/congresos.unileon.es\/imacsss2025\/submissions\/","title":{"rendered":"Submissions"},"content":{"rendered":"<p>[et_pb_section fb_built=&#8221;1&#8243; admin_label=&#8221;section&#8221; _builder_version=&#8221;4.16&#8243; custom_margin=&#8221;||-68px|||&#8221; custom_padding=&#8221;3px|||||&#8221; global_colors_info=&#8221;{}&#8221;][et_pb_row admin_label=&#8221;row&#8221; _builder_version=&#8221;4.16&#8243; background_size=&#8221;initial&#8221; background_position=&#8221;top_left&#8221; background_repeat=&#8221;repeat&#8221; min_height=&#8221;548.5px&#8221; custom_margin=&#8221;|auto|0px|auto||&#8221; global_colors_info=&#8221;{}&#8221;][et_pb_column type=&#8221;4_4&#8243; _builder_version=&#8221;4.16&#8243; custom_padding=&#8221;|||&#8221; global_colors_info=&#8221;{}&#8221; custom_padding__hover=&#8221;|||&#8221;][et_pb_text admin_label=&#8221;Texto&#8221; module_id=&#8221;colaboradores&#8221; module_class=&#8221;entry-title main_title&#8221; _builder_version=&#8221;4.16&#8243; background_size=&#8221;initial&#8221; background_position=&#8221;top_left&#8221; background_repeat=&#8221;repeat&#8221; custom_margin=&#8221;||11px|||&#8221; use_border_color=&#8221;off&#8221; border_color=&#8221;#ffffff&#8221; border_style=&#8221;solid&#8221; global_colors_info=&#8221;{}&#8221;]<\/p>\n<h1><span style=\"color: #00af66;font-size: 30px\">Submissions<\/span><\/h1>\n<p>[\/et_pb_text][et_pb_text admin_label=&#8221;Texto&#8221; _builder_version=&#8221;4.17.6&#8243; background_size=&#8221;initial&#8221; background_position=&#8221;top_left&#8221; background_repeat=&#8221;repeat&#8221; custom_margin=&#8221;||14px|||&#8221; use_border_color=&#8221;off&#8221; border_color=&#8221;#ffffff&#8221; border_style=&#8221;solid&#8221; global_colors_info=&#8221;{}&#8221;]<\/p>\n<p style=\"text-align: justify\"><strong>Extended abstracts for the 14th Conference of the IMACSSS should be sent by e-mail to <a href=\"mailto:imacsss2025@gmail.com\">imacsss2025@gmail.com<\/a>\u00a0from January 15 to March 15, 2025.<\/strong><\/p>\n<p style=\"text-align: justify\">Abstracts must be written in English \u2013 either the American English or British English. Each author may participate in a maximum of three submissions, which must be original and unpublished contributions on any aspect related to martial arts and combat sports under an academic or professional view. The presenting author must be registered and have paid the conference fee.<\/p>\n<p style=\"text-align: justify\"><strong>Submitted abstract must follow the template below.<\/strong> The total length of the extended abstract should be up to 1200 words, considering the sections listed in the template. Authors may modify the titles of the sections to suit their work, but must always respect the style of the template. Abstracts must follow APA 7th edition style for bibliographic references, both in the main text and in the final list. Authors are fully responsible for the style, language, and content of their abstract.<\/p>\n<p>[\/et_pb_text][et_pb_text admin_label=&#8221;Texto&#8221; _builder_version=&#8221;4.17.6&#8243; text_text_color=&#8221;#00af66&#8243; background_color=&#8221;#00af66&#8243; background_size=&#8221;initial&#8221; background_position=&#8221;top_left&#8221; background_repeat=&#8221;repeat&#8221; min_height=&#8221;41.8px&#8221; custom_margin=&#8221;5px|||||&#8221; custom_padding=&#8221;20px||0px|||&#8221; use_border_color=&#8221;off&#8221; border_color=&#8221;#ffffff&#8221; border_style=&#8221;solid&#8221; global_colors_info=&#8221;{}&#8221;]<\/p>\n<h2 style=\"text-align: center\"><span style=\"color: #ffffff\">***<\/span><\/h2>\n<h2 style=\"text-align: center\"><span style=\"color: #ffffff\"><strong><a style=\"color: #ffffff\" href=\"https:\/\/congresos.unileon.es\/imacsss2025\/wp-content\/uploads\/sites\/18\/2025\/01\/14th_Conference_IMACSSS_Extended_abstract_template.docx\" target=\"_blank\" rel=\"noopener\">Download the extended abstract template here<\/a><\/strong><\/span><\/h2>\n<h2 style=\"text-align: center\"><span style=\"color: #ffffff\">\u00a0***<\/span><\/h2>\n<p>[\/et_pb_text][et_pb_text admin_label=&#8221;Texto&#8221; _builder_version=&#8221;4.17.6&#8243; background_size=&#8221;initial&#8221; background_position=&#8221;top_left&#8221; background_repeat=&#8221;repeat&#8221; use_border_color=&#8221;off&#8221; border_color=&#8221;#ffffff&#8221; border_style=&#8221;solid&#8221; global_colors_info=&#8221;{}&#8221;]<\/p>\n<p style=\"text-align: justify\">Each abstract will be assessed anonymously by two members of the Scientific Committee of the conference. This assessment will consider both the formal aspects (format, structure, correctness of bibliographical references, etc.) and the content of the abstract (originality of the study, relevance, clarity, coherence, methodology, results, etc.). Once the evaluation has been carried out, the reviewers will suggest acceptance, acceptance after minor revision, revision of the manuscript for a new evaluation, or rejection of the submission. In the event of major discrepancies between the two reviewers, a third reviewer will act as a referee. After this first assessment, authors will be given a new deadline to review their abstracts. The deadline for notification of abstracts acceptance is <strong>15 April, 2025<\/strong>.<\/p>\n<p style=\"text-align: justify\">Accepted abstracts will be published on-line in open access (Creative Commons <a href=\"https:\/\/creativecommons.org\/licenses\/by-nc-sa\/4.0\/deed.es\" target=\"_blank\" rel=\"noopener\">CC BY-NC-SA 4.0 DEED<\/a> license) in the proceedings book of the conference, edited by Publications Service of the Universidad de Le\u00f3n.<\/p>\n<p>[\/et_pb_text][\/et_pb_column][\/et_pb_row][et_pb_row _builder_version=&#8221;4.17.6&#8243; _module_preset=&#8221;default&#8221; custom_padding=&#8221;||0px|||&#8221; global_colors_info=&#8221;{}&#8221;][et_pb_column type=&#8221;4_4&#8243; _builder_version=&#8221;4.17.6&#8243; _module_preset=&#8221;default&#8221; global_colors_info=&#8221;{}&#8221;][et_pb_text _builder_version=&#8221;4.17.6&#8243; _module_preset=&#8221;default&#8221; custom_margin=&#8221;-25px|||||&#8221; custom_padding=&#8221;16px|||||&#8221; global_colors_info=&#8221;{}&#8221;]<\/p>\n<h1 class=\"comunicaciones\"><span style=\"color: #00af66\">IMACSSS Young Researchers Awards<\/span><\/h1>\n<h5><\/h5>\n<h5><strong>Aim &amp; description<\/strong><\/h5>\n<p>The IMACSSS is an organization devoted to promote and expand the scientific knowledge and culture of martial arts and combat sports (MA&amp;CS). In pursuing this objective, the IMACSSS Young Researchers Awards (YRA) were established at the 1st Conference of the IMACSSS (Genoa, 2012) as a way to facilitate the integration of young researchers into the MA&amp;CS scientific community and the recognition of high-quality researches.<\/p>\n<h5><\/h5>\n<h5><strong>Eligibility<\/strong><\/h5>\n<ul>\n<li>MA&amp;CS researchers under 35 years old.<\/li>\n<li>Master or PhD students, or awarded with PhD not earlier than 5 years before the conference takes place. Candidates must provide evidence of this condition.<\/li>\n<li>Not awarded in previous IMACSSS conferences.<\/li>\n<li>Only one application for the IMACSSS YRA per author is accepted. The applicant must be the first author of his\/her proposal and also present it at the conference.<\/li>\n<li>To successfully apply for the YRA all requirements must be met within the requested deadline.<\/li>\n<\/ul>\n<h5><strong>Procedure<\/strong><\/h5>\n<ul>\n<li>Applicants for IMACSSS YRA will follow the same instructions and procedures than other researchers taking part in the conference.<\/li>\n<li>During the submission of the abstracts the first author should apply for this award.<\/li>\n<li>The IMACSSS Board will designate, in coordination with the conference Organizing Committee, three members for the evaluation of the applicants.<\/li>\n<li>The evaluation of the applicants will be based on the quality of the abstract submitted to the conference and the quality of the presentation done at the conference venue, both rating 50% of the total score.<\/li>\n<li>There will be, at least, one award per conference. If poster communications are presented, there will be, at least, one award for oral communication and one award for poster communication.<\/li>\n<li>Awarded researches will be announced in the closing ceremony of the conference.<\/li>\n<\/ul>\n<h5><strong>Awards<\/strong><\/h5>\n<ul>\n<li>The winning young researchers will be awarded a diploma.<\/li>\n<li>Whenever possible, the IMACSSS Board and the conference Organizing Committee will grant winning authors with other kind of awards.<\/li>\n<\/ul>\n<p>[\/et_pb_text][\/et_pb_column][\/et_pb_row][\/et_pb_section][et_pb_section fb_built=&#8221;1&#8243; _builder_version=&#8221;4.16&#8243; min_height=&#8221;222.1px&#8221; custom_margin=&#8221;44px|||||&#8221; custom_padding=&#8221;0px||0px|0px||&#8221; locked=&#8221;off&#8221; global_colors_info=&#8221;{}&#8221;][et_pb_row _builder_version=&#8221;4.16&#8243; background_size=&#8221;initial&#8221; background_position=&#8221;top_left&#8221; background_repeat=&#8221;repeat&#8221; min_height=&#8221;71px&#8221; global_colors_info=&#8221;{}&#8221;][et_pb_column type=&#8221;4_4&#8243; _builder_version=&#8221;4.16&#8243; custom_padding=&#8221;|||&#8221; global_colors_info=&#8221;{}&#8221; custom_padding__hover=&#8221;|||&#8221;][et_pb_text module_id=&#8221;colaboradores&#8221; module_class=&#8221;entry-title main_title&#8221; _builder_version=&#8221;4.17.6&#8243; background_size=&#8221;initial&#8221; background_position=&#8221;top_left&#8221; background_repeat=&#8221;repeat&#8221; vertical_offset_tablet=&#8221;0&#8243; horizontal_offset_tablet=&#8221;0&#8243; custom_margin=&#8221;||-39px|||&#8221; custom_padding=&#8221;0px|||||&#8221; z_index_tablet=&#8221;0&#8243; custom_css_main_element=&#8221;color: #da251c !important;&#8221; text_text_shadow_horizontal_length_tablet=&#8221;0px&#8221; text_text_shadow_vertical_length_tablet=&#8221;0px&#8221; text_text_shadow_blur_strength_tablet=&#8221;1px&#8221; link_text_shadow_horizontal_length_tablet=&#8221;0px&#8221; link_text_shadow_vertical_length_tablet=&#8221;0px&#8221; link_text_shadow_blur_strength_tablet=&#8221;1px&#8221; ul_text_shadow_horizontal_length_tablet=&#8221;0px&#8221; ul_text_shadow_vertical_length_tablet=&#8221;0px&#8221; ul_text_shadow_blur_strength_tablet=&#8221;1px&#8221; ol_text_shadow_horizontal_length_tablet=&#8221;0px&#8221; ol_text_shadow_vertical_length_tablet=&#8221;0px&#8221; ol_text_shadow_blur_strength_tablet=&#8221;1px&#8221; quote_text_shadow_horizontal_length_tablet=&#8221;0px&#8221; quote_text_shadow_vertical_length_tablet=&#8221;0px&#8221; quote_text_shadow_blur_strength_tablet=&#8221;1px&#8221; header_text_shadow_horizontal_length_tablet=&#8221;0px&#8221; header_text_shadow_vertical_length_tablet=&#8221;0px&#8221; header_text_shadow_blur_strength_tablet=&#8221;1px&#8221; header_2_text_shadow_horizontal_length_tablet=&#8221;0px&#8221; header_2_text_shadow_vertical_length_tablet=&#8221;0px&#8221; header_2_text_shadow_blur_strength_tablet=&#8221;1px&#8221; header_3_text_shadow_horizontal_length_tablet=&#8221;0px&#8221; header_3_text_shadow_vertical_length_tablet=&#8221;0px&#8221; header_3_text_shadow_blur_strength_tablet=&#8221;1px&#8221; header_4_text_shadow_horizontal_length_tablet=&#8221;0px&#8221; header_4_text_shadow_vertical_length_tablet=&#8221;0px&#8221; header_4_text_shadow_blur_strength_tablet=&#8221;1px&#8221; header_5_text_shadow_horizontal_length_tablet=&#8221;0px&#8221; header_5_text_shadow_vertical_length_tablet=&#8221;0px&#8221; header_5_text_shadow_blur_strength_tablet=&#8221;1px&#8221; header_6_text_shadow_horizontal_length_tablet=&#8221;0px&#8221; header_6_text_shadow_vertical_length_tablet=&#8221;0px&#8221; header_6_text_shadow_blur_strength_tablet=&#8221;1px&#8221; box_shadow_horizontal_tablet=&#8221;0px&#8221; box_shadow_vertical_tablet=&#8221;0px&#8221; box_shadow_blur_tablet=&#8221;40px&#8221; box_shadow_spread_tablet=&#8221;0px&#8221; use_border_color=&#8221;off&#8221; border_color=&#8221;#ffffff&#8221; border_style=&#8221;solid&#8221; global_colors_info=&#8221;{}&#8221;]<\/p>\n<h1><span style=\"color: #00af66\">Patronage<\/span><\/h1>\n<p>[\/et_pb_text][\/et_pb_column][\/et_pb_row][et_pb_row column_structure=&#8221;1_4,1_4,1_4,1_4&#8243; padding_mobile=&#8221;off&#8221; column_padding_mobile=&#8221;on&#8221; _builder_version=&#8221;4.17.6&#8243; background_size=&#8221;initial&#8221; background_position=&#8221;top_left&#8221; background_repeat=&#8221;repeat&#8221; custom_padding=&#8221;0px|||||&#8221; hover_enabled=&#8221;0&#8243; make_fullwidth=&#8221;off&#8221; use_custom_width=&#8221;off&#8221; width_unit=&#8221;on&#8221; global_colors_info=&#8221;{}&#8221; sticky_enabled=&#8221;0&#8243;][et_pb_column type=&#8221;1_4&#8243; _builder_version=&#8221;4.16&#8243; custom_padding=&#8221;|||&#8221; global_colors_info=&#8221;{}&#8221; custom_padding__hover=&#8221;|||&#8221;][et_pb_image src=&#8221;https:\/\/congresos.unileon.es\/imacsss2025\/wp-content\/uploads\/sites\/18\/2024\/02\/Unileon.png&#8221; title_text=&#8221;Unileon&#8221; url=&#8221;https:\/\/www.unileon.es\/&#8221; url_new_window=&#8221;on&#8221; align_tablet=&#8221;center&#8221; align_phone=&#8221;&#8221; align_last_edited=&#8221;on|desktop&#8221; _builder_version=&#8221;4.17.6&#8243; use_border_color=&#8221;off&#8221; border_color=&#8221;#ffffff&#8221; border_style=&#8221;solid&#8221; animation=&#8221;off&#8221; sticky=&#8221;off&#8221; always_center_on_mobile=&#8221;on&#8221; global_colors_info=&#8221;{}&#8221;][\/et_pb_image][\/et_pb_column][et_pb_column type=&#8221;1_4&#8243; _builder_version=&#8221;4.16&#8243; custom_padding=&#8221;|||&#8221; global_colors_info=&#8221;{}&#8221; custom_padding__hover=&#8221;|||&#8221;][et_pb_image src=&#8221;https:\/\/congresos.unileon.es\/imacsss2025\/wp-content\/uploads\/sites\/18\/2024\/02\/fcafd.png&#8221; title_text=&#8221;fcafd&#8221; url=&#8221;https:\/\/www.fcafd.com\/&#8221; url_new_window=&#8221;on&#8221; align_tablet=&#8221;center&#8221; align_phone=&#8221;&#8221; align_last_edited=&#8221;on|desktop&#8221; _builder_version=&#8221;4.17.6&#8243; use_border_color=&#8221;off&#8221; border_color=&#8221;#ffffff&#8221; border_style=&#8221;solid&#8221; animation=&#8221;off&#8221; sticky=&#8221;off&#8221; always_center_on_mobile=&#8221;on&#8221; global_colors_info=&#8221;{}&#8221;][\/et_pb_image][\/et_pb_column][et_pb_column type=&#8221;1_4&#8243; _builder_version=&#8221;4.16&#8243; custom_padding=&#8221;|||&#8221; global_colors_info=&#8221;{}&#8221; custom_padding__hover=&#8221;|||&#8221;][et_pb_image src=&#8221;https:\/\/congresos.unileon.es\/imacsss2025\/wp-content\/uploads\/sites\/18\/2024\/12\/Logo-IMACSSS.png&#8221; title_text=&#8221;Logo IMACSSS&#8221; url=&#8221;https:\/\/imacsss.com\/&#8221; url_new_window=&#8221;on&#8221; align=&#8221;center&#8221; align_tablet=&#8221;center&#8221; align_phone=&#8221;&#8221; align_last_edited=&#8221;on|desktop&#8221; _builder_version=&#8221;4.17.6&#8243; height=&#8221;100px&#8221; use_border_color=&#8221;off&#8221; border_color=&#8221;#ffffff&#8221; border_style=&#8221;solid&#8221; animation=&#8221;off&#8221; sticky=&#8221;off&#8221; always_center_on_mobile=&#8221;on&#8221; global_colors_info=&#8221;{}&#8221;][\/et_pb_image][\/et_pb_column][et_pb_column type=&#8221;1_4&#8243; _builder_version=&#8221;4.16&#8243; custom_padding=&#8221;|||&#8221; global_colors_info=&#8221;{}&#8221; custom_padding__hover=&#8221;|||&#8221;][et_pb_image src=&#8221;https:\/\/congresos.unileon.es\/imacsss2025\/wp-content\/uploads\/sites\/18\/2025\/02\/ICM-Logo.jpeg&#8221; _builder_version=&#8221;4.17.6&#8243; _module_preset=&#8221;default&#8221; title_text=&#8221;ICM Logo&#8221; hover_enabled=&#8221;0&#8243; sticky_enabled=&#8221;0&#8243;][\/et_pb_image][\/et_pb_column][\/et_pb_row][et_pb_row column_structure=&#8221;1_4,1_4,1_4,1_4&#8243; padding_mobile=&#8221;off&#8221; column_padding_mobile=&#8221;on&#8221; _builder_version=&#8221;4.17.6&#8243; background_size=&#8221;initial&#8221; background_position=&#8221;top_left&#8221; background_repeat=&#8221;repeat&#8221; custom_padding=&#8221;0px|||||&#8221; hover_enabled=&#8221;0&#8243; make_fullwidth=&#8221;off&#8221; use_custom_width=&#8221;off&#8221; width_unit=&#8221;on&#8221; global_colors_info=&#8221;{}&#8221; sticky_enabled=&#8221;0&#8243;][et_pb_column type=&#8221;1_4&#8243; _builder_version=&#8221;4.16&#8243; custom_padding=&#8221;|||&#8221; global_colors_info=&#8221;{}&#8221; custom_padding__hover=&#8221;|||&#8221;][et_pb_image src=&#8221;https:\/\/congresos.unileon.es\/imacsss2025\/wp-content\/uploads\/sites\/18\/2025\/01\/CatedraUniversitariaEmilioRiveroLuchaCanaria.jpg&#8221; title_text=&#8221;C\u00e1tedraUniversitariaEmilioRiveroLuchaCanaria&#8221; _builder_version=&#8221;4.17.6&#8243; _module_preset=&#8221;default&#8221; hover_enabled=&#8221;0&#8243; global_colors_info=&#8221;{}&#8221; sticky_enabled=&#8221;0&#8243;][\/et_pb_image][\/et_pb_column][et_pb_column type=&#8221;1_4&#8243; _builder_version=&#8221;4.16&#8243; custom_padding=&#8221;|||&#8221; global_colors_info=&#8221;{}&#8221; custom_padding__hover=&#8221;|||&#8221;][\/et_pb_column][et_pb_column type=&#8221;1_4&#8243; _builder_version=&#8221;4.16&#8243; custom_padding=&#8221;|||&#8221; global_colors_info=&#8221;{}&#8221; custom_padding__hover=&#8221;|||&#8221;][\/et_pb_column][et_pb_column type=&#8221;1_4&#8243; _builder_version=&#8221;4.16&#8243; custom_padding=&#8221;|||&#8221; global_colors_info=&#8221;{}&#8221; custom_padding__hover=&#8221;|||&#8221;][\/et_pb_column][\/et_pb_row][\/et_pb_section]<\/p>\n","protected":false},"excerpt":{"rendered":"<p>Submissions Extended abstracts for the 14th Conference of the IMACSSS should be sent by e-mail to imacsss2025@gmail.com\u00a0from January 15 to March 15, 2025. Abstracts must be written in English \u2013 either the American English or British English. Each author may participate in a maximum of three submissions, which must be original and unpublished contributions on [&hellip;]<\/p>\n","protected":false},"author":2,"featured_media":0,"parent":0,"menu_order":0,"comment_status":"closed","ping_status":"closed","template":"","meta":{"_et_pb_use_builder":"on","_et_pb_old_content":"El env\u00edo de trabajos para el X Congreso Internacional de Evaluaci\u00f3n Formativa y Compartida se realizar\u00e1 mediante correo electr\u00f3nico a la direcci\u00f3n ifahe.unileon@gmail.com. Cada autor podr\u00e1 presentar un m\u00e1ximo de dos trabajos como primer autor, que deben ser contribuciones originales e in\u00e9ditas.\r\nLas tem\u00e1ticas prioritarias del congreso son:","_et_gb_content_width":"","footnotes":""},"class_list":["post-110","page","type-page","status-publish","hentry"],"_links":{"self":[{"href":"https:\/\/congresos.unileon.es\/imacsss2025\/wp-json\/wp\/v2\/pages\/110","targetHints":{"allow":["GET"]}}],"collection":[{"href":"https:\/\/congresos.unileon.es\/imacsss2025\/wp-json\/wp\/v2\/pages"}],"about":[{"href":"https:\/\/congresos.unileon.es\/imacsss2025\/wp-json\/wp\/v2\/types\/page"}],"author":[{"embeddable":true,"href":"https:\/\/congresos.unileon.es\/imacsss2025\/wp-json\/wp\/v2\/users\/2"}],"replies":[{"embeddable":true,"href":"https:\/\/congresos.unileon.es\/imacsss2025\/wp-json\/wp\/v2\/comments?post=110"}],"version-history":[{"count":97,"href":"https:\/\/congresos.unileon.es\/imacsss2025\/wp-json\/wp\/v2\/pages\/110\/revisions"}],"predecessor-version":[{"id":1684,"href":"https:\/\/congresos.unileon.es\/imacsss2025\/wp-json\/wp\/v2\/pages\/110\/revisions\/1684"}],"wp:attachment":[{"href":"https:\/\/congresos.unileon.es\/imacsss2025\/wp-json\/wp\/v2\/media?parent=110"}],"curies":[{"name":"wp","href":"https:\/\/api.w.org\/{rel}","templated":true}]}}