{"id":104,"date":"2016-11-07T12:02:40","date_gmt":"2016-11-07T12:02:40","guid":{"rendered":"http:\/\/congresos.unileon.es\/plantilla\/?page_id=104"},"modified":"2024-07-30T12:35:06","modified_gmt":"2024-07-30T12:35:06","slug":"presentacion","status":"publish","type":"page","link":"https:\/\/congresos.unileon.es\/recsi2024\/presentacion\/","title":{"rendered":"Presentaci\u00f3n"},"content":{"rendered":"<p>[et_pb_section fb_built=&#8221;1&#8243; admin_label=&#8221;section&#8221; _builder_version=&#8221;4.16&#8243; global_colors_info=&#8221;{}&#8221;][et_pb_row padding_mobile=&#8221;off&#8221; column_padding_mobile=&#8221;on&#8221; admin_label=&#8221;Fila&#8221; _builder_version=&#8221;4.16&#8243; background_size=&#8221;initial&#8221; background_position=&#8221;top_left&#8221; background_repeat=&#8221;repeat&#8221; custom_padding=&#8221;0px||0px|&#8221; make_fullwidth=&#8221;off&#8221; use_custom_width=&#8221;off&#8221; width_unit=&#8221;on&#8221; global_colors_info=&#8221;{}&#8221;][et_pb_column type=&#8221;4_4&#8243; _builder_version=&#8221;4.16&#8243; custom_padding=&#8221;|||&#8221; global_colors_info=&#8221;{}&#8221; custom_padding__hover=&#8221;|||&#8221;][et_pb_post_title meta=&#8221;off&#8221; featured_image=&#8221;off&#8221; admin_label=&#8221;T\u00edtulo de publicaci\u00f3n&#8221; module_class=&#8221;entry-title main_title&#8221; _builder_version=&#8221;4.16&#8243; title_all_caps=&#8221;off&#8221; background_color=&#8221;rgba(255,255,255,0)&#8221; parallax=&#8221;on&#8221; parallax_method=&#8221;off&#8221; custom_margin=&#8221;0px||0px|&#8221; custom_padding=&#8221;0px||0px|&#8221; parallax_effect=&#8221;on&#8221; module_bg_color=&#8221;rgba(255,255,255,0)&#8221; use_border_color=&#8221;off&#8221; border_color=&#8221;#ffffff&#8221; border_style=&#8221;solid&#8221; global_colors_info=&#8221;{}&#8221;][\/et_pb_post_title][\/et_pb_column][\/et_pb_row][et_pb_row admin_label=&#8221;row&#8221; _builder_version=&#8221;4.16&#8243; background_size=&#8221;initial&#8221; background_position=&#8221;top_left&#8221; background_repeat=&#8221;repeat&#8221; global_colors_info=&#8221;{}&#8221;][et_pb_column type=&#8221;4_4&#8243; _builder_version=&#8221;4.16&#8243; custom_padding=&#8221;|||&#8221; global_colors_info=&#8221;{}&#8221; custom_padding__hover=&#8221;|||&#8221;][et_pb_image align_tablet=&#8221;center&#8221; align_phone=&#8221;center&#8221; align_last_edited=&#8221;on|desktop&#8221; admin_label=&#8221;Imagen&#8221; _builder_version=&#8221;4.16&#8243; animation_style=&#8221;fade&#8221; animation_duration=&#8221;500ms&#8221; use_border_color=&#8221;off&#8221; border_color=&#8221;#ffffff&#8221; border_style=&#8221;solid&#8221; animation=&#8221;fade_in&#8221; sticky=&#8221;off&#8221; always_center_on_mobile=&#8221;on&#8221; global_colors_info=&#8221;{}&#8221;][\/et_pb_image][et_pb_text admin_label=&#8221;Texto&#8221; _builder_version=&#8221;4.16&#8243; background_size=&#8221;initial&#8221; background_position=&#8221;top_left&#8221; background_repeat=&#8221;repeat&#8221; width=&#8221;100%&#8221; use_border_color=&#8221;off&#8221; border_color=&#8221;#ffffff&#8221; border_style=&#8221;solid&#8221; global_colors_info=&#8221;{}&#8221;]<\/p>\n<p>La Reuni\u00f3n Espa\u00f1ola de Criptolog\u00eda y Seguridad de la Informaci\u00f3n (RECSI) es un congreso cient\u00edfico espa\u00f1ol de referencia en el \u00e1mbito de la seguridad de las Tecnolog\u00edas de la Informaci\u00f3n y de las Comunicaciones (TIC), donde se dan cita de forma bienal los principales investigadores espa\u00f1oles en el tema, as\u00ed como invitados extranjeros de reconocido prestigio. En estos encuentros se muestran los avances de los grupos de investigaci\u00f3n que presentan comunicaciones y fomentan la participaci\u00f3n de los j\u00f3venes investigadores para que expongan los resultados de sus primeros proyectos.<\/p>\n<p>Estas Tecnolog\u00edas son una realidad de uso cotidiano en todos los \u00e1mbitos de nuestra sociedad. No obstante, existen riesgos de seguridad asociados a la adopci\u00f3n generalizada de las mismas: robo de informaci\u00f3n, fraude, ciber-acoso, as\u00ed como nuevas formas de ciber-ataque cuya presencia es cada vez m\u00e1s amplia y de mayor impacto. Por ello, es necesario que la comunidad cient\u00edfico-tecnol\u00f3gica en el \u00e1mbito de la seguridad de las TIC contin\u00fae avanzando en el desarrollo y difusi\u00f3n de propuestas y esquemas que proporcionen un mayor nivel de seguridad, y con ello de confianza de la sociedad en las tecnolog\u00edas involucradas.<\/p>\n<p>La <strong>XVIII Reuni\u00f3n Espa\u00f1ola de Criptolog\u00eda y Seguridad de la Informaci\u00f3n<\/strong> est\u00e1 organizada por la C\u00e1tedra Institucional de Ciberseguridad de la <strong>Universidad de Le\u00f3n<\/strong> y se celebrar\u00e1 en la Fundaci\u00f3n Sierra Pambley del <strong>23 al 25 de octubre de 2024<\/strong>.<\/p>\n<p>[\/et_pb_text][\/et_pb_column][\/et_pb_row][et_pb_row admin_label=&#8221;Fila&#8221; _builder_version=&#8221;4.16&#8243; background_size=&#8221;initial&#8221; background_position=&#8221;top_left&#8221; background_repeat=&#8221;repeat&#8221; global_colors_info=&#8221;{}&#8221;][et_pb_column type=&#8221;4_4&#8243; _builder_version=&#8221;4.16&#8243; custom_padding=&#8221;|||&#8221; global_colors_info=&#8221;{}&#8221; custom_padding__hover=&#8221;|||&#8221;][et_pb_text admin_label=&#8221;Texto&#8221; _builder_version=&#8221;4.16&#8243; background_size=&#8221;initial&#8221; background_position=&#8221;top_left&#8221; background_repeat=&#8221;repeat&#8221; use_border_color=&#8221;off&#8221; border_color=&#8221;#ffffff&#8221; border_style=&#8221;solid&#8221; global_colors_info=&#8221;{}&#8221;]<\/p>\n<p>Las anteriores ediciones de RECSI tuvieron lugar en:<\/p>\n<p><span style=\"font-size: 14px\">\u25cf I RECSI 1991, Palma de Mallorca<br \/><\/span><span style=\"font-size: 14px\">\u25cf \u00a0II RECSI 1992, Madrid<br \/>\u25cf <\/span><span style=\"font-size: 14px\">III RECSI 1994, Barcelona<br \/><\/span><span style=\"font-size: 14px\">\u25cf IV RECSI 1996, Valladolid<br \/><\/span><span style=\"font-size: 14px\">\u25cf V RECSI 1998, Torremolinos<br \/><\/span><span style=\"font-size: 14px\">\u25cf VI RECSI 2000, Santa Cruz de Tenerife<br \/><\/span><span style=\"font-size: 14px\">\u25cf VII RECSI 2002, Oviedo<br \/><\/span><span style=\"font-size: 14px\">\u25cf VIII RECSI 2004, Legan\u00e9s<br \/><\/span><span style=\"font-size: 14px\">\u25cf IX RECSI 2006, Barcelona<br \/>\u25cf<\/span><a href=\"https:\/\/campus.usal.es\/~xrecsi\/fechas.htm\" style=\"font-size: 14px\"><span style=\"font-size: 14px\"> <\/span>X RECSI 2008<\/a><span style=\"font-size: 14px\">, Salamanca<br \/>\u25cf<\/span><a href=\"https:\/\/crises-deim.urv.cat\/recsi2010\/\" style=\"font-size: 14px\"><span style=\"font-size: 14px\"><\/span> XI RECSI 2010<\/a><span style=\"font-size: 14px\">, Tarragona<br \/><\/span><span style=\"font-size: 14px\"><\/span><span style=\"font-size: 14px\">\u25cf <\/span><a href=\"https:\/\/recsi2012.mondragon.edu\/es\" style=\"font-size: 14px\"><span style=\"font-size: 14px\"><\/span>XII RECSI 2012<\/a><span style=\"font-size: 14px\">, San Sebasti\u00e1n<br \/><\/span><span style=\"font-size: 14px\"><\/span><span style=\"font-size: 14px\">\u25cf <\/span><a href=\"https:\/\/web.ua.es\/es\/recsi2014\" style=\"font-size: 14px\"><span style=\"font-size: 14px\"><\/span>XIII RECSI 2014<\/a><span style=\"font-size: 14px\">, Alicante<br \/><\/span><span style=\"font-size: 14px\">\u25cf <\/span><a href=\"https:\/\/recsi16.uib.es\/\" style=\"font-size: 14px\">XIV RECSI 2016<\/a><span style=\"font-size: 14px\">, Ma\u00f3<br \/><\/span><span style=\"font-size: 14px\">\u25cf <\/span><a href=\"https:\/\/nesg.ugr.es\/recsi2018\/\" style=\"font-size: 14px\">XV RECSI 2018<\/a><span style=\"font-size: 14px\">, Granada<br \/><\/span><span style=\"font-size: 14px\">\u25cf <\/span><a href=\"http:\/\/www.recsi2020.udl.cat\/\" style=\"font-size: 14px\">XVI RECSI 2020<\/a><span style=\"font-size: 14px\">, Lleida<br \/><\/span><span style=\"font-size: 14px\">\u25cf <\/span><a href=\"https:\/\/recsi2022.unican.es\/es\/\" style=\"font-size: 14px\">XVII RECSI 2022<\/a><span style=\"font-size: 14px\">, Santander<\/span><\/p>\n<p><span style=\"font-size: 14px\"><\/span><\/p>\n<p><span style=\"font-size: 14px\"><\/span><\/p>\n<p>[\/et_pb_text][\/et_pb_column][\/et_pb_row][\/et_pb_section][et_pb_section fb_built=&#8221;1&#8243; admin_label=&#8221;Secci\u00f3n&#8221; _builder_version=&#8221;4.16&#8243; global_colors_info=&#8221;{}&#8221; theme_builder_area=&#8221;post_content&#8221;][et_pb_row admin_label=&#8221;Fila&#8221; _builder_version=&#8221;4.16&#8243; background_size=&#8221;initial&#8221; background_position=&#8221;top_left&#8221; background_repeat=&#8221;repeat&#8221; global_colors_info=&#8221;{}&#8221; theme_builder_area=&#8221;post_content&#8221;][et_pb_column type=&#8221;4_4&#8243; _builder_version=&#8221;4.16&#8243; custom_padding=&#8221;|||&#8221; global_colors_info=&#8221;{}&#8221; custom_padding__hover=&#8221;|||&#8221; theme_builder_area=&#8221;post_content&#8221;][et_pb_text admin_label=&#8221;Texto&#8221; module_class=&#8221;entry-title main_title&#8221; _builder_version=&#8221;4.16&#8243; background_size=&#8221;initial&#8221; background_position=&#8221;top_left&#8221; background_repeat=&#8221;repeat&#8221; use_border_color=&#8221;off&#8221; border_color=&#8221;#ffffff&#8221; border_style=&#8221;solid&#8221; global_colors_info=&#8221;{}&#8221; theme_builder_area=&#8221;post_content&#8221;]<\/p>\n<h1>Colaboradores<\/h1>\n<p>[\/et_pb_text][\/et_pb_column][\/et_pb_row][et_pb_row _builder_version=&#8221;4.17.6&#8243; _module_preset=&#8221;default&#8221; global_colors_info=&#8221;{}&#8221; theme_builder_area=&#8221;post_content&#8221;][et_pb_column type=&#8221;4_4&#8243; _builder_version=&#8221;4.17.6&#8243; _module_preset=&#8221;default&#8221; global_colors_info=&#8221;{}&#8221; theme_builder_area=&#8221;post_content&#8221;][et_pb_image src=&#8221;https:\/\/congresos.unileon.es\/recsi2024\/wp-content\/uploads\/sites\/16\/2024\/07\/unnamed-scaled.jpg&#8221; title_text=&#8221;unnamed&#8221; _builder_version=&#8221;4.17.6&#8243; _module_preset=&#8221;default&#8221; global_colors_info=&#8221;{}&#8221; theme_builder_area=&#8221;post_content&#8221;][\/et_pb_image][\/et_pb_column][\/et_pb_row][et_pb_row column_structure=&#8221;1_3,1_3,1_3&#8243; _builder_version=&#8221;4.17.6&#8243; _module_preset=&#8221;default&#8221; global_colors_info=&#8221;{}&#8221; theme_builder_area=&#8221;post_content&#8221;][et_pb_column type=&#8221;1_3&#8243; _builder_version=&#8221;4.17.6&#8243; _module_preset=&#8221;default&#8221; global_colors_info=&#8221;{}&#8221; theme_builder_area=&#8221;post_content&#8221;][et_pb_image src=&#8221;https:\/\/congresos.unileon.es\/recsi2024\/wp-content\/uploads\/sites\/16\/2024\/04\/catedra.png&#8221; title_text=&#8221;catedra&#8221; _builder_version=&#8221;4.17.6&#8243; _module_preset=&#8221;default&#8221; global_colors_info=&#8221;{}&#8221; theme_builder_area=&#8221;post_content&#8221;][\/et_pb_image][et_pb_text _builder_version=&#8221;4.17.6&#8243; _module_preset=&#8221;default&#8221; custom_margin=&#8221;|-759px||||&#8221; custom_padding=&#8221;|0px||||&#8221; global_colors_info=&#8221;{}&#8221; theme_builder_area=&#8221;post_content&#8221; width=&#8221;341.6%&#8221;]<\/p>\n<p style=\"font-weight: 400\"><span>La C\u00e1tedra de Ciberseguridad de la Universidad de Le\u00f3n, en colaboraci\u00f3n con el\u00a0<\/span><span><a href=\"https:\/\/www.incibe.es\/\" data-saferedirecturl=\"https:\/\/www.google.com\/url?q=https:\/\/www.incibe.es\/&amp;source=gmail&amp;ust=1722428381183000&amp;usg=AOvVaw3k57gZIkB8rhlJVQE_a_Qn\">Instituto Nacional de Ciberseguridad (INCIBE)<\/a><\/span><span>, entidad dependiente del Ministerio para la Transformaci\u00f3n Digital y de la Funci\u00f3n P\u00fablica, a trav\u00e9s de la Secretar\u00eda de Estado de Digitalizaci\u00f3n e Inteligencia Artificial\u00a0organiza RECSI 2024.<\/span><\/p>\n<p style=\"font-weight: 400\">Esta actividad es<span>\u00a0<\/span>parte del convenio entre INCIBE y la Universidad de Le\u00f3n incluido en el<span>\u00a0<\/span><a href=\"https:\/\/www.incibe.es\/ed2026\/ciberinnova\/catedras\" data-saferedirecturl=\"https:\/\/www.google.com\/url?q=https:\/\/www.incibe.es\/ed2026\/ciberinnova\/catedras&amp;source=gmail&amp;ust=1722428381183000&amp;usg=AOvVaw3Nud_AmIht41_ih9uAijgs\">programa de C\u00e1tedras de Ciberseguridad<\/a><span>\u00a0<\/span>en Espa\u00f1a,<span>\u00a0<\/span>en el marco del<span>\u00a0<\/span><a href=\"https:\/\/planderecuperacion.gob.es\/\" data-saferedirecturl=\"https:\/\/www.google.com\/url?q=https:\/\/planderecuperacion.gob.es\/&amp;source=gmail&amp;ust=1722428381183000&amp;usg=AOvVaw3m0DYqWb7yKG4CLysWIjRS\">Plan de Recuperaci\u00f3n, Transformaci\u00f3n y Resiliencia<\/a>, con la financiaci\u00f3n de los<span>\u00a0<\/span><a href=\"https:\/\/commission.europa.eu\/strategy-and-policy\/recovery-plan-europe_es\" data-saferedirecturl=\"https:\/\/www.google.com\/url?q=https:\/\/commission.europa.eu\/strategy-and-policy\/recovery-plan-europe_es&amp;source=gmail&amp;ust=1722428381183000&amp;usg=AOvVaw0tVY7O4rkHdwMfOjIttAVx\">Fondos\u00a0<em>Next Generation-EU<\/em><\/a>.<\/p>\n<p>[\/et_pb_text][\/et_pb_column][et_pb_column type=&#8221;1_3&#8243; _builder_version=&#8221;4.17.6&#8243; _module_preset=&#8221;default&#8221; global_colors_info=&#8221;{}&#8221; theme_builder_area=&#8221;post_content&#8221;][et_pb_image src=&#8221;https:\/\/congresos.unileon.es\/recsi2024\/wp-content\/uploads\/sites\/16\/2016\/11\/universidad-de-leon.png&#8221; title_text=&#8221;universidad-de-leon&#8221; _builder_version=&#8221;4.17.6&#8243; _module_preset=&#8221;default&#8221; global_colors_info=&#8221;{}&#8221; theme_builder_area=&#8221;post_content&#8221;][\/et_pb_image][\/et_pb_column][et_pb_column type=&#8221;1_3&#8243; _builder_version=&#8221;4.17.6&#8243; _module_preset=&#8221;default&#8221; global_colors_info=&#8221;{}&#8221; theme_builder_area=&#8221;post_content&#8221;][et_pb_image src=&#8221;https:\/\/congresos.unileon.es\/recsi2024\/wp-content\/uploads\/sites\/16\/2024\/04\/LOGO_RIASC-2048&#215;1510-1.png&#8221; title_text=&#8221;LOGO_RIASC-2048&#215;1510&#8243; _builder_version=&#8221;4.17.6&#8243; _module_preset=&#8221;default&#8221; max_width=&#8221;58%&#8221; global_colors_info=&#8221;{}&#8221; theme_builder_area=&#8221;post_content&#8221;][\/et_pb_image][\/et_pb_column][\/et_pb_row][\/et_pb_section]<\/p>\n","protected":false},"excerpt":{"rendered":"<p>La Reuni\u00f3n Espa\u00f1ola de Criptolog\u00eda y Seguridad de la Informaci\u00f3n (RECSI) es un congreso cient\u00edfico espa\u00f1ol de referencia en el \u00e1mbito de la seguridad de las Tecnolog\u00edas de la Informaci\u00f3n y de las Comunicaciones (TIC), donde se dan cita de forma bienal los principales investigadores espa\u00f1oles en el tema, as\u00ed como invitados extranjeros de reconocido [&hellip;]<\/p>\n","protected":false},"author":10,"featured_media":0,"parent":0,"menu_order":0,"comment_status":"closed","ping_status":"closed","template":"","meta":{"_et_pb_use_builder":"on","_et_pb_old_content":"","_et_gb_content_width":"","footnotes":""},"class_list":["post-104","page","type-page","status-publish","hentry"],"_links":{"self":[{"href":"https:\/\/congresos.unileon.es\/recsi2024\/wp-json\/wp\/v2\/pages\/104","targetHints":{"allow":["GET"]}}],"collection":[{"href":"https:\/\/congresos.unileon.es\/recsi2024\/wp-json\/wp\/v2\/pages"}],"about":[{"href":"https:\/\/congresos.unileon.es\/recsi2024\/wp-json\/wp\/v2\/types\/page"}],"author":[{"embeddable":true,"href":"https:\/\/congresos.unileon.es\/recsi2024\/wp-json\/wp\/v2\/users\/10"}],"replies":[{"embeddable":true,"href":"https:\/\/congresos.unileon.es\/recsi2024\/wp-json\/wp\/v2\/comments?post=104"}],"version-history":[{"count":28,"href":"https:\/\/congresos.unileon.es\/recsi2024\/wp-json\/wp\/v2\/pages\/104\/revisions"}],"predecessor-version":[{"id":1243,"href":"https:\/\/congresos.unileon.es\/recsi2024\/wp-json\/wp\/v2\/pages\/104\/revisions\/1243"}],"wp:attachment":[{"href":"https:\/\/congresos.unileon.es\/recsi2024\/wp-json\/wp\/v2\/media?parent=104"}],"curies":[{"name":"wp","href":"https:\/\/api.w.org\/{rel}","templated":true}]}}