{"id":106,"date":"2016-11-07T12:02:53","date_gmt":"2016-11-07T12:02:53","guid":{"rendered":"http:\/\/congresos.unileon.es\/plantilla\/?page_id=106"},"modified":"2024-10-23T07:13:14","modified_gmt":"2024-10-23T07:13:14","slug":"comites","status":"publish","type":"page","link":"https:\/\/congresos.unileon.es\/recsi2024\/comites\/","title":{"rendered":"Comit\u00e9s"},"content":{"rendered":"<p>[et_pb_section fb_built=&#8221;1&#8243; admin_label=&#8221;section&#8221; _builder_version=&#8221;4.16&#8243; global_colors_info=&#8221;{}&#8221;][et_pb_row admin_label=&#8221;Fila&#8221; _builder_version=&#8221;4.16&#8243; background_size=&#8221;initial&#8221; background_position=&#8221;top_left&#8221; background_repeat=&#8221;repeat&#8221; global_colors_info=&#8221;{}&#8221;][et_pb_column type=&#8221;4_4&#8243; _builder_version=&#8221;4.16&#8243; custom_padding=&#8221;|||&#8221; global_colors_info=&#8221;{}&#8221; custom_padding__hover=&#8221;|||&#8221;][et_pb_post_title meta=&#8221;off&#8221; featured_image=&#8221;off&#8221; admin_label=&#8221;T\u00edtulo de publicaci\u00f3n&#8221; module_class=&#8221;entry-title main_title&#8221; _builder_version=&#8221;4.16&#8243; title_all_caps=&#8221;off&#8221; background_color=&#8221;rgba(255,255,255,0)&#8221; parallax=&#8221;on&#8221; parallax_method=&#8221;off&#8221; parallax_effect=&#8221;on&#8221; module_bg_color=&#8221;rgba(255,255,255,0)&#8221; use_border_color=&#8221;off&#8221; border_color=&#8221;#ffffff&#8221; border_style=&#8221;solid&#8221; global_colors_info=&#8221;{}&#8221;][\/et_pb_post_title][et_pb_text admin_label=&#8221;Texto&#8221; _builder_version=&#8221;4.16&#8243; background_size=&#8221;initial&#8221; background_position=&#8221;top_left&#8221; background_repeat=&#8221;repeat&#8221; use_border_color=&#8221;off&#8221; border_color=&#8221;#ffffff&#8221; border_style=&#8221;solid&#8221; global_colors_info=&#8221;{}&#8221;]<\/p>\n<h2 class=\"titulocomite\">Instituciones Organizadoras<\/h2>\n<p>&nbsp;<\/p>\n<p>[\/et_pb_text][\/et_pb_column][\/et_pb_row][et_pb_row column_structure=&#8221;1_2,1_2&#8243; _builder_version=&#8221;4.17.6&#8243; _module_preset=&#8221;default&#8221; global_colors_info=&#8221;{}&#8221;][et_pb_column type=&#8221;1_2&#8243; _builder_version=&#8221;4.17.6&#8243; _module_preset=&#8221;default&#8221; global_colors_info=&#8221;{}&#8221;][et_pb_image src=&#8221;https:\/\/congresos.unileon.es\/recsi2024\/wp-content\/uploads\/sites\/16\/2024\/04\/catedra.png&#8221; title_text=&#8221;catedra&#8221; _builder_version=&#8221;4.17.6&#8243; _module_preset=&#8221;default&#8221; global_colors_info=&#8221;{}&#8221;][\/et_pb_image][\/et_pb_column][et_pb_column type=&#8221;1_2&#8243; _builder_version=&#8221;4.17.6&#8243; _module_preset=&#8221;default&#8221; global_colors_info=&#8221;{}&#8221;][et_pb_image src=&#8221;https:\/\/congresos.unileon.es\/recsi2024\/wp-content\/uploads\/sites\/16\/2024\/04\/logotipo-universidad-de-leon-01_l.png&#8221; title_text=&#8221;logotipo-universidad-de-leon-01_l&#8221; _builder_version=&#8221;4.17.6&#8243; _module_preset=&#8221;default&#8221; width=&#8221;94%&#8221; max_width=&#8221;94%&#8221; global_colors_info=&#8221;{}&#8221;][\/et_pb_image][\/et_pb_column][\/et_pb_row][et_pb_row admin_label=&#8221;Fila&#8221; _builder_version=&#8221;4.16&#8243; background_size=&#8221;initial&#8221; background_position=&#8221;top_left&#8221; background_repeat=&#8221;repeat&#8221; global_colors_info=&#8221;{}&#8221;][et_pb_column type=&#8221;4_4&#8243; _builder_version=&#8221;4.16&#8243; custom_padding=&#8221;|||&#8221; global_colors_info=&#8221;{}&#8221; custom_padding__hover=&#8221;|||&#8221;][et_pb_text admin_label=&#8221;Texto&#8221; _builder_version=&#8221;4.16&#8243; background_size=&#8221;initial&#8221; background_position=&#8221;top_left&#8221; background_repeat=&#8221;repeat&#8221; use_border_color=&#8221;off&#8221; border_color=&#8221;#ffffff&#8221; border_style=&#8221;solid&#8221; global_colors_info=&#8221;{}&#8221;]<\/p>\n<p>&nbsp;<\/p>\n<p>&nbsp;<\/p>\n<h2 class=\"titulocomite\">Comit\u00e9 Organizador<\/h2>\n<p>&nbsp;<\/p>\n<h4>Presidenta<\/h4>\n<ul>\n<li>Adriana Suarez Corona, ULE<\/li>\n<\/ul>\n<h4>Miembros<\/h4>\n<ul>\n<li>Tamara \u00c1lvarez Robles, ULE<\/li>\n<li>Jose Antonio Aveleira Mata, ULE<\/li>\n<li>Mart\u00edn Bay\u00f3n Guti\u00e9rrez, ULE<\/li>\n<li>Miguel Carriegos Vieira, ULE<\/li>\n<li>Diego Delgado Bueno, ULE\u00a0<\/li>\n<li>David Escudero Garc\u00eda, ULE<\/li>\n<li>Mar\u00eda Isabel Gonz\u00e1lez Vasco, UC3M<\/li>\n<li>Jos\u00e9 \u00c1ngel Hermida, ULE<\/li>\n<li>Ana Montero, ULE<\/li>\n<li>Diego Narciandi Rodr\u00edguez, ULE<\/li>\n<li>Natalia Prieto Fern\u00e1ndez, ULE<\/li>\n<li>Sergio Rubio Mart\u00edn, ULE<\/li>\n<li>Mar\u00eda Teresa Trobajo de las Matas, ULE<\/li>\n<\/ul>\n<p>[\/et_pb_text][\/et_pb_column][\/et_pb_row][et_pb_row padding_mobile=&#8221;off&#8221; column_padding_mobile=&#8221;on&#8221; admin_label=&#8221;Fila&#8221; _builder_version=&#8221;4.16&#8243; background_size=&#8221;initial&#8221; background_position=&#8221;top_left&#8221; background_repeat=&#8221;repeat&#8221; custom_padding=&#8221;||0px|&#8221; make_fullwidth=&#8221;off&#8221; use_custom_width=&#8221;off&#8221; width_unit=&#8221;on&#8221; global_colors_info=&#8221;{}&#8221;][et_pb_column type=&#8221;4_4&#8243; _builder_version=&#8221;4.16&#8243; custom_padding=&#8221;|||&#8221; global_colors_info=&#8221;{}&#8221; custom_padding__hover=&#8221;|||&#8221;][et_pb_text admin_label=&#8221;Texto&#8221; _builder_version=&#8221;4.16&#8243; background_size=&#8221;initial&#8221; background_position=&#8221;top_left&#8221; background_repeat=&#8221;repeat&#8221; use_border_color=&#8221;off&#8221; border_color=&#8221;#ffffff&#8221; border_style=&#8221;solid&#8221; global_colors_info=&#8221;{}&#8221;]<\/p>\n<p>&nbsp;<\/p>\n<h2 class=\"titulocomite\">Comit\u00e9 Cient\u00edfico<\/h2>\n<h4><\/h4>\n<h4>Miembros<\/h4>\n<p>&nbsp;<\/p>\n<p>[\/et_pb_text][\/et_pb_column][\/et_pb_row][et_pb_row column_structure=&#8221;1_2,1_2&#8243; padding_mobile=&#8221;off&#8221; column_padding_mobile=&#8221;on&#8221; admin_label=&#8221;row&#8221; _builder_version=&#8221;4.16&#8243; background_size=&#8221;initial&#8221; background_position=&#8221;top_left&#8221; background_repeat=&#8221;repeat&#8221; custom_padding=&#8221;0px|||&#8221; make_fullwidth=&#8221;off&#8221; use_custom_width=&#8221;off&#8221; width_unit=&#8221;on&#8221; global_colors_info=&#8221;{}&#8221;][et_pb_column type=&#8221;1_2&#8243; _builder_version=&#8221;4.16&#8243; custom_padding=&#8221;|||&#8221; global_colors_info=&#8221;{}&#8221; custom_padding__hover=&#8221;|||&#8221;][et_pb_text admin_label=&#8221;Texto&#8221; _builder_version=&#8221;4.16&#8243; background_size=&#8221;initial&#8221; background_position=&#8221;top_left&#8221; background_repeat=&#8221;repeat&#8221; use_border_color=&#8221;off&#8221; border_color=&#8221;#ffffff&#8221; border_style=&#8221;solid&#8221; global_colors_info=&#8221;{}&#8221;]<\/p>\n<ul>\n<li>H\u00e9ctor Alaiz Moret\u00f3n, ULE<\/li>\n<li>Florina Almenares, UC3M<\/li>\n<li>Tamara \u00c1lvarez Robles, ULE<\/li>\n<li>David Balbas, IMDEA<\/li>\n<li>Pino Caballero, ULL<\/li>\n<li>Ignacio Cascudo, IMDEA Software<\/li>\n<li>Jordi Castell\u00e0, URV<\/li>\n<li>Noem\u00ed de Castro Garc\u00eda, ULE<\/li>\n<li>Joan Josep Climent, UA<\/li>\n<li>Vanesa Daza, UPF<\/li>\n<li>Josep Domingo, URV<\/li>\n<li>Ra\u00fal Dur\u00e1n, UAH<\/li>\n<li>Juan Tapiador, UC3M<\/li>\n<li>Oriol Faras, URV<\/li>\n<li>Jos\u00e9 Luis Ferrer, UIB<\/li>\n<li>Pedro Garc\u00eda, UGR<\/li>\n<li>Ana Isabel Gonz\u00e1lez-Tablas Ferreres, UC3M<\/li>\n<li>Mar\u00eda Isabel Gonz\u00e1lez, <span>UC3M<\/span><\/li>\n<li>Jaime Guti\u00e9rrez, UC<\/li>\n<li>Luis Hern\u00e1ndez, CSIC<\/li>\n<li>Candelaria Hern\u00e1ndez, ULL<\/li>\n<li>Javier Herranz, UPC<\/li>\n<li>Jordi Herrera, UAB<\/li>\n<li>Lloren\u00e7 Huguet, UIB<\/li>\n<\/ul>\n<p>[\/et_pb_text][\/et_pb_column][et_pb_column type=&#8221;1_2&#8243; _builder_version=&#8221;4.16&#8243; custom_padding=&#8221;|||&#8221; global_colors_info=&#8221;{}&#8221; custom_padding__hover=&#8221;|||&#8221;][et_pb_text admin_label=&#8221;Texto&#8221; _builder_version=&#8221;4.16&#8243; background_size=&#8221;initial&#8221; background_position=&#8221;top_left&#8221; background_repeat=&#8221;repeat&#8221; use_border_color=&#8221;off&#8221; border_color=&#8221;#ffffff&#8221; border_style=&#8221;solid&#8221; global_colors_info=&#8221;{}&#8221;]<\/p>\n<ul>\n<li>Vicente Jara, UPM<\/li>\n<li>Francisco Javier Lobillo, UGR<\/li>\n<li>Javier L\u00f3pez, NICS-Lab<\/li>\n<li>\u00c1ngel Mart\u00edn, USAL<\/li>\n<li>Consuelo Mart\u00ednez, UniOvi<\/li>\n<li>David Meg\u00edas, UOC<\/li>\n<li>Josep M. Miret, UdL<\/li>\n<li>Diego Napp, UA<\/li>\n<li>Alfonso Mu\u00f1oz, Criptored-UPM<\/li>\n<li>Carles Padr\u00f3, UPC<\/li>\n<li>M. Magdalena Payeras, UIB<\/li>\n<li>Alberto Peinado, UMA<\/li>\n<li>Jorge Rami\u00f3, UPM-CriptoRed<\/li>\n<li><span>Ver\u00f3nica Requena, UA\u00a0<\/span><\/li>\n<li>Daniel Sadornil, UC<\/li>\n<li>Germ\u00e1n S\u00e1ez, UPC<\/li>\n<li>Jos\u00e9 Luis Salazar, UniZar<\/li>\n<li>Carmen S\u00e1nchez, UPM<\/li>\n<li>Luis Enrique S\u00e1nchez, UCLM<\/li>\n<li>Francesc Seb\u00e9, UdL<\/li>\n<li>Miguel Soriano, UPC<\/li>\n<li>Adriana Su\u00e1rez Corona, ULE<\/li>\n<li>Juan Tena, UVa<\/li>\n<li>Victor Villagr\u00e1, UPM<\/li>\n<li>Antonio Zamora, UA<\/li>\n<li>Urko Zurutuza, MU<\/li>\n<\/ul>\n<p>[\/et_pb_text][\/et_pb_column][\/et_pb_row][\/et_pb_section][et_pb_section fb_built=&#8221;1&#8243; admin_label=&#8221;Secci\u00f3n&#8221; _builder_version=&#8221;4.16&#8243; global_colors_info=&#8221;{}&#8221;][et_pb_row admin_label=&#8221;Fila&#8221; _builder_version=&#8221;4.16&#8243; background_size=&#8221;initial&#8221; background_position=&#8221;top_left&#8221; background_repeat=&#8221;repeat&#8221; global_colors_info=&#8221;{}&#8221;][et_pb_column type=&#8221;4_4&#8243; _builder_version=&#8221;4.16&#8243; custom_padding=&#8221;|||&#8221; global_colors_info=&#8221;{}&#8221; custom_padding__hover=&#8221;|||&#8221;][et_pb_text admin_label=&#8221;Texto&#8221; module_class=&#8221;entry-title main_title&#8221; _builder_version=&#8221;4.16&#8243; background_size=&#8221;initial&#8221; background_position=&#8221;top_left&#8221; background_repeat=&#8221;repeat&#8221; use_border_color=&#8221;off&#8221; border_color=&#8221;#ffffff&#8221; border_style=&#8221;solid&#8221; global_colors_info=&#8221;{}&#8221;]<\/p>\n<h1>Colaboradores<\/h1>\n<p>[\/et_pb_text][\/et_pb_column][\/et_pb_row][et_pb_row _builder_version=&#8221;4.17.6&#8243; _module_preset=&#8221;default&#8221; global_colors_info=&#8221;{}&#8221;][et_pb_column type=&#8221;4_4&#8243; _builder_version=&#8221;4.17.6&#8243; _module_preset=&#8221;default&#8221; global_colors_info=&#8221;{}&#8221;][et_pb_image src=&#8221;https:\/\/congresos.unileon.es\/recsi2024\/wp-content\/uploads\/sites\/16\/2024\/07\/unnamed-scaled.jpg&#8221; title_text=&#8221;unnamed&#8221; _builder_version=&#8221;4.17.6&#8243; _module_preset=&#8221;default&#8221; global_colors_info=&#8221;{}&#8221;][\/et_pb_image][\/et_pb_column][\/et_pb_row][et_pb_row column_structure=&#8221;1_5,1_5,1_5,1_5,1_5&#8243; _builder_version=&#8221;4.17.6&#8243; _module_preset=&#8221;default&#8221; global_colors_info=&#8221;{}&#8221;][et_pb_column type=&#8221;1_5&#8243; _builder_version=&#8221;4.17.6&#8243; _module_preset=&#8221;default&#8221; global_colors_info=&#8221;{}&#8221;][et_pb_image src=&#8221;https:\/\/congresos.unileon.es\/recsi2024\/wp-content\/uploads\/sites\/16\/2024\/04\/catedra.png&#8221; title_text=&#8221;catedra&#8221; _builder_version=&#8221;4.17.6&#8243; _module_preset=&#8221;default&#8221; global_colors_info=&#8221;{}&#8221;][\/et_pb_image][et_pb_text _builder_version=&#8221;4.17.6&#8243; _module_preset=&#8221;default&#8221; custom_margin=&#8221;|-759px||||&#8221; custom_padding=&#8221;|0px||||&#8221; global_colors_info=&#8221;{}&#8221;]<\/p>\n<p style=\"font-weight: 400\"><span>La C\u00e1tedra de Ciberseguridad de la Universidad de Le\u00f3n, en colaboraci\u00f3n con el\u00a0<\/span><span><a href=\"https:\/\/www.incibe.es\/\" data-saferedirecturl=\"https:\/\/www.google.com\/url?q=https:\/\/www.incibe.es\/&amp;source=gmail&amp;ust=1722428381183000&amp;usg=AOvVaw3k57gZIkB8rhlJVQE_a_Qn\">Instituto Nacional de Ciberseguridad (INCIBE)<\/a><\/span><span>, entidad dependiente del Ministerio para la Transformaci\u00f3n Digital y de la Funci\u00f3n P\u00fablica, a trav\u00e9s de la Secretar\u00eda de Estado de Digitalizaci\u00f3n e Inteligencia Artificial\u00a0organiza RECSI 2024.<\/span><\/p>\n<p style=\"font-weight: 400\">Esta actividad es<span>\u00a0<\/span>parte del convenio entre INCIBE y la Universidad de Le\u00f3n incluido en el<span>\u00a0<\/span><a href=\"https:\/\/www.incibe.es\/ed2026\/ciberinnova\/catedras\" data-saferedirecturl=\"https:\/\/www.google.com\/url?q=https:\/\/www.incibe.es\/ed2026\/ciberinnova\/catedras&amp;source=gmail&amp;ust=1722428381183000&amp;usg=AOvVaw3Nud_AmIht41_ih9uAijgs\">programa de C\u00e1tedras de Ciberseguridad<\/a><span>\u00a0<\/span>en Espa\u00f1a,<span>\u00a0<\/span>en el marco del<span>\u00a0<\/span><a href=\"https:\/\/planderecuperacion.gob.es\/\" data-saferedirecturl=\"https:\/\/www.google.com\/url?q=https:\/\/planderecuperacion.gob.es\/&amp;source=gmail&amp;ust=1722428381183000&amp;usg=AOvVaw3m0DYqWb7yKG4CLysWIjRS\">Plan de Recuperaci\u00f3n, Transformaci\u00f3n y Resiliencia<\/a>, con la financiaci\u00f3n de los<span>\u00a0<\/span><a href=\"https:\/\/commission.europa.eu\/strategy-and-policy\/recovery-plan-europe_es\" data-saferedirecturl=\"https:\/\/www.google.com\/url?q=https:\/\/commission.europa.eu\/strategy-and-policy\/recovery-plan-europe_es&amp;source=gmail&amp;ust=1722428381183000&amp;usg=AOvVaw0tVY7O4rkHdwMfOjIttAVx\">Fondos\u00a0<em>Next Generation-EU<\/em><\/a>.<\/p>\n<p>[\/et_pb_text][\/et_pb_column][et_pb_column type=&#8221;1_5&#8243; _builder_version=&#8221;4.17.6&#8243; _module_preset=&#8221;default&#8221; global_colors_info=&#8221;{}&#8221;][et_pb_image src=&#8221;https:\/\/congresos.unileon.es\/recsi2024\/wp-content\/uploads\/sites\/16\/2016\/11\/universidad-de-leon.png&#8221; title_text=&#8221;universidad-de-leon&#8221; _builder_version=&#8221;4.17.6&#8243; _module_preset=&#8221;default&#8221; global_colors_info=&#8221;{}&#8221;][\/et_pb_image][\/et_pb_column][et_pb_column type=&#8221;1_5&#8243; _builder_version=&#8221;4.17.6&#8243; _module_preset=&#8221;default&#8221; global_colors_info=&#8221;{}&#8221;][et_pb_image src=&#8221;https:\/\/congresos.unileon.es\/recsi2024\/wp-content\/uploads\/sites\/16\/2024\/04\/LOGO_RIASC-2048&#215;1510-1.png&#8221; title_text=&#8221;LOGO_RIASC-2048&#215;1510&#8243; _builder_version=&#8221;4.17.6&#8243; _module_preset=&#8221;default&#8221; max_width=&#8221;58%&#8221; global_colors_info=&#8221;{}&#8221;][\/et_pb_image][\/et_pb_column][et_pb_column type=&#8221;1_5&#8243; _builder_version=&#8221;4.17.6&#8243; _module_preset=&#8221;default&#8221; global_colors_info=&#8221;{}&#8221;][et_pb_image src=&#8221;https:\/\/congresos.unileon.es\/recsi2024\/wp-content\/uploads\/sites\/16\/2024\/10\/RENIC.png&#8221; title_text=&#8221;RENIC&#8221; _builder_version=&#8221;4.17.6&#8243; _module_preset=&#8221;default&#8221; global_colors_info=&#8221;{}&#8221;][\/et_pb_image][\/et_pb_column][et_pb_column type=&#8221;1_5&#8243; _builder_version=&#8221;4.17.6&#8243; _module_preset=&#8221;default&#8221; global_colors_info=&#8221;{}&#8221;][et_pb_image src=&#8221;https:\/\/congresos.unileon.es\/recsi2024\/wp-content\/uploads\/sites\/16\/2024\/10\/Actividades-ULE_page-0001-scaled.jpg&#8221; title_text=&#8221;Actividades ULE_page-0001&#8243; _builder_version=&#8221;4.17.6&#8243; _module_preset=&#8221;default&#8221; global_colors_info=&#8221;{}&#8221;][\/et_pb_image][\/et_pb_column][\/et_pb_row][\/et_pb_section]<\/p>\n","protected":false},"excerpt":{"rendered":"<p>Instituciones Organizadoras &nbsp;&nbsp; &nbsp; Comit\u00e9 Organizador &nbsp; Presidenta Adriana Suarez Corona, ULE Miembros Tamara \u00c1lvarez Robles, ULE Jose Antonio Aveleira Mata, ULE Mart\u00edn Bay\u00f3n Guti\u00e9rrez, ULE Miguel Carriegos Vieira, ULE Diego Delgado Bueno, ULE\u00a0 David Escudero Garc\u00eda, ULE Mar\u00eda Isabel Gonz\u00e1lez Vasco, UC3M Jos\u00e9 \u00c1ngel Hermida, ULE Ana Montero, ULE Diego Narciandi Rodr\u00edguez, ULE Natalia [&hellip;]<\/p>\n","protected":false},"author":10,"featured_media":0,"parent":0,"menu_order":0,"comment_status":"closed","ping_status":"closed","template":"","meta":{"_et_pb_use_builder":"on","_et_pb_old_content":"<strong>Organizadores<\/strong>\r\n<ul>\r\n \t<li>Grupo de Innovaci\u00f3n Docente IFAHE - Innovation through Formative Assessment in Higher Education de la Universidad de Le\u00f3n<\/li>\r\n \t<li>Universidad de Le\u00f3n<\/li>\r\n \t<li>Red de Evaluaci\u00f3n Formativa y Compartida en Educaci\u00f3n Superior (REFYCES)<\/li>\r\n<\/ul>\r\n<strong>\u00a0<\/strong>\r\n\r\n<strong>Comit\u00e9 Organizador<\/strong>\r\n<ul>\r\n \t<li>\u00c1ngel P\u00e9rez Pueyo (Dpto de Educaci\u00f3n F\u00edsica y Deportiva, Universidad de Le\u00f3n) - Presidente<\/li>\r\n \t<li>\u00c1ngeles Diez Fern\u00e1ndez (Dpto de Filolog\u00eda Moderna, Universidad de Le\u00f3n)<\/li>\r\n \t<li>Carlos Guti\u00e9rrez Garc\u00eda (Dpto de Educaci\u00f3n F\u00edsica y Deportiva, Universidad de Le\u00f3n)<\/li>\r\n \t<li>David Hortig\u00fcela Alcal\u00e1 (Dpto de Did\u00e1cticas Espec\u00edficas, Universidad de Burgos)<\/li>\r\n \t<li>Inmaculada Gonz\u00e1lez Alonso (Dpto de Ingenier\u00edas El\u00e9ctrica y de Sistemas y Autom\u00e1tica, Universidad de Le\u00f3n)<\/li>\r\n \t<li>M\u00aa. Dolores Alonso-Cort\u00e9s Fradejas (Dpto de Filolog\u00eda Hisp\u00e1nica y Cl\u00e1sica, Universidad de Le\u00f3n)<\/li>\r\n \t<li>Marta Eva Garc\u00eda Gonz\u00e1lez (Dpto. Biodiversidad y Gesti\u00f3n Ambiental, Universidad de Le\u00f3n)<\/li>\r\n \t<li>Raquel Dom\u00ednguez Fern\u00e1ndez (Dpto de Geograf\u00eda y Geolog\u00eda, Universidad de Le\u00f3n)<\/li>\r\n \t<li>Roberto Fern\u00e1ndez Fern\u00e1ndez (Dpto de Derecho Privado y de la Empresa, Universidad de Le\u00f3n)<\/li>\r\n \t<li>V\u00edctor Manuel L\u00f3pez Pastor (Departamentode Did\u00e1ctica de la Expresi\u00f3n Musical, Pl\u00e1stica y Corporal, Universidad de Valladolid)<\/li>\r\n<\/ul>\r\n\u00a0\r\n\r\n<strong>Comit\u00e9 de Honor<\/strong>\r\n<ul>\r\n \t<li>Rector Magn\u00edfico de la Universidad de Le\u00f3n<\/li>\r\n<\/ul>\r\n<ol>\r\n \t<li>Juan Francisco Garc\u00eda Mar\u00edn<\/li>\r\n<\/ol>\r\n<ul>\r\n \t<li>Decano de la Facultad de Educaci\u00f3n de la Universidad de Le\u00f3n<\/li>\r\n<\/ul>\r\n<ol>\r\n \t<li>Jos\u00e9\u00a0M\u00aa\u00a0Santamarta\u00a0Luengos<\/li>\r\n<\/ol>\r\n\u00a0\r\n\r\n<strong>Comit\u00e9 Cient\u00edfico<\/strong>\r\n<ul>\r\n \t<li>Alberto Modeno Do\u00f1a (Universidad de Valpara\u00edso, Chile)<\/li>\r\n \t<li>Alejandra Hernando Garijo (Universidad de Burgos)<\/li>\r\n \t<li>\u00c1ngel P\u00e9rez Pueyo (Universidad de Le\u00f3n, Espa\u00f1a)<\/li>\r\n \t<li>\u00c1ngeles Diez Fern\u00e1ndez (Universidad de Le\u00f3n, Espa\u00f1a)<\/li>\r\n \t<li>Antonio Fraile Aranda (Universidad de Valladolid)<\/li>\r\n \t<li>Carlos Guti\u00e9rrez Garc\u00eda (Universidad de Le\u00f3n, Espa\u00f1a)<\/li>\r\n \t<li>Cristina Vall\u00e9s Rapp (Universidad de Valladolid)<\/li>\r\n \t<li>David Hortig\u00fcela Alcal\u00e1 (Universidad de Burgos, Espa\u00f1a)<\/li>\r\n \t<li>Fco. Javier Castej\u00f3n Oliva (Universidad Aut\u00f3noma de Madrid)<\/li>\r\n \t<li>Inmaculada Gonz\u00e1lez Alonso (Universidad de Le\u00f3n, Espa\u00f1a)<\/li>\r\n \t<li>Irina Salcines Talledo (Universidad de Cantabria)<\/li>\r\n \t<li>Lurdes Mart\u00ednez M\u00ednguez (Universidad Aut\u00f3noma de Barcelona)<\/li>\r\n \t<li>Marta Eva Garc\u00eda Gonz\u00e1lez (Universidad de Le\u00f3n, Espa\u00f1a)<\/li>\r\n \t<li>M\u00aa Antonia L\u00f3pez Luengo (Universidad de Valladolid)<\/li>\r\n \t<li>M\u00aa. Dolores Alonso-Cort\u00e9s Fradejas (Universidad de Le\u00f3n, Espa\u00f1a)<\/li>\r\n \t<li>Natalia Gonz\u00e1lez Fern\u00e1ndez (Universidad de Cantabria)<\/li>\r\n \t<li>Patricia Pintor D\u00edaz (Universidad de La Laguna)<\/li>\r\n \t<li>Raquel Dom\u00ednguez Fern\u00e1ndez (Universidad de Le\u00f3n, Espa\u00f1a)<\/li>\r\n \t<li>Roberto Fern\u00e1ndez Fern\u00e1ndez (Universidad de Le\u00f3n, Espa\u00f1a)<\/li>\r\n \t<li>V\u00edctor Abella Garc\u00eda (Universidad de Burgos)<\/li>\r\n<\/ul>\r\n\u00a0\r\n\r\n<strong>Patrocinio Editorial<\/strong>\r\n<ul>\r\n \t<li>Revista \u201cInfancia, Educaci\u00f3n y Aprendizaje\u201d (<a href=\"https:\/\/revistainfanciaeducacionyaprendizaje.com\/\">IEYA<\/a>)<\/li>\r\n<\/ul>","_et_gb_content_width":"","footnotes":""},"class_list":["post-106","page","type-page","status-publish","hentry"],"_links":{"self":[{"href":"https:\/\/congresos.unileon.es\/recsi2024\/wp-json\/wp\/v2\/pages\/106","targetHints":{"allow":["GET"]}}],"collection":[{"href":"https:\/\/congresos.unileon.es\/recsi2024\/wp-json\/wp\/v2\/pages"}],"about":[{"href":"https:\/\/congresos.unileon.es\/recsi2024\/wp-json\/wp\/v2\/types\/page"}],"author":[{"embeddable":true,"href":"https:\/\/congresos.unileon.es\/recsi2024\/wp-json\/wp\/v2\/users\/10"}],"replies":[{"embeddable":true,"href":"https:\/\/congresos.unileon.es\/recsi2024\/wp-json\/wp\/v2\/comments?post=106"}],"version-history":[{"count":93,"href":"https:\/\/congresos.unileon.es\/recsi2024\/wp-json\/wp\/v2\/pages\/106\/revisions"}],"predecessor-version":[{"id":1315,"href":"https:\/\/congresos.unileon.es\/recsi2024\/wp-json\/wp\/v2\/pages\/106\/revisions\/1315"}],"wp:attachment":[{"href":"https:\/\/congresos.unileon.es\/recsi2024\/wp-json\/wp\/v2\/media?parent=106"}],"curies":[{"name":"wp","href":"https:\/\/api.w.org\/{rel}","templated":true}]}}