{"id":110,"date":"2016-11-07T12:03:17","date_gmt":"2016-11-07T12:03:17","guid":{"rendered":"http:\/\/congresos.unileon.es\/plantilla\/?page_id=110"},"modified":"2025-04-01T08:52:46","modified_gmt":"2025-04-01T08:52:46","slug":"comunicaciones","status":"publish","type":"page","link":"https:\/\/congresos.unileon.es\/recsi2024\/comunicaciones\/","title":{"rendered":"Comunicaciones"},"content":{"rendered":"<p>[et_pb_section fb_built=&#8221;1&#8243; admin_label=&#8221;section&#8221; _builder_version=&#8221;4.16&#8243; global_colors_info=&#8221;{}&#8221;][et_pb_row admin_label=&#8221;row&#8221; _builder_version=&#8221;4.16&#8243; background_size=&#8221;initial&#8221; background_position=&#8221;top_left&#8221; background_repeat=&#8221;repeat&#8221; global_colors_info=&#8221;{}&#8221;][et_pb_column type=&#8221;4_4&#8243; _builder_version=&#8221;4.16&#8243; custom_padding=&#8221;|||&#8221; global_colors_info=&#8221;{}&#8221; custom_padding__hover=&#8221;|||&#8221;][et_pb_text admin_label=&#8221;Texto&#8221; _builder_version=&#8221;4.17.6&#8243; background_size=&#8221;initial&#8221; background_position=&#8221;top_left&#8221; background_repeat=&#8221;repeat&#8221; use_border_color=&#8221;off&#8221; border_color=&#8221;#ffffff&#8221; border_style=&#8221;solid&#8221; global_colors_info=&#8221;{}&#8221;]<\/p>\n<p class=\"comunicaciones\">Comunicaciones<\/p>\n<h2><\/h2>\n<h2>Areas de Inter\u00e9s<\/h2>\n<p>La RECSI da cabida a trabajos que presenten resultados de investigaci\u00f3n te\u00f3rica y pr\u00e1ctica en el campo de la Seguridad de las TIC. Entre otros t\u00f3picos, se contemplan los siguientes:<\/p>\n<p>[\/et_pb_text][\/et_pb_column][\/et_pb_row][et_pb_row column_structure=&#8221;1_2,1_2&#8243; _builder_version=&#8221;4.17.6&#8243; _module_preset=&#8221;default&#8221; global_colors_info=&#8221;{}&#8221;][et_pb_column type=&#8221;1_2&#8243; _builder_version=&#8221;4.17.6&#8243; _module_preset=&#8221;default&#8221; global_colors_info=&#8221;{}&#8221;][et_pb_text _builder_version=&#8221;4.17.6&#8243; _module_preset=&#8221;default&#8221; global_colors_info=&#8221;{}&#8221;]<\/p>\n<p>\u25cf An\u00e1lisis forense<br \/>\u25cf An\u00e1lisis de herramientas y protocolos criptogr\u00e1ficos<br \/>\u25cf Anonimato<br \/>\u25cf Aplicaciones del aprendizaje autom\u00e1tico a seguridad y privacidad<br \/>\u25cf Control de acceso<br \/>\u25cf Criptograf\u00eda (te\u00f3rica o aplicada)<br \/>\u25cf Criptograf\u00eda cu\u00e1ntica<br \/>\u25cf Criptograf\u00eda postcu\u00e1ntica<br \/>\u25cf Criptograf\u00eda ligera<br \/>\u25cf Desarrollos matem\u00e1ticos \u00fatiles en criptograf\u00eda<br \/>\u25cf Detecci\u00f3n y prevenci\u00f3n de intrusiones<br \/>\u25cf Evaluaci\u00f3n de riesgos<br \/>\u25cf Gesti\u00f3n de identidades<\/p>\n<p>[\/et_pb_text][\/et_pb_column][et_pb_column type=&#8221;1_2&#8243; _builder_version=&#8221;4.17.6&#8243; _module_preset=&#8221;default&#8221; global_colors_info=&#8221;{}&#8221;][et_pb_text _builder_version=&#8221;4.17.6&#8243; _module_preset=&#8221;default&#8221; global_colors_info=&#8221;{}&#8221;]<\/p>\n<p>\u25cf Identificaci\u00f3n, autenticaci\u00f3n y no repudio<br \/>\u25cf Implementaci\u00f3n de herramientas criptogr\u00e1ficas<br \/>\u25cf Implicaciones \u00e9ticas y jur\u00eddicas de la seguridad y la privacidad<br \/>\u25cf Integridad de los datos<br \/>\u25cf Metodolog\u00edas seguras de desarrollo de software<br \/>\u25cf M\u00e9todos formales para la seguridad<br \/>\u25cf Pol\u00edticas de seguridad y privacidad<br \/>\u25cf Protecci\u00f3n de infraestructuras cr\u00edticas<br \/>\u25cf Seguridad y privacidad (en bases de datos, biometr\u00eda, blockchain, IoT, <br \/>\u00a0 \u00a0aprendizaje autom\u00e1tico..)<br \/>\u25cf Seguridad en redes<br \/>\u25cf Tecnolog\u00edas de mejora de la privacidad<\/p>\n<p>[\/et_pb_text][\/et_pb_column][\/et_pb_row][et_pb_row admin_label=&#8221;Fila&#8221; _builder_version=&#8221;4.16&#8243; background_size=&#8221;initial&#8221; background_position=&#8221;top_left&#8221; background_repeat=&#8221;repeat&#8221; custom_padding=&#8221;0px|||||&#8221; global_colors_info=&#8221;{}&#8221;][et_pb_column type=&#8221;4_4&#8243; _builder_version=&#8221;4.16&#8243; custom_padding=&#8221;|||&#8221; global_colors_info=&#8221;{}&#8221; custom_padding__hover=&#8221;|||&#8221;][et_pb_text admin_label=&#8221;Texto&#8221; _builder_version=&#8221;4.17.6&#8243; background_size=&#8221;initial&#8221; background_position=&#8221;top_left&#8221; background_repeat=&#8221;repeat&#8221; use_border_color=&#8221;off&#8221; border_color=&#8221;#ffffff&#8221; border_style=&#8221;solid&#8221; global_colors_info=&#8221;{}&#8221;]<\/p>\n<h2 style=\"text-align: left\"><\/h2>\n<h2 style=\"text-align: left\">Env\u00edo de contribuciones<\/h2>\n<p>Dos tipos de contribuciones son bienvenidas,<strong>\u00a0<\/strong><span><strong>por favor, indicad en el abstract el tipo de contribuci\u00f3n (Art\u00edculo original\/ Art\u00edculo ya publicado)<\/strong>\u00a0<\/span><span>:<\/span><\/p>\n<p>\u25cf Art\u00edculos originales, no publicados en otro foro de difusi\u00f3n ni sometidos simult\u00e1neamente para su evaluaci\u00f3n a otro congreso o revista; m\u00e1ximo 6 p\u00e1ginas<span>\u00a0<\/span><br \/>(ap\u00e9ndices y bibliograf\u00eda incluidos).<br \/>\u25cf Res\u00famenes extendidos de resultados ya publicados durante los a\u00f1os 2023 y 2024, m\u00e1ximo 4 p\u00e1ginas (ap\u00e9ndices y bibliograf\u00eda incluidos).<\/p>\n<p style=\"text-align: left\">Los art\u00edculos deben ser elaborados usando la siguiente <a href=\"https:\/\/congresos.unileon.es\/recsi2024\/wp-content\/uploads\/sites\/16\/2024\/04\/Plantilla_RECSI2024.zip\"><strong><span style=\"text-decoration: underline\">plantilla LaTeX<\/span><\/strong><\/a>\u00a0 y enviados en formato PDF a trav\u00e9s de la plataforma EasyChair (<a href=\"https:\/\/easychair.org\/conferences\/?conf=recsi2024\">https:\/\/easychair.org\/conferences\/?conf=recsi2024<\/a>) antes del pr\u00f3ximo <strong><span style=\"text-decoration: line-through\">10 de junio de 2024 <\/span><\/strong>\u00a0 <span><strong>se ampl\u00eda al 24 de junio<\/strong>.\u00a0<\/span><\/p>\n<p>El <strong><span style=\"text-decoration: line-through\">20 de julio<\/span> 24 de julio<\/strong>\u00a0se notificar\u00e1 a los autores si su propuesta es aceptada para ser presentada e incluida en las actas de la Reuni\u00f3n por el Comit\u00e9 de Programa del evento.<\/p>\n<p>Dos tipos de contribuciones son bienvenidas:<\/p>\n<p style=\"padding-left: 40px\">\u25cf Art\u00edculos originales, no publicados en otro foro de difusi\u00f3n ni sometidos simult\u00e1neamente para su evaluaci\u00f3n a otro congreso o revista; m\u00e1ximo 6 p\u00e1ginas<br \/>(ap\u00e9ndices y bibliograf\u00eda incluidos).<br \/>\u25cf Res\u00famenes extendidos de resultados ya publicados durante los a\u00f1os 2023 y 2024, m\u00e1ximo 4 p\u00e1ginas (ap\u00e9ndices y bibliograf\u00eda incluidos).<\/p>\n<p>[\/et_pb_text][et_pb_text admin_label=&#8221;Texto&#8221; _builder_version=&#8221;4.17.6&#8243; background_size=&#8221;initial&#8221; background_position=&#8221;top_left&#8221; background_repeat=&#8221;repeat&#8221; hover_enabled=&#8221;0&#8243; use_border_color=&#8221;off&#8221; border_color=&#8221;#ffffff&#8221; border_style=&#8221;solid&#8221; global_colors_info=&#8221;{}&#8221; sticky_enabled=&#8221;0&#8243;]<\/p>\n<p class=\"comunicaciones\">Actas<\/p>\n<h2><\/h2>\n<p><span>Las actas de RECSI 2024 est\u00e1n publicadas por el Servicio de Publicaciones de la Universidad de Le\u00f3n.<br \/><\/span><span>Puedes descargarlas en este enlace: <\/span><a href=\"https:\/\/buleria.unileon.es\/handle\/10612\/24551\" target=\"_blank\" data-saferedirecturl=\"https:\/\/www.google.com\/url?q=https:\/\/buleria.unileon.es\/handle\/10612\/24551&amp;source=gmail&amp;ust=1743583631064000&amp;usg=AOvVaw0IGZS64LBNSLxmnMlx4KIx\" rel=\"noopener\">https:\/\/buleria.unileon.es\/handle\/10612\/24551<\/a><span>.<\/span><\/p>\n<p>[\/et_pb_text][\/et_pb_column][\/et_pb_row][\/et_pb_section][et_pb_section fb_built=&#8221;1&#8243; admin_label=&#8221;Secci\u00f3n&#8221; _builder_version=&#8221;4.16&#8243; global_colors_info=&#8221;{}&#8221;][et_pb_row admin_label=&#8221;Fila&#8221; _builder_version=&#8221;4.16&#8243; background_size=&#8221;initial&#8221; background_position=&#8221;top_left&#8221; background_repeat=&#8221;repeat&#8221; global_colors_info=&#8221;{}&#8221;][et_pb_column type=&#8221;4_4&#8243; _builder_version=&#8221;4.16&#8243; custom_padding=&#8221;|||&#8221; global_colors_info=&#8221;{}&#8221; custom_padding__hover=&#8221;|||&#8221;][et_pb_text admin_label=&#8221;Texto&#8221; module_class=&#8221;entry-title main_title&#8221; _builder_version=&#8221;4.16&#8243; background_size=&#8221;initial&#8221; background_position=&#8221;top_left&#8221; background_repeat=&#8221;repeat&#8221; use_border_color=&#8221;off&#8221; border_color=&#8221;#ffffff&#8221; border_style=&#8221;solid&#8221; global_colors_info=&#8221;{}&#8221;]<\/p>\n<h1>Colaboradores<\/h1>\n<p>[\/et_pb_text][\/et_pb_column][\/et_pb_row][et_pb_row _builder_version=&#8221;4.17.6&#8243; _module_preset=&#8221;default&#8221; global_colors_info=&#8221;{}&#8221;][et_pb_column type=&#8221;4_4&#8243; _builder_version=&#8221;4.17.6&#8243; _module_preset=&#8221;default&#8221; global_colors_info=&#8221;{}&#8221;][et_pb_image src=&#8221;https:\/\/congresos.unileon.es\/recsi2024\/wp-content\/uploads\/sites\/16\/2024\/07\/unnamed-scaled.jpg&#8221; title_text=&#8221;unnamed&#8221; _builder_version=&#8221;4.17.6&#8243; _module_preset=&#8221;default&#8221; global_colors_info=&#8221;{}&#8221;][\/et_pb_image][\/et_pb_column][\/et_pb_row][et_pb_row column_structure=&#8221;1_5,1_5,1_5,1_5,1_5&#8243; _builder_version=&#8221;4.17.6&#8243; _module_preset=&#8221;default&#8221; global_colors_info=&#8221;{}&#8221;][et_pb_column type=&#8221;1_5&#8243; _builder_version=&#8221;4.17.6&#8243; _module_preset=&#8221;default&#8221; global_colors_info=&#8221;{}&#8221;][et_pb_image src=&#8221;https:\/\/congresos.unileon.es\/recsi2024\/wp-content\/uploads\/sites\/16\/2024\/04\/catedra.png&#8221; title_text=&#8221;catedra&#8221; _builder_version=&#8221;4.17.6&#8243; _module_preset=&#8221;default&#8221; global_colors_info=&#8221;{}&#8221;][\/et_pb_image][et_pb_text _builder_version=&#8221;4.17.6&#8243; _module_preset=&#8221;default&#8221; custom_margin=&#8221;|-759px||||&#8221; custom_padding=&#8221;|0px||||&#8221; global_colors_info=&#8221;{}&#8221;]<\/p>\n<p style=\"font-weight: 400\"><span>La C\u00e1tedra de Ciberseguridad de la Universidad de Le\u00f3n, en colaboraci\u00f3n con el\u00a0<\/span><span><a href=\"https:\/\/www.incibe.es\/\" data-saferedirecturl=\"https:\/\/www.google.com\/url?q=https:\/\/www.incibe.es\/&amp;source=gmail&amp;ust=1722428381183000&amp;usg=AOvVaw3k57gZIkB8rhlJVQE_a_Qn\">Instituto Nacional de Ciberseguridad (INCIBE)<\/a><\/span><span>, entidad dependiente del Ministerio para la Transformaci\u00f3n Digital y de la Funci\u00f3n P\u00fablica, a trav\u00e9s de la Secretar\u00eda de Estado de Digitalizaci\u00f3n e Inteligencia Artificial\u00a0organiza RECSI 2024.<\/span><\/p>\n<p style=\"font-weight: 400\">Esta actividad es<span>\u00a0<\/span>parte del convenio entre INCIBE y la Universidad de Le\u00f3n incluido en el<span>\u00a0<\/span><a href=\"https:\/\/www.incibe.es\/ed2026\/ciberinnova\/catedras\" data-saferedirecturl=\"https:\/\/www.google.com\/url?q=https:\/\/www.incibe.es\/ed2026\/ciberinnova\/catedras&amp;source=gmail&amp;ust=1722428381183000&amp;usg=AOvVaw3Nud_AmIht41_ih9uAijgs\">programa de C\u00e1tedras de Ciberseguridad<\/a><span>\u00a0<\/span>en Espa\u00f1a,<span>\u00a0<\/span>en el marco del<span>\u00a0<\/span><a href=\"https:\/\/planderecuperacion.gob.es\/\" data-saferedirecturl=\"https:\/\/www.google.com\/url?q=https:\/\/planderecuperacion.gob.es\/&amp;source=gmail&amp;ust=1722428381183000&amp;usg=AOvVaw3m0DYqWb7yKG4CLysWIjRS\">Plan de Recuperaci\u00f3n, Transformaci\u00f3n y Resiliencia<\/a>, con la financiaci\u00f3n de los<span>\u00a0<\/span><a href=\"https:\/\/commission.europa.eu\/strategy-and-policy\/recovery-plan-europe_es\" data-saferedirecturl=\"https:\/\/www.google.com\/url?q=https:\/\/commission.europa.eu\/strategy-and-policy\/recovery-plan-europe_es&amp;source=gmail&amp;ust=1722428381183000&amp;usg=AOvVaw0tVY7O4rkHdwMfOjIttAVx\">Fondos\u00a0<em>Next Generation-EU<\/em><\/a>.<\/p>\n<p>[\/et_pb_text][\/et_pb_column][et_pb_column type=&#8221;1_5&#8243; _builder_version=&#8221;4.17.6&#8243; _module_preset=&#8221;default&#8221; global_colors_info=&#8221;{}&#8221;][et_pb_image src=&#8221;https:\/\/congresos.unileon.es\/recsi2024\/wp-content\/uploads\/sites\/16\/2016\/11\/universidad-de-leon.png&#8221; title_text=&#8221;universidad-de-leon&#8221; _builder_version=&#8221;4.17.6&#8243; _module_preset=&#8221;default&#8221; global_colors_info=&#8221;{}&#8221;][\/et_pb_image][\/et_pb_column][et_pb_column type=&#8221;1_5&#8243; _builder_version=&#8221;4.17.6&#8243; _module_preset=&#8221;default&#8221; global_colors_info=&#8221;{}&#8221;][et_pb_image src=&#8221;https:\/\/congresos.unileon.es\/recsi2024\/wp-content\/uploads\/sites\/16\/2024\/04\/LOGO_RIASC-2048&#215;1510-1.png&#8221; title_text=&#8221;LOGO_RIASC-2048&#215;1510&#8243; _builder_version=&#8221;4.17.6&#8243; _module_preset=&#8221;default&#8221; max_width=&#8221;58%&#8221; global_colors_info=&#8221;{}&#8221;][\/et_pb_image][\/et_pb_column][et_pb_column type=&#8221;1_5&#8243; _builder_version=&#8221;4.17.6&#8243; _module_preset=&#8221;default&#8221; global_colors_info=&#8221;{}&#8221;][et_pb_image src=&#8221;https:\/\/congresos.unileon.es\/recsi2024\/wp-content\/uploads\/sites\/16\/2024\/10\/RENIC.png&#8221; title_text=&#8221;RENIC&#8221; _builder_version=&#8221;4.17.6&#8243; _module_preset=&#8221;default&#8221; global_colors_info=&#8221;{}&#8221;][\/et_pb_image][\/et_pb_column][et_pb_column type=&#8221;1_5&#8243; _builder_version=&#8221;4.17.6&#8243; _module_preset=&#8221;default&#8221; global_colors_info=&#8221;{}&#8221;][et_pb_image src=&#8221;https:\/\/congresos.unileon.es\/recsi2024\/wp-content\/uploads\/sites\/16\/2024\/10\/Actividades-ULE_page-0001-scaled.jpg&#8221; title_text=&#8221;Actividades ULE_page-0001&#8243; _builder_version=&#8221;4.17.6&#8243; _module_preset=&#8221;default&#8221; global_colors_info=&#8221;{}&#8221;][\/et_pb_image][\/et_pb_column][\/et_pb_row][\/et_pb_section]<\/p>\n","protected":false},"excerpt":{"rendered":"<p>Comunicaciones Areas de Inter\u00e9s La RECSI da cabida a trabajos que presenten resultados de investigaci\u00f3n te\u00f3rica y pr\u00e1ctica en el campo de la Seguridad de las TIC. Entre otros t\u00f3picos, se contemplan los siguientes:\u25cf An\u00e1lisis forense\u25cf An\u00e1lisis de herramientas y protocolos criptogr\u00e1ficos\u25cf Anonimato\u25cf Aplicaciones del aprendizaje autom\u00e1tico a seguridad y privacidad\u25cf Control de acceso\u25cf Criptograf\u00eda [&hellip;]<\/p>\n","protected":false},"author":10,"featured_media":0,"parent":0,"menu_order":0,"comment_status":"closed","ping_status":"closed","template":"","meta":{"_et_pb_use_builder":"on","_et_pb_old_content":"El env\u00edo de trabajos para el X Congreso Internacional de Evaluaci\u00f3n Formativa y Compartida se realizar\u00e1 mediante correo electr\u00f3nico a la direcci\u00f3n ifahe.unileon@gmail.com. Cada autor podr\u00e1 presentar un m\u00e1ximo de dos trabajos como primer autor, que deben ser contribuciones originales e in\u00e9ditas.\r\nLas tem\u00e1ticas prioritarias del congreso son:","_et_gb_content_width":"","footnotes":""},"class_list":["post-110","page","type-page","status-publish","hentry"],"_links":{"self":[{"href":"https:\/\/congresos.unileon.es\/recsi2024\/wp-json\/wp\/v2\/pages\/110","targetHints":{"allow":["GET"]}}],"collection":[{"href":"https:\/\/congresos.unileon.es\/recsi2024\/wp-json\/wp\/v2\/pages"}],"about":[{"href":"https:\/\/congresos.unileon.es\/recsi2024\/wp-json\/wp\/v2\/types\/page"}],"author":[{"embeddable":true,"href":"https:\/\/congresos.unileon.es\/recsi2024\/wp-json\/wp\/v2\/users\/10"}],"replies":[{"embeddable":true,"href":"https:\/\/congresos.unileon.es\/recsi2024\/wp-json\/wp\/v2\/comments?post=110"}],"version-history":[{"count":69,"href":"https:\/\/congresos.unileon.es\/recsi2024\/wp-json\/wp\/v2\/pages\/110\/revisions"}],"predecessor-version":[{"id":1317,"href":"https:\/\/congresos.unileon.es\/recsi2024\/wp-json\/wp\/v2\/pages\/110\/revisions\/1317"}],"wp:attachment":[{"href":"https:\/\/congresos.unileon.es\/recsi2024\/wp-json\/wp\/v2\/media?parent=110"}],"curies":[{"name":"wp","href":"https:\/\/api.w.org\/{rel}","templated":true}]}}