{"id":112,"date":"2016-11-07T12:03:32","date_gmt":"2016-11-07T12:03:32","guid":{"rendered":"http:\/\/congresos.unileon.es\/plantilla\/?page_id=112"},"modified":"2024-10-14T09:03:31","modified_gmt":"2024-10-14T09:03:31","slug":"inscripciones","status":"publish","type":"page","link":"https:\/\/congresos.unileon.es\/recsi2024\/inscripciones\/","title":{"rendered":"Inscripciones"},"content":{"rendered":"<p>[et_pb_section fb_built=&#8221;1&#8243; admin_label=&#8221;section&#8221; _builder_version=&#8221;4.16&#8243; global_colors_info=&#8221;{}&#8221;][et_pb_row admin_label=&#8221;row&#8221; _builder_version=&#8221;4.16&#8243; background_size=&#8221;initial&#8221; background_position=&#8221;top_left&#8221; background_repeat=&#8221;repeat&#8221; global_colors_info=&#8221;{}&#8221;][et_pb_column type=&#8221;4_4&#8243; _builder_version=&#8221;4.16&#8243; custom_padding=&#8221;|||&#8221; global_colors_info=&#8221;{}&#8221; custom_padding__hover=&#8221;|||&#8221;][et_pb_post_title meta=&#8221;off&#8221; featured_image=&#8221;off&#8221; admin_label=&#8221;T\u00edtulo de publicaci\u00f3n&#8221; module_class=&#8221;entry-title main_title&#8221; _builder_version=&#8221;4.16&#8243; title_all_caps=&#8221;off&#8221; background_color=&#8221;rgba(255,255,255,0)&#8221; parallax=&#8221;on&#8221; parallax_method=&#8221;off&#8221; parallax_effect=&#8221;on&#8221; module_bg_color=&#8221;rgba(255,255,255,0)&#8221; use_border_color=&#8221;off&#8221; border_color=&#8221;#ffffff&#8221; border_style=&#8221;solid&#8221; global_colors_info=&#8221;{}&#8221;][\/et_pb_post_title][et_pb_text admin_label=&#8221;Texto&#8221; _builder_version=&#8221;4.17.6&#8243; background_size=&#8221;initial&#8221; background_position=&#8221;top_left&#8221; background_repeat=&#8221;repeat&#8221; custom_margin=&#8221;-32px|||||&#8221; custom_padding=&#8221;0px|||||&#8221; use_border_color=&#8221;off&#8221; border_color=&#8221;#ffffff&#8221; border_style=&#8221;solid&#8221; global_colors_info=&#8221;{}&#8221;]<\/p>\n<p>&nbsp;<\/p>\n<table style=\"border-collapse: collapse;width: 80%;max-width: 600px;margin: 0 auto\">\n<thead>\n<tr>\n<th style=\"padding: 12px;text-align: left;border-bottom: 1px solid #ddd;background-color: #f2f2f2\">TARIFAS<\/th>\n<th style=\"padding: 12px;text-align: left;border-bottom: 1px solid #ddd;background-color: #f2f2f2\">Hasta 13\/09\/2024<\/th>\n<th style=\"padding: 12px;text-align: left;border-bottom: 1px solid #ddd;background-color: #f2f2f2\">Despu\u00e9s del 13\/09\/2024<\/th>\n<\/tr>\n<\/thead>\n<tbody>\n<tr style=\"background-color: #fdf2f2\">\n<td style=\"padding: 12px;text-align: left;border-bottom: 1px solid #ddd\">Ordinaria<\/td>\n<td style=\"padding: 12px;text-align: left;border-bottom: 1px solid #ddd\">350 euros<\/td>\n<td style=\"padding: 12px;text-align: left;border-bottom: 1px solid #ddd\">400 euros<\/td>\n<\/tr>\n<tr style=\"background-color: #f9e6e6\">\n<td style=\"padding: 12px;text-align: left;border-bottom: 1px solid #ddd\">Estudiante<\/td>\n<td style=\"padding: 12px;text-align: left;border-bottom: 1px solid #ddd\">250 euros<\/td>\n<td style=\"padding: 12px;text-align: left;border-bottom: 1px solid #ddd\">300 euros<\/td>\n<\/tr>\n<tr style=\"background-color: #fdf2f2\">\n<td style=\"padding: 12px;text-align: left;border-bottom: 1px solid #ddd\">Acompa\u00f1ante<\/td>\n<td style=\"padding: 12px;text-align: left;border-bottom: 1px solid #ddd\">200 euros<\/td>\n<td style=\"padding: 12px;text-align: left;border-bottom: 1px solid #ddd\">200 euros<\/td>\n<\/tr>\n<\/tbody>\n<\/table>\n<p>&nbsp;<\/p>\n<p><span><span style=\"color: #ff0000\"><strong>Formulario de inscripci\u00f3n<\/strong><\/span>:\u00a0Puede acceder al formulario de inscripci\u00f3n a trav\u00e9s de este<strong>\u00a0<span style=\"color: #005d0d\"><a href=\"https:\/\/extensionuniversitaria.unileon.es\/curso.aspx?id=3059\" target=\"_blank\" data-saferedirecturl=\"https:\/\/www.google.com\/url?q=https:\/\/extensionuniversitaria.unileon.es\/curso.aspx?id%3D3059&amp;source=gmail&amp;ust=1722006119515000&amp;usg=AOvVaw0oujwd_zvTwCsVpDtLSJle\" rel=\"noopener\">enlace<\/a><\/span><\/strong><\/span><\/p>\n<p>La inscripci\u00f3n no ser\u00e1 definitiva hasta que no realice el pago de la misma.<\/p>\n<p style=\"text-align: center\">PARA CUALQUIER DUDA O CUESTI\u00d3N T\u00c9CNICA DEL PROCESO DE INSCRIPCI\u00d3N (FACTURAS\u2026) ESCRIBIR A:<span>\u00a0<\/span><strong><a href=\"mailto:congresos@fgulem.es\" target=\"_blank\" rel=\"noopener\">r<\/a><a href=\"mailto:ecsi2024@unileon.es\" target=\"_blank\" rel=\"noopener\">ecsi2024@unileon.es<\/a><\/strong><\/p>\n<p style=\"text-align: center\"><strong>Todas las contribuciones aceptadas deben tener al menos un registro y deben ser presentadas durante la Conferencia por sus autores. Los estudiantes justificar\u00e1n tal condici\u00f3n adjuntando una copia de la tarjeta de estudiante.<\/strong><\/p>\n<p>[\/et_pb_text][\/et_pb_column][\/et_pb_row][\/et_pb_section][et_pb_section fb_built=&#8221;1&#8243; admin_label=&#8221;Secci\u00f3n&#8221; _builder_version=&#8221;4.16&#8243; global_colors_info=&#8221;{}&#8221;][et_pb_row admin_label=&#8221;Fila&#8221; _builder_version=&#8221;4.16&#8243; background_size=&#8221;initial&#8221; background_position=&#8221;top_left&#8221; background_repeat=&#8221;repeat&#8221; global_colors_info=&#8221;{}&#8221;][et_pb_column type=&#8221;4_4&#8243; _builder_version=&#8221;4.16&#8243; custom_padding=&#8221;|||&#8221; global_colors_info=&#8221;{}&#8221; custom_padding__hover=&#8221;|||&#8221;][et_pb_text admin_label=&#8221;Texto&#8221; module_class=&#8221;entry-title main_title&#8221; _builder_version=&#8221;4.16&#8243; background_size=&#8221;initial&#8221; background_position=&#8221;top_left&#8221; background_repeat=&#8221;repeat&#8221; use_border_color=&#8221;off&#8221; border_color=&#8221;#ffffff&#8221; border_style=&#8221;solid&#8221; global_colors_info=&#8221;{}&#8221;]<\/p>\n<h1>Colaboradores<\/h1>\n<p>[\/et_pb_text][\/et_pb_column][\/et_pb_row][et_pb_row _builder_version=&#8221;4.17.6&#8243; _module_preset=&#8221;default&#8221; global_colors_info=&#8221;{}&#8221;][et_pb_column type=&#8221;4_4&#8243; _builder_version=&#8221;4.17.6&#8243; _module_preset=&#8221;default&#8221; global_colors_info=&#8221;{}&#8221;][et_pb_image src=&#8221;https:\/\/congresos.unileon.es\/recsi2024\/wp-content\/uploads\/sites\/16\/2024\/07\/unnamed-scaled.jpg&#8221; title_text=&#8221;unnamed&#8221; _builder_version=&#8221;4.17.6&#8243; _module_preset=&#8221;default&#8221; global_colors_info=&#8221;{}&#8221;][\/et_pb_image][\/et_pb_column][\/et_pb_row][et_pb_row column_structure=&#8221;1_5,1_5,1_5,1_5,1_5&#8243; _builder_version=&#8221;4.17.6&#8243; _module_preset=&#8221;default&#8221; hover_enabled=&#8221;0&#8243; global_colors_info=&#8221;{}&#8221; sticky_enabled=&#8221;0&#8243;][et_pb_column type=&#8221;1_5&#8243; _builder_version=&#8221;4.17.6&#8243; _module_preset=&#8221;default&#8221; global_colors_info=&#8221;{}&#8221;][et_pb_image src=&#8221;https:\/\/congresos.unileon.es\/recsi2024\/wp-content\/uploads\/sites\/16\/2024\/04\/catedra.png&#8221; title_text=&#8221;catedra&#8221; _builder_version=&#8221;4.17.6&#8243; _module_preset=&#8221;default&#8221; global_colors_info=&#8221;{}&#8221;][\/et_pb_image][et_pb_text _builder_version=&#8221;4.17.6&#8243; _module_preset=&#8221;default&#8221; custom_margin=&#8221;|-759px||||&#8221; custom_padding=&#8221;|0px||||&#8221; global_colors_info=&#8221;{}&#8221;]<\/p>\n<p style=\"font-weight: 400\"><span>La C\u00e1tedra de Ciberseguridad de la Universidad de Le\u00f3n, en colaboraci\u00f3n con el\u00a0<\/span><span><a href=\"https:\/\/www.incibe.es\/\" data-saferedirecturl=\"https:\/\/www.google.com\/url?q=https:\/\/www.incibe.es\/&amp;source=gmail&amp;ust=1722428381183000&amp;usg=AOvVaw3k57gZIkB8rhlJVQE_a_Qn\">Instituto Nacional de Ciberseguridad (INCIBE)<\/a><\/span><span>, entidad dependiente del Ministerio para la Transformaci\u00f3n Digital y de la Funci\u00f3n P\u00fablica, a trav\u00e9s de la Secretar\u00eda de Estado de Digitalizaci\u00f3n e Inteligencia Artificial\u00a0organiza RECSI 2024.<\/span><\/p>\n<p style=\"font-weight: 400\">Esta actividad es<span>\u00a0<\/span>parte del convenio entre INCIBE y la Universidad de Le\u00f3n incluido en el<span>\u00a0<\/span><a href=\"https:\/\/www.incibe.es\/ed2026\/ciberinnova\/catedras\" data-saferedirecturl=\"https:\/\/www.google.com\/url?q=https:\/\/www.incibe.es\/ed2026\/ciberinnova\/catedras&amp;source=gmail&amp;ust=1722428381183000&amp;usg=AOvVaw3Nud_AmIht41_ih9uAijgs\">programa de C\u00e1tedras de Ciberseguridad<\/a><span>\u00a0<\/span>en Espa\u00f1a,<span>\u00a0<\/span>en el marco del<span>\u00a0<\/span><a href=\"https:\/\/planderecuperacion.gob.es\/\" data-saferedirecturl=\"https:\/\/www.google.com\/url?q=https:\/\/planderecuperacion.gob.es\/&amp;source=gmail&amp;ust=1722428381183000&amp;usg=AOvVaw3m0DYqWb7yKG4CLysWIjRS\">Plan de Recuperaci\u00f3n, Transformaci\u00f3n y Resiliencia<\/a>, con la financiaci\u00f3n de los<span>\u00a0<\/span><a href=\"https:\/\/commission.europa.eu\/strategy-and-policy\/recovery-plan-europe_es\" data-saferedirecturl=\"https:\/\/www.google.com\/url?q=https:\/\/commission.europa.eu\/strategy-and-policy\/recovery-plan-europe_es&amp;source=gmail&amp;ust=1722428381183000&amp;usg=AOvVaw0tVY7O4rkHdwMfOjIttAVx\">Fondos\u00a0<em>Next Generation-EU<\/em><\/a>.<\/p>\n<p>[\/et_pb_text][\/et_pb_column][et_pb_column type=&#8221;1_5&#8243; _builder_version=&#8221;4.17.6&#8243; _module_preset=&#8221;default&#8221; global_colors_info=&#8221;{}&#8221;][et_pb_image src=&#8221;https:\/\/congresos.unileon.es\/recsi2024\/wp-content\/uploads\/sites\/16\/2016\/11\/universidad-de-leon.png&#8221; title_text=&#8221;universidad-de-leon&#8221; _builder_version=&#8221;4.17.6&#8243; _module_preset=&#8221;default&#8221; global_colors_info=&#8221;{}&#8221;][\/et_pb_image][\/et_pb_column][et_pb_column type=&#8221;1_5&#8243; _builder_version=&#8221;4.17.6&#8243; _module_preset=&#8221;default&#8221; global_colors_info=&#8221;{}&#8221;][et_pb_image src=&#8221;https:\/\/congresos.unileon.es\/recsi2024\/wp-content\/uploads\/sites\/16\/2024\/04\/LOGO_RIASC-2048&#215;1510-1.png&#8221; title_text=&#8221;LOGO_RIASC-2048&#215;1510&#8243; _builder_version=&#8221;4.17.6&#8243; _module_preset=&#8221;default&#8221; max_width=&#8221;58%&#8221; global_colors_info=&#8221;{}&#8221;][\/et_pb_image][\/et_pb_column][et_pb_column type=&#8221;1_5&#8243; _builder_version=&#8221;4.17.6&#8243; _module_preset=&#8221;default&#8221; global_colors_info=&#8221;{}&#8221;][et_pb_image src=&#8221;https:\/\/congresos.unileon.es\/recsi2024\/wp-content\/uploads\/sites\/16\/2024\/10\/RENIC.png&#8221; _builder_version=&#8221;4.17.6&#8243; _module_preset=&#8221;default&#8221; title_text=&#8221;RENIC&#8221; hover_enabled=&#8221;0&#8243; sticky_enabled=&#8221;0&#8243;][\/et_pb_image][\/et_pb_column][et_pb_column type=&#8221;1_5&#8243; _builder_version=&#8221;4.17.6&#8243; _module_preset=&#8221;default&#8221; global_colors_info=&#8221;{}&#8221;][et_pb_image src=&#8221;https:\/\/congresos.unileon.es\/recsi2024\/wp-content\/uploads\/sites\/16\/2024\/10\/Actividades-ULE_page-0001-scaled.jpg&#8221; _builder_version=&#8221;4.17.6&#8243; _module_preset=&#8221;default&#8221; title_text=&#8221;Actividades ULE_page-0001&#8243; hover_enabled=&#8221;0&#8243; sticky_enabled=&#8221;0&#8243;][\/et_pb_image][\/et_pb_column][\/et_pb_row][\/et_pb_section]<\/p>\n","protected":false},"excerpt":{"rendered":"<p>&nbsp; TARIFAS Hasta 13\/09\/2024 Despu\u00e9s del 13\/09\/2024 Ordinaria 350 euros 400 euros Estudiante 250 euros 300 euros Acompa\u00f1ante 200 euros 200 euros &nbsp; Formulario de inscripci\u00f3n:\u00a0Puede acceder al formulario de inscripci\u00f3n a trav\u00e9s de este\u00a0enlace La inscripci\u00f3n no ser\u00e1 definitiva hasta que no realice el pago de la misma. PARA CUALQUIER DUDA O CUESTI\u00d3N T\u00c9CNICA [&hellip;]<\/p>\n","protected":false},"author":10,"featured_media":0,"parent":0,"menu_order":0,"comment_status":"closed","ping_status":"closed","template":"","meta":{"_et_pb_use_builder":"on","_et_pb_old_content":"<img class=\"alignleft size-thumbnail wp-image-182\" src=\"http:\/\/www9.unileon.es\/congresos\/wp-content\/uploads\/sites\/3\/2016\/11\/inscripcion.png\" alt=\"inscripcion\" width=\"60\" height=\"60\" \/>La Red de Evaluaci\u00f3n Formativa y Compartida en Educaci\u00f3n Superior (REFYCES) realiza un importante esfuerzo para que las cuotas de asistencia a sus congresos sean asequibles, en el convencimiento de que el factor econ\u00f3mico no debe ser un factor limitante para participar en los mismos. Desde esta perspectiva, se establecen las siguientes cuotas de inscripci\u00f3n:\r\n\r\n<strong>Inscripci\u00f3n reducida (hasta 21 de abril de 2017)<\/strong>\r\n<ul>\r\n \t<li>Comunidad universitaria ULE, tutores de Pr\u00e1cticum de la ULE y miembros de la Red de Evaluaci\u00f3n formativa y compartida: 60\u20ac<\/li>\r\n \t<li>Resto de asistentes: 80\u20ac<\/li>\r\n<\/ul>\r\n<strong>Inscripci\u00f3n ordinaria (hasta 30 de junio de 2017)<\/strong>\r\n<ul>\r\n \t<li>Comunidad universitaria ULE, tutores de Pr\u00e1cticum de la ULE y miembros de la Red de Evaluaci\u00f3n formativa y compartida: 75\u20ac<\/li>\r\n \t<li>Resto de asistentes: 100\u20ac<\/li>\r\n<\/ul>\r\n\u00a0\r\n<table style=\"height: 287px;\" width=\"718\">\r\n<tbody>\r\n<tr>\r\n<td width=\"338\"><\/td>\r\n<td width=\"118\"><strong>Hasta el 31 de marzo de 2017<\/strong><\/td>\r\n<td width=\"104\"><strong>Hasta el 21 de abril de 2017<\/strong><\/td>\r\n<\/tr>\r\n<tr>\r\n<td width=\"338\">Comunidad universitaria ULE, tutores de Pr\u00e1cticum de la ULE y miembros de la Red de Evaluaci\u00f3n formativa y compartida<\/td>\r\n<td width=\"118\">60\u20ac<\/td>\r\n<td width=\"104\">80\u20ac<\/td>\r\n<\/tr>\r\n<tr>\r\n<td width=\"338\">Resto de asistentes<\/td>\r\n<td width=\"118\">75\u20ac<\/td>\r\n<td width=\"104\">100\u20ac<\/td>\r\n<\/tr>\r\n<\/tbody>\r\n<\/table>","_et_gb_content_width":"","footnotes":""},"class_list":["post-112","page","type-page","status-publish","hentry"],"_links":{"self":[{"href":"https:\/\/congresos.unileon.es\/recsi2024\/wp-json\/wp\/v2\/pages\/112","targetHints":{"allow":["GET"]}}],"collection":[{"href":"https:\/\/congresos.unileon.es\/recsi2024\/wp-json\/wp\/v2\/pages"}],"about":[{"href":"https:\/\/congresos.unileon.es\/recsi2024\/wp-json\/wp\/v2\/types\/page"}],"author":[{"embeddable":true,"href":"https:\/\/congresos.unileon.es\/recsi2024\/wp-json\/wp\/v2\/users\/10"}],"replies":[{"embeddable":true,"href":"https:\/\/congresos.unileon.es\/recsi2024\/wp-json\/wp\/v2\/comments?post=112"}],"version-history":[{"count":51,"href":"https:\/\/congresos.unileon.es\/recsi2024\/wp-json\/wp\/v2\/pages\/112\/revisions"}],"predecessor-version":[{"id":1292,"href":"https:\/\/congresos.unileon.es\/recsi2024\/wp-json\/wp\/v2\/pages\/112\/revisions\/1292"}],"wp:attachment":[{"href":"https:\/\/congresos.unileon.es\/recsi2024\/wp-json\/wp\/v2\/media?parent=112"}],"curies":[{"name":"wp","href":"https:\/\/api.w.org\/{rel}","templated":true}]}}