{"id":2,"date":"2016-11-07T10:15:23","date_gmt":"2016-11-07T10:15:23","guid":{"rendered":"http:\/\/congresos.unileon.es\/plantilla\/?page_id=2"},"modified":"2024-10-14T10:43:30","modified_gmt":"2024-10-14T10:43:30","slug":"inicio","status":"publish","type":"page","link":"https:\/\/congresos.unileon.es\/recsi2024\/","title":{"rendered":"Inicio"},"content":{"rendered":"<p>[et_pb_section fb_built=&#8221;1&#8243; fullwidth=&#8221;on&#8221; _builder_version=&#8221;4.17.6&#8243; _module_preset=&#8221;default&#8221; global_colors_info=&#8221;{}&#8221;][et_pb_fullwidth_slider show_arrows=&#8221;off&#8221; show_pagination=&#8221;off&#8221; _builder_version=&#8221;4.17.6&#8243; _module_preset=&#8221;default&#8221; background_image=&#8221;https:\/\/congresos.unileon.es\/recsi2024\/wp-content\/uploads\/sites\/16\/2024\/04\/inicio_Leon.png&#8221; hover_transition_duration=&#8221;0ms&#8221; text_shadow_style=&#8221;preset1&#8243; global_colors_info=&#8221;{}&#8221;][et_pb_slide heading=&#8221;XVIII Reuni\u00f3n Espa\u00f1ola de Criptolog\u00eda y Seguridad de la Informaci\u00f3n&#8221; button_text=&#8221;Fechas&#8221; button_link=&#8221;https:\/\/recsi2024.unileon.es\/fechas-y-horarios\/&#8221; _builder_version=&#8221;4.17.6&#8243; _module_preset=&#8221;default&#8221; header_level=&#8221;h2&#8243; header_font=&#8221;Nunito|600|||||||&#8221; header_font_size=&#8221;49px&#8221; custom_button=&#8221;on&#8221; button_text_color=&#8221;#FFFFFF&#8221; button_icon=&#8221;&#x35;||divi||400&#8243; link_option_url=&#8221;https:\/\/recsi2024.unileon.es\/fechas-y-horarios\/&#8221; header_text_shadow_style=&#8221;preset1&#8243; text_shadow_style=&#8221;preset2&#8243; inline_fonts=&#8221;Nunito&#8221; global_colors_info=&#8221;{}&#8221; heading__hover_enabled=&#8221;on|desktop&#8221; heading__hover=&#8221;XVIII Reuni\u00f3n Espa\u00f1ola de Criptolog\u00eda y Seguridad de la Informaci\u00f3n&#8221; sticky_transition=&#8221;on&#8221;]<\/p>\n<h4 style=\"text-align: center\"><span style=\"font-family: Nunito;font-weight: normal;font-size: x-large\"><em>Le\u00f3n 23 &#8211; 25 de octubre de 2024.<\/em><\/span><\/h4>\n<p>[\/et_pb_slide][\/et_pb_fullwidth_slider][\/et_pb_section][et_pb_section fb_built=&#8221;1&#8243; fullwidth=&#8221;on&#8221; _builder_version=&#8221;4.17.6&#8243; _module_preset=&#8221;default&#8221; global_colors_info=&#8221;{}&#8221;][\/et_pb_section][et_pb_section fb_built=&#8221;1&#8243; custom_padding_last_edited=&#8221;on|desktop&#8221; admin_label=&#8221;Secci\u00f3n&#8221; _builder_version=&#8221;4.16&#8243; custom_padding=&#8221;0px|||&#8221; custom_padding_tablet=&#8221;50px|0|50px|0&#8243; custom_padding_phone=&#8221;50px|0|50px|0&#8243; transparent_background=&#8221;off&#8221; padding_mobile=&#8221;off&#8221; make_fullwidth=&#8221;off&#8221; use_custom_width=&#8221;off&#8221; width_unit=&#8221;on&#8221; global_colors_info=&#8221;{}&#8221;][et_pb_row column_structure=&#8221;2_3,1_3&#8243; admin_label=&#8221;Fila&#8221; _builder_version=&#8221;4.16&#8243; background_size=&#8221;initial&#8221; background_position=&#8221;top_left&#8221; background_repeat=&#8221;repeat&#8221; global_colors_info=&#8221;{}&#8221;][et_pb_column type=&#8221;2_3&#8243; _builder_version=&#8221;4.16&#8243; custom_padding=&#8221;|||&#8221; global_colors_info=&#8221;{}&#8221; custom_padding__hover=&#8221;|||&#8221;][et_pb_text _builder_version=&#8221;4.17.6&#8243; _module_preset=&#8221;default&#8221; text_font=&#8221;Nunito||||||||&#8221; text_font_size=&#8221;18px&#8221; global_colors_info=&#8221;{}&#8221;]<\/p>\n<p>&nbsp;<\/p>\n<h1><strong>Presentaci\u00f3n\u00a0<\/strong><\/h1>\n<p>La <strong>Reuni\u00f3n Espa\u00f1ola de Criptolog\u00eda y Seguridad de la Informaci\u00f3n (RECSI)<\/strong> es un congreso cient\u00edfico espa\u00f1ol de referencia en el \u00e1mbito de la seguridad de las Tecnolog\u00edas de la Informaci\u00f3n y de las Comunicaciones (TIC), donde se dan cita de forma bienal los principales investigadores espa\u00f1oles en el tema, as\u00ed como invitados extranjeros de reconocido prestigio. En estos encuentros se muestran los avances de los grupos de investigaci\u00f3n que presentan comunicaciones y fomentan la participaci\u00f3n de los j\u00f3venes investigadores para que expongan los resultados de sus primeros proyectos.<\/p>\n<p>Estas Tecnolog\u00edas son una realidad de uso cotidiano en todos los \u00e1mbitos de nuestra sociedad. No obstante, existen riesgos de seguridad asociados a la adopci\u00f3n generalizada de las mismas: robo de informaci\u00f3n, fraude, ciber-acoso, as\u00ed como nuevas formas de ciber-ataque cuya presencia es cada vez m\u00e1s amplia y de mayor impacto. Por ello, es necesario que la comunidad cient\u00edfico-tecnol\u00f3gica en el \u00e1mbito de la seguridad de las TIC contin\u00fae avanzando en el desarrollo y difusi\u00f3n de propuestas y esquemas que proporcionen un mayor nivel de seguridad, y con ello de confianza de la sociedad en las tecnolog\u00edas involucradas.<\/p>\n<p>La <strong>XVIII Reuni\u00f3n Espa\u00f1ola de Criptolog\u00eda y Seguridad de la Informaci\u00f3n<\/strong> est\u00e1 organizada por la C\u00e1tedra Institucional de Ciberseguridad de la <strong>Universidad de Le\u00f3n<\/strong> y se celebrar\u00e1 en la Fundaci\u00f3n Sierra Pambley del <strong>23 al 25 de octubre de 2024<\/strong>.<\/p>\n<p>Las anteriores ediciones de RECSI tuvieron lugar en:<\/p>\n<ul>\n<li>I RECSI 1991, Palma de Mallorca<\/li>\n<li>II RECSI 1992, Madrid<\/li>\n<li>III RECSI 1994, Barcelona<\/li>\n<li>IV RECSI 1996, Valladolid<\/li>\n<li>V RECSI 1998, Torremolinos<\/li>\n<li>VI RECSI 2000, Santa Cruz de Tenerife<\/li>\n<li>VII RECSI 2002, Oviedo<\/li>\n<li>VIII RECSI 2004, Legan\u00e9s<\/li>\n<li>IX RECSI 2006, Barcelona<\/li>\n<li><span><a href=\"http:\/\/campus.usal.es\/~xrecsi\/fechas.htm\">X RECSI<\/a><\/span> 2008, Salamanca<\/li>\n<li><span><a href=\"https:\/\/crises-deim.urv.cat\/recsi2010\/\">XI RECSI<\/a><\/span> 2010, Tarragona<\/li>\n<li><span><a href=\"https:\/\/recsi2012.mondragon.edu\/es\">XII RECSI<\/a><\/span> 2012, San Sebasti\u00e1n<\/li>\n<li><span><a href=\"https:\/\/web.ua.es\/es\/recsi2014\/presentacion.html\">XIII RECSI<\/a><\/span> 2014, Alicante<\/li>\n<li><span><a href=\"http:\/\/recsi16.uib.es\/\">XIV RECSI<\/a><\/span> 2016, Ma\u00f3<\/li>\n<li><span><a href=\"https:\/\/nesg.ugr.es\/recsi2018\/\">XV RECSI<\/a><\/span> 2018, Granada<\/li>\n<li><a href=\"http:\/\/www.recsi2020.udl.cat\/\">XVI RECSI<\/a> 2020, Lleida<\/li>\n<li><a href=\"https:\/\/recsi2022.unican.es\/es\/\">XVII RECSI<\/a> 2022, Santander<\/li>\n<\/ul>\n<p>&nbsp;<\/p>\n<p>[\/et_pb_text][\/et_pb_column][et_pb_column type=&#8221;1_3&#8243; _builder_version=&#8221;4.16&#8243; custom_padding=&#8221;|||&#8221; global_colors_info=&#8221;{}&#8221; custom_padding__hover=&#8221;|||&#8221;][et_pb_code _builder_version=&#8221;4.17.6&#8243; _module_preset=&#8221;default&#8221; global_colors_info=&#8221;{}&#8221;][\/et_pb_code][et_pb_code _builder_version=&#8221;4.17.6&#8243; _module_preset=&#8221;default&#8221; global_colors_info=&#8221;{}&#8221;][\/et_pb_code][et_pb_code _builder_version=&#8221;4.17.6&#8243; _module_preset=&#8221;default&#8221; global_colors_info=&#8221;{}&#8221;][\/et_pb_code][et_pb_text _builder_version=&#8221;4.17.6&#8243; _module_preset=&#8221;default&#8221; text_font=&#8221;Nunito||||||||&#8221; text_font_size=&#8221;18px&#8221; global_colors_info=&#8221;{}&#8221;]<\/p>\n<p>&nbsp;<\/p>\n<h1><strong>Localizaci\u00f3n\u00a0<\/strong><\/h1>\n<p>Accede al mapa completo <a href=\"https:\/\/www.google.com\/maps\/d\/viewer?mid=1lyuqfFVPrW5L4TVTjUURsia3MVJtZzY&amp;ll=42.59750834192539%2C-5.574722450000009&amp;z=17\">aqu\u00ed<\/a><\/p>\n<p>[\/et_pb_text][et_pb_map address=&#8221;Calle Sierra Pambley, 2, 24003 Le\u00f3n, Espa\u00f1a&#8221; address_lat=&#8221;42.5992853&#8243; address_lng=&#8221;-5.5679913&#8243; _builder_version=&#8221;4.17.6&#8243; _module_preset=&#8221;default&#8221; global_colors_info=&#8221;{}&#8221;][et_pb_map_pin title=&#8221;Fundaci\u00f3n Sierra Pambley&#8221; pin_address=&#8221;Calle Sierra Pambley, 2, 24003 Le\u00f3n, Espa\u00f1a&#8221; pin_address_lat=&#8221;42.5992853&#8243; pin_address_lng=&#8221;-5.5679913&#8243; _builder_version=&#8221;4.17.6&#8243; _module_preset=&#8221;default&#8221; global_colors_info=&#8221;{}&#8221;][\/et_pb_map_pin][\/et_pb_map][et_pb_text admin_label=&#8221;Texto&#8221; _builder_version=&#8221;4.16&#8243; background_size=&#8221;initial&#8221; background_position=&#8221;top_left&#8221; background_repeat=&#8221;repeat&#8221; use_border_color=&#8221;off&#8221; border_color=&#8221;#ffffff&#8221; border_style=&#8221;solid&#8221; global_colors_info=&#8221;{}&#8221;] <div id='1' class='widgets_on_page wop_tiny1  wop_small1  wop_medium1  wop_large1  wop_wide1'>\n\t\t\t<ul><li id=\"do-etfw-2\" class=\"widget widget-do-etfw\">\t\t\t\t\t<h2 class=\"widgettitle\">Twitter<\/h2>\t\t\n\t\t<a class=\"twitter-timeline\" data-width=\"400\" data-height=\"350\" data-theme=\"light\" data-chrome=\"noheader noborders transparent\" href=\"https:\/\/twitter.com\/Unileon\">Tweets by @Unileon<\/a>\n<\/li><\/ul><\/div><!-- widgets_on_page --> [\/et_pb_text][\/et_pb_column][\/et_pb_row][\/et_pb_section][et_pb_section fb_built=&#8221;1&#8243; admin_label=&#8221;Secci\u00f3n&#8221; _builder_version=&#8221;4.16&#8243; global_colors_info=&#8221;{}&#8221;][et_pb_row admin_label=&#8221;Fila&#8221; _builder_version=&#8221;4.16&#8243; background_size=&#8221;initial&#8221; background_position=&#8221;top_left&#8221; background_repeat=&#8221;repeat&#8221; global_colors_info=&#8221;{}&#8221;][et_pb_column type=&#8221;4_4&#8243; _builder_version=&#8221;4.16&#8243; custom_padding=&#8221;|||&#8221; global_colors_info=&#8221;{}&#8221; custom_padding__hover=&#8221;|||&#8221;][et_pb_text admin_label=&#8221;Texto&#8221; module_class=&#8221;entry-title main_title&#8221; _builder_version=&#8221;4.16&#8243; background_size=&#8221;initial&#8221; background_position=&#8221;top_left&#8221; background_repeat=&#8221;repeat&#8221; use_border_color=&#8221;off&#8221; border_color=&#8221;#ffffff&#8221; border_style=&#8221;solid&#8221; global_colors_info=&#8221;{}&#8221;]<\/p>\n<h1>Colaboradores<\/h1>\n<p>[\/et_pb_text][\/et_pb_column][\/et_pb_row][et_pb_row _builder_version=&#8221;4.17.6&#8243; _module_preset=&#8221;default&#8221; global_colors_info=&#8221;{}&#8221;][et_pb_column type=&#8221;4_4&#8243; _builder_version=&#8221;4.17.6&#8243; _module_preset=&#8221;default&#8221; global_colors_info=&#8221;{}&#8221;][et_pb_image src=&#8221;https:\/\/congresos.unileon.es\/recsi2024\/wp-content\/uploads\/sites\/16\/2024\/07\/unnamed-scaled.jpg&#8221; title_text=&#8221;unnamed&#8221; _builder_version=&#8221;4.17.6&#8243; _module_preset=&#8221;default&#8221; global_colors_info=&#8221;{}&#8221;][\/et_pb_image][\/et_pb_column][\/et_pb_row][et_pb_row column_structure=&#8221;1_5,1_5,1_5,1_5,1_5&#8243; _builder_version=&#8221;4.17.6&#8243; _module_preset=&#8221;default&#8221; global_colors_info=&#8221;{}&#8221;][et_pb_column type=&#8221;1_5&#8243; _builder_version=&#8221;4.17.6&#8243; _module_preset=&#8221;default&#8221; global_colors_info=&#8221;{}&#8221;][et_pb_image src=&#8221;https:\/\/congresos.unileon.es\/recsi2024\/wp-content\/uploads\/sites\/16\/2024\/04\/catedra.png&#8221; title_text=&#8221;catedra&#8221; _builder_version=&#8221;4.17.6&#8243; _module_preset=&#8221;default&#8221; global_colors_info=&#8221;{}&#8221;][\/et_pb_image][et_pb_text _builder_version=&#8221;4.17.6&#8243; _module_preset=&#8221;default&#8221; custom_margin=&#8221;|-759px||||&#8221; custom_padding=&#8221;|0px||||&#8221; global_colors_info=&#8221;{}&#8221;]<\/p>\n<p style=\"font-weight: 400\"><span>La C\u00e1tedra de Ciberseguridad de la Universidad de Le\u00f3n, en colaboraci\u00f3n con el\u00a0<\/span><span><a href=\"https:\/\/www.incibe.es\/\" data-saferedirecturl=\"https:\/\/www.google.com\/url?q=https:\/\/www.incibe.es\/&amp;source=gmail&amp;ust=1722428381183000&amp;usg=AOvVaw3k57gZIkB8rhlJVQE_a_Qn\">Instituto Nacional de Ciberseguridad (INCIBE)<\/a><\/span><span>, entidad dependiente del Ministerio para la Transformaci\u00f3n Digital y de la Funci\u00f3n P\u00fablica, a trav\u00e9s de la Secretar\u00eda de Estado de Digitalizaci\u00f3n e Inteligencia Artificial\u00a0organiza RECSI 2024.<\/span><\/p>\n<p style=\"font-weight: 400\">Esta actividad es<span>\u00a0<\/span>parte del convenio entre INCIBE y la Universidad de Le\u00f3n incluido en el<span>\u00a0<\/span><a href=\"https:\/\/www.incibe.es\/ed2026\/ciberinnova\/catedras\" data-saferedirecturl=\"https:\/\/www.google.com\/url?q=https:\/\/www.incibe.es\/ed2026\/ciberinnova\/catedras&amp;source=gmail&amp;ust=1722428381183000&amp;usg=AOvVaw3Nud_AmIht41_ih9uAijgs\">programa de C\u00e1tedras de Ciberseguridad<\/a><span>\u00a0<\/span>en Espa\u00f1a,<span>\u00a0<\/span>en el marco del<span>\u00a0<\/span><a href=\"https:\/\/planderecuperacion.gob.es\/\" data-saferedirecturl=\"https:\/\/www.google.com\/url?q=https:\/\/planderecuperacion.gob.es\/&amp;source=gmail&amp;ust=1722428381183000&amp;usg=AOvVaw3m0DYqWb7yKG4CLysWIjRS\">Plan de Recuperaci\u00f3n, Transformaci\u00f3n y Resiliencia<\/a>, con la financiaci\u00f3n de los<span>\u00a0<\/span><a href=\"https:\/\/commission.europa.eu\/strategy-and-policy\/recovery-plan-europe_es\" data-saferedirecturl=\"https:\/\/www.google.com\/url?q=https:\/\/commission.europa.eu\/strategy-and-policy\/recovery-plan-europe_es&amp;source=gmail&amp;ust=1722428381183000&amp;usg=AOvVaw0tVY7O4rkHdwMfOjIttAVx\">Fondos\u00a0<em>Next Generation-EU<\/em><\/a>.<\/p>\n<p>[\/et_pb_text][\/et_pb_column][et_pb_column type=&#8221;1_5&#8243; _builder_version=&#8221;4.17.6&#8243; _module_preset=&#8221;default&#8221; global_colors_info=&#8221;{}&#8221;][et_pb_image src=&#8221;https:\/\/congresos.unileon.es\/recsi2024\/wp-content\/uploads\/sites\/16\/2016\/11\/universidad-de-leon.png&#8221; title_text=&#8221;universidad-de-leon&#8221; _builder_version=&#8221;4.17.6&#8243; _module_preset=&#8221;default&#8221; global_colors_info=&#8221;{}&#8221;][\/et_pb_image][\/et_pb_column][et_pb_column type=&#8221;1_5&#8243; _builder_version=&#8221;4.17.6&#8243; _module_preset=&#8221;default&#8221; global_colors_info=&#8221;{}&#8221;][et_pb_image src=&#8221;https:\/\/congresos.unileon.es\/recsi2024\/wp-content\/uploads\/sites\/16\/2024\/04\/LOGO_RIASC-2048&#215;1510-1.png&#8221; title_text=&#8221;LOGO_RIASC-2048&#215;1510&#8243; _builder_version=&#8221;4.17.6&#8243; _module_preset=&#8221;default&#8221; max_width=&#8221;58%&#8221; global_colors_info=&#8221;{}&#8221;][\/et_pb_image][\/et_pb_column][et_pb_column type=&#8221;1_5&#8243; _builder_version=&#8221;4.17.6&#8243; _module_preset=&#8221;default&#8221; global_colors_info=&#8221;{}&#8221;][et_pb_image src=&#8221;https:\/\/congresos.unileon.es\/recsi2024\/wp-content\/uploads\/sites\/16\/2024\/10\/RENIC.png&#8221; title_text=&#8221;RENIC&#8221; _builder_version=&#8221;4.17.6&#8243; _module_preset=&#8221;default&#8221; global_colors_info=&#8221;{}&#8221;][\/et_pb_image][\/et_pb_column][et_pb_column type=&#8221;1_5&#8243; _builder_version=&#8221;4.17.6&#8243; _module_preset=&#8221;default&#8221; global_colors_info=&#8221;{}&#8221;][et_pb_image src=&#8221;https:\/\/congresos.unileon.es\/recsi2024\/wp-content\/uploads\/sites\/16\/2024\/10\/Actividades-ULE_page-0001-scaled.jpg&#8221; title_text=&#8221;Actividades ULE_page-0001&#8243; _builder_version=&#8221;4.17.6&#8243; _module_preset=&#8221;default&#8221; global_colors_info=&#8221;{}&#8221;][\/et_pb_image][\/et_pb_column][\/et_pb_row][\/et_pb_section]<\/p>\n","protected":false},"excerpt":{"rendered":"<p>Le\u00f3n 23 &#8211; 25 de octubre de 2024.&nbsp; Presentaci\u00f3n\u00a0 La Reuni\u00f3n Espa\u00f1ola de Criptolog\u00eda y Seguridad de la Informaci\u00f3n (RECSI) es un congreso cient\u00edfico espa\u00f1ol de referencia en el \u00e1mbito de la seguridad de las Tecnolog\u00edas de la Informaci\u00f3n y de las Comunicaciones (TIC), donde se dan cita de forma bienal los principales investigadores espa\u00f1oles [&hellip;]<\/p>\n","protected":false},"author":10,"featured_media":0,"parent":0,"menu_order":0,"comment_status":"closed","ping_status":"closed","template":"","meta":{"_et_pb_use_builder":"on","_et_pb_old_content":"Esto es una p\u00e1gina de ejemplo. Es diferente a una entrada porque permanece fija en un lugar y se mostrar\u00e1 en la navegaci\u00f3n de tu sitio (en la mayor\u00eda de los temas). La mayor\u00eda de la gente empieza con una p\u00e1gina de Acerca de, que les presenta a los potenciales visitantes del sitio. Podr\u00eda ser algo como esto:\r\n\r\n<blockquote>\u00a1Hola! Soy mensajero por el d\u00eda, aspirante a actor por la noche, y este es mi blog. Vivo en Madrid, tengo un perrazo llamado Duque y me gustan las pi\u00f1as coladas (y que me pille un chaparr\u00f3n)<\/blockquote>\r\n\r\n...o algo as\u00ed:\r\n\r\n<blockquote>La empresa XYZ se fund\u00f3 en 1971 y ha estado ofreciendo \"cosas\" de calidad al p\u00fablico desde entonces. Situada en Madrid, XYZ emplea a m\u00e1s de 2.000 personas y hace todo tipo de cosas sorprendentes para la comunidad de Madrid.<\/blockquote>\r\n\r\nSi eres nuevo en WordPress deber\u00edas ir a <a href=\"http:\/\/www9.unileon.es\/congresos\/wp-admin\/\">tu escritorio<\/a> para borrar esta p\u00e1gina y crear p\u00e1ginas nuevas con tu propio contenido. \u00a1P\u00e1salo bien!","_et_gb_content_width":"","footnotes":""},"class_list":["post-2","page","type-page","status-publish","hentry"],"_links":{"self":[{"href":"https:\/\/congresos.unileon.es\/recsi2024\/wp-json\/wp\/v2\/pages\/2","targetHints":{"allow":["GET"]}}],"collection":[{"href":"https:\/\/congresos.unileon.es\/recsi2024\/wp-json\/wp\/v2\/pages"}],"about":[{"href":"https:\/\/congresos.unileon.es\/recsi2024\/wp-json\/wp\/v2\/types\/page"}],"author":[{"embeddable":true,"href":"https:\/\/congresos.unileon.es\/recsi2024\/wp-json\/wp\/v2\/users\/10"}],"replies":[{"embeddable":true,"href":"https:\/\/congresos.unileon.es\/recsi2024\/wp-json\/wp\/v2\/comments?post=2"}],"version-history":[{"count":54,"href":"https:\/\/congresos.unileon.es\/recsi2024\/wp-json\/wp\/v2\/pages\/2\/revisions"}],"predecessor-version":[{"id":1305,"href":"https:\/\/congresos.unileon.es\/recsi2024\/wp-json\/wp\/v2\/pages\/2\/revisions\/1305"}],"wp:attachment":[{"href":"https:\/\/congresos.unileon.es\/recsi2024\/wp-json\/wp\/v2\/media?parent=2"}],"curies":[{"name":"wp","href":"https:\/\/api.w.org\/{rel}","templated":true}]}}