{"id":301,"date":"2016-11-29T10:06:38","date_gmt":"2016-11-29T10:06:38","guid":{"rendered":"http:\/\/congresos.unileon.es\/plantilla\/?page_id=301"},"modified":"2024-10-14T09:02:36","modified_gmt":"2024-10-14T09:02:36","slug":"fechas-y-horarios","status":"publish","type":"page","link":"https:\/\/congresos.unileon.es\/recsi2024\/fechas-y-horarios\/","title":{"rendered":"Fechas importantes"},"content":{"rendered":"<p>[et_pb_section fb_built=&#8221;1&#8243; admin_label=&#8221;Secci\u00f3n&#8221; _builder_version=&#8221;4.16&#8243; global_colors_info=&#8221;{}&#8221;][et_pb_row padding_mobile=&#8221;off&#8221; column_padding_mobile=&#8221;on&#8221; admin_label=&#8221;Fila&#8221; _builder_version=&#8221;4.16&#8243; background_size=&#8221;initial&#8221; background_position=&#8221;top_left&#8221; background_repeat=&#8221;repeat&#8221; make_fullwidth=&#8221;off&#8221; use_custom_width=&#8221;off&#8221; width_unit=&#8221;on&#8221; global_colors_info=&#8221;{}&#8221;][et_pb_column type=&#8221;4_4&#8243; _builder_version=&#8221;4.16&#8243; custom_padding=&#8221;|||&#8221; global_colors_info=&#8221;{}&#8221; custom_padding__hover=&#8221;|||&#8221;][et_pb_text admin_label=&#8221;Texto&#8221; _builder_version=&#8221;4.17.6&#8243; background_size=&#8221;initial&#8221; background_position=&#8221;top_left&#8221; background_repeat=&#8221;repeat&#8221; use_border_color=&#8221;off&#8221; border_color=&#8221;#ffffff&#8221; border_style=&#8221;solid&#8221; global_colors_info=&#8221;{}&#8221;]<\/p>\n<p>&nbsp;<\/p>\n<h2>Fechas clave<\/h2>\n<p><strong><span style=\"text-decoration: line-through\">10 de junio de 2024<\/span> <span>se ampl\u00eda al 24 de junio<\/span>: <\/strong>Fecha l\u00edmite de env\u00edo de trabajos.<\/p>\n<p><strong><span style=\"text-decoration: line-through\">20 de julio de 2024<\/span> se pospone al 24 de julio:<\/strong>\u00a0Notificaci\u00f3n de aceptaci\u00f3n.<\/p>\n<p><strong><span style=\"text-decoration: line-through\">31 de julio de 2024<\/span> se ampl\u00eda al 13 de septiembre:<\/strong>\u00a0Fecha l\u00edmite de inscripci\u00f3n temprana.<\/p>\n<p><strong>30 de septiembre de 2024:<\/strong> Fecha l\u00edmite de inscripci\u00f3n.<\/p>\n<p><strong>23 al 25 de octubre de 2024:<\/strong> Celebraci\u00f3n del congreso.<\/p>\n<p>&nbsp;<\/p>\n<p>[\/et_pb_text][\/et_pb_column][\/et_pb_row][\/et_pb_section][et_pb_section fb_built=&#8221;1&#8243; admin_label=&#8221;Secci\u00f3n&#8221; _builder_version=&#8221;4.16&#8243; global_colors_info=&#8221;{}&#8221;][et_pb_row admin_label=&#8221;Fila&#8221; _builder_version=&#8221;4.16&#8243; background_size=&#8221;initial&#8221; background_position=&#8221;top_left&#8221; background_repeat=&#8221;repeat&#8221; global_colors_info=&#8221;{}&#8221;][et_pb_column type=&#8221;4_4&#8243; _builder_version=&#8221;4.16&#8243; custom_padding=&#8221;|||&#8221; global_colors_info=&#8221;{}&#8221; custom_padding__hover=&#8221;|||&#8221;][et_pb_text admin_label=&#8221;Texto&#8221; module_class=&#8221;entry-title main_title&#8221; _builder_version=&#8221;4.16&#8243; background_size=&#8221;initial&#8221; background_position=&#8221;top_left&#8221; background_repeat=&#8221;repeat&#8221; use_border_color=&#8221;off&#8221; border_color=&#8221;#ffffff&#8221; border_style=&#8221;solid&#8221; global_colors_info=&#8221;{}&#8221;]<\/p>\n<h1>Colaboradores<\/h1>\n<p>[\/et_pb_text][\/et_pb_column][\/et_pb_row][et_pb_row _builder_version=&#8221;4.17.6&#8243; _module_preset=&#8221;default&#8221; global_colors_info=&#8221;{}&#8221;][et_pb_column type=&#8221;4_4&#8243; _builder_version=&#8221;4.17.6&#8243; _module_preset=&#8221;default&#8221; global_colors_info=&#8221;{}&#8221;][et_pb_image src=&#8221;https:\/\/congresos.unileon.es\/recsi2024\/wp-content\/uploads\/sites\/16\/2024\/07\/unnamed-scaled.jpg&#8221; title_text=&#8221;unnamed&#8221; _builder_version=&#8221;4.17.6&#8243; _module_preset=&#8221;default&#8221; global_colors_info=&#8221;{}&#8221;][\/et_pb_image][\/et_pb_column][\/et_pb_row][et_pb_row column_structure=&#8221;1_5,1_5,1_5,1_5,1_5&#8243; _builder_version=&#8221;4.17.6&#8243; _module_preset=&#8221;default&#8221; hover_enabled=&#8221;0&#8243; global_colors_info=&#8221;{}&#8221; sticky_enabled=&#8221;0&#8243;][et_pb_column type=&#8221;1_5&#8243; _builder_version=&#8221;4.17.6&#8243; _module_preset=&#8221;default&#8221; global_colors_info=&#8221;{}&#8221;][et_pb_image src=&#8221;https:\/\/congresos.unileon.es\/recsi2024\/wp-content\/uploads\/sites\/16\/2024\/04\/catedra.png&#8221; title_text=&#8221;catedra&#8221; _builder_version=&#8221;4.17.6&#8243; _module_preset=&#8221;default&#8221; global_colors_info=&#8221;{}&#8221;][\/et_pb_image][et_pb_text _builder_version=&#8221;4.17.6&#8243; _module_preset=&#8221;default&#8221; custom_margin=&#8221;|-759px||||&#8221; custom_padding=&#8221;|0px||||&#8221; global_colors_info=&#8221;{}&#8221;]<\/p>\n<p style=\"font-weight: 400\"><span>La C\u00e1tedra de Ciberseguridad de la Universidad de Le\u00f3n, en colaboraci\u00f3n con el\u00a0<\/span><span><a href=\"https:\/\/www.incibe.es\/\" data-saferedirecturl=\"https:\/\/www.google.com\/url?q=https:\/\/www.incibe.es\/&amp;source=gmail&amp;ust=1722428381183000&amp;usg=AOvVaw3k57gZIkB8rhlJVQE_a_Qn\">Instituto Nacional de Ciberseguridad (INCIBE)<\/a><\/span><span>, entidad dependiente del Ministerio para la Transformaci\u00f3n Digital y de la Funci\u00f3n P\u00fablica, a trav\u00e9s de la Secretar\u00eda de Estado de Digitalizaci\u00f3n e Inteligencia Artificial\u00a0organiza RECSI 2024.<\/span><\/p>\n<p style=\"font-weight: 400\">Esta actividad es<span>\u00a0<\/span>parte del convenio entre INCIBE y la Universidad de Le\u00f3n incluido en el<span>\u00a0<\/span><a href=\"https:\/\/www.incibe.es\/ed2026\/ciberinnova\/catedras\" data-saferedirecturl=\"https:\/\/www.google.com\/url?q=https:\/\/www.incibe.es\/ed2026\/ciberinnova\/catedras&amp;source=gmail&amp;ust=1722428381183000&amp;usg=AOvVaw3Nud_AmIht41_ih9uAijgs\">programa de C\u00e1tedras de Ciberseguridad<\/a><span>\u00a0<\/span>en Espa\u00f1a,<span>\u00a0<\/span>en el marco del<span>\u00a0<\/span><a href=\"https:\/\/planderecuperacion.gob.es\/\" data-saferedirecturl=\"https:\/\/www.google.com\/url?q=https:\/\/planderecuperacion.gob.es\/&amp;source=gmail&amp;ust=1722428381183000&amp;usg=AOvVaw3m0DYqWb7yKG4CLysWIjRS\">Plan de Recuperaci\u00f3n, Transformaci\u00f3n y Resiliencia<\/a>, con la financiaci\u00f3n de los<span>\u00a0<\/span><a href=\"https:\/\/commission.europa.eu\/strategy-and-policy\/recovery-plan-europe_es\" data-saferedirecturl=\"https:\/\/www.google.com\/url?q=https:\/\/commission.europa.eu\/strategy-and-policy\/recovery-plan-europe_es&amp;source=gmail&amp;ust=1722428381183000&amp;usg=AOvVaw0tVY7O4rkHdwMfOjIttAVx\">Fondos\u00a0<em>Next Generation-EU<\/em><\/a>.<\/p>\n<p>[\/et_pb_text][\/et_pb_column][et_pb_column type=&#8221;1_5&#8243; _builder_version=&#8221;4.17.6&#8243; _module_preset=&#8221;default&#8221; global_colors_info=&#8221;{}&#8221;][et_pb_image src=&#8221;https:\/\/congresos.unileon.es\/recsi2024\/wp-content\/uploads\/sites\/16\/2016\/11\/universidad-de-leon.png&#8221; title_text=&#8221;universidad-de-leon&#8221; _builder_version=&#8221;4.17.6&#8243; _module_preset=&#8221;default&#8221; global_colors_info=&#8221;{}&#8221;][\/et_pb_image][\/et_pb_column][et_pb_column type=&#8221;1_5&#8243; _builder_version=&#8221;4.17.6&#8243; _module_preset=&#8221;default&#8221; global_colors_info=&#8221;{}&#8221;][et_pb_image src=&#8221;https:\/\/congresos.unileon.es\/recsi2024\/wp-content\/uploads\/sites\/16\/2024\/04\/LOGO_RIASC-2048&#215;1510-1.png&#8221; title_text=&#8221;LOGO_RIASC-2048&#215;1510&#8243; _builder_version=&#8221;4.17.6&#8243; _module_preset=&#8221;default&#8221; max_width=&#8221;58%&#8221; global_colors_info=&#8221;{}&#8221;][\/et_pb_image][\/et_pb_column][et_pb_column type=&#8221;1_5&#8243; _builder_version=&#8221;4.17.6&#8243; _module_preset=&#8221;default&#8221; global_colors_info=&#8221;{}&#8221;][et_pb_image src=&#8221;https:\/\/congresos.unileon.es\/recsi2024\/wp-content\/uploads\/sites\/16\/2024\/10\/RENIC.png&#8221; _builder_version=&#8221;4.17.6&#8243; _module_preset=&#8221;default&#8221; title_text=&#8221;RENIC&#8221; hover_enabled=&#8221;0&#8243; sticky_enabled=&#8221;0&#8243;][\/et_pb_image][\/et_pb_column][et_pb_column type=&#8221;1_5&#8243; _builder_version=&#8221;4.17.6&#8243; _module_preset=&#8221;default&#8221; global_colors_info=&#8221;{}&#8221;][et_pb_image src=&#8221;https:\/\/congresos.unileon.es\/recsi2024\/wp-content\/uploads\/sites\/16\/2024\/10\/Actividades-ULE_page-0001-scaled.jpg&#8221; _builder_version=&#8221;4.17.6&#8243; _module_preset=&#8221;default&#8221; title_text=&#8221;Actividades ULE_page-0001&#8243; hover_enabled=&#8221;0&#8243; sticky_enabled=&#8221;0&#8243;][\/et_pb_image][\/et_pb_column][\/et_pb_row][\/et_pb_section]<\/p>\n","protected":false},"excerpt":{"rendered":"<p>&nbsp; Fechas clave 10 de junio de 2024 se ampl\u00eda al 24 de junio: Fecha l\u00edmite de env\u00edo de trabajos. 20 de julio de 2024 se pospone al 24 de julio:\u00a0Notificaci\u00f3n de aceptaci\u00f3n. 31 de julio de 2024 se ampl\u00eda al 13 de septiembre:\u00a0Fecha l\u00edmite de inscripci\u00f3n temprana. 30 de septiembre de 2024: Fecha l\u00edmite [&hellip;]<\/p>\n","protected":false},"author":10,"featured_media":0,"parent":0,"menu_order":0,"comment_status":"closed","ping_status":"closed","template":"","meta":{"_et_pb_use_builder":"on","_et_pb_old_content":"","_et_gb_content_width":"","footnotes":""},"class_list":["post-301","page","type-page","status-publish","hentry"],"_links":{"self":[{"href":"https:\/\/congresos.unileon.es\/recsi2024\/wp-json\/wp\/v2\/pages\/301","targetHints":{"allow":["GET"]}}],"collection":[{"href":"https:\/\/congresos.unileon.es\/recsi2024\/wp-json\/wp\/v2\/pages"}],"about":[{"href":"https:\/\/congresos.unileon.es\/recsi2024\/wp-json\/wp\/v2\/types\/page"}],"author":[{"embeddable":true,"href":"https:\/\/congresos.unileon.es\/recsi2024\/wp-json\/wp\/v2\/users\/10"}],"replies":[{"embeddable":true,"href":"https:\/\/congresos.unileon.es\/recsi2024\/wp-json\/wp\/v2\/comments?post=301"}],"version-history":[{"count":26,"href":"https:\/\/congresos.unileon.es\/recsi2024\/wp-json\/wp\/v2\/pages\/301\/revisions"}],"predecessor-version":[{"id":1291,"href":"https:\/\/congresos.unileon.es\/recsi2024\/wp-json\/wp\/v2\/pages\/301\/revisions\/1291"}],"wp:attachment":[{"href":"https:\/\/congresos.unileon.es\/recsi2024\/wp-json\/wp\/v2\/media?parent=301"}],"curies":[{"name":"wp","href":"https:\/\/api.w.org\/{rel}","templated":true}]}}