{"id":106,"date":"2016-11-07T12:02:53","date_gmt":"2016-11-07T12:02:53","guid":{"rendered":"http:\/\/congresos.unileon.es\/plantilla\/?page_id=106"},"modified":"2024-03-18T09:21:26","modified_gmt":"2024-03-18T09:21:26","slug":"comites","status":"publish","type":"page","link":"https:\/\/congresos.unileon.es\/renova2024\/comites\/","title":{"rendered":"Comit\u00e9s"},"content":{"rendered":"<p><strong>Organizadores<\/strong><\/p>\n<ul>\n<li>Red Universitaria de Renovaci\u00f3n Pedag\u00f3gica<\/li>\n<li>Universidad de Le\u00f3n<\/li>\n<\/ul>\n<p><strong>Comit\u00e9 Organizador<\/strong><\/p>\n<ul>\n<li>Enrique Javier D\u00edez Guti\u00e9rrez (Dpto de Did\u00e1ctica General, Espec\u00edficas y Teor\u00eda de la Educaci\u00f3n, Universidad de Le\u00f3n) &#8211; Presidente<\/li>\n<li>Luis Torrego Egido (Universidad de Valladolid. Campus de Segovia)<\/li>\n<\/ul>\n<p><strong>Comit\u00e9 Cient\u00edfico<\/strong><\/p>\n<ul>\n<li>Jessica Paola Velasquez Malag\u00f3n (Universidad de Valladolid. Campus de Segovia)<\/li>\n<li>Judith C\u00e1ceres Iglesias (Universidad de Valladolid. Campus de Segovia)<\/li>\n<li>Luis Torrego Egido (Universidad de Valladolid. Campus de Segovia)<\/li>\n<li>Enrique Javier D\u00edez Guti\u00e9rrez (Universidad de Le\u00f3n, Espa\u00f1a)<\/li>\n<li>Laura Escalona Rubio (Universidad de Valladolid. Campus de Segovia)<\/li>\n<li>Katherine Gajardo Espinoza (Universidad de Valladolid. Campus de Segovia)<\/li>\n<\/ul>\n","protected":false},"excerpt":{"rendered":"<p>Organizadores Red Universitaria de Renovaci\u00f3n Pedag\u00f3gica Universidad de Le\u00f3n Comit\u00e9 Organizador Enrique Javier D\u00edez Guti\u00e9rrez (Dpto de Did\u00e1ctica General, Espec\u00edficas y Teor\u00eda de la Educaci\u00f3n, Universidad de Le\u00f3n) &#8211; Presidente Luis Torrego Egido (Universidad de Valladolid. Campus de Segovia) Comit\u00e9 Cient\u00edfico Jessica Paola Velasquez Malag\u00f3n (Universidad de Valladolid. Campus de Segovia) Judith C\u00e1ceres Iglesias (Universidad [&hellip;]<\/p>\n","protected":false},"author":2,"featured_media":0,"parent":0,"menu_order":0,"comment_status":"closed","ping_status":"closed","template":"","meta":{"_et_pb_use_builder":"off","_et_pb_old_content":"<strong>Organizadores<\/strong>\n<ul>\n \t<li>Red Universitaria de Renovaci\u00f3n Pedag\u00f3gica<\/li>\n \t<li>Universidad de Le\u00f3n<\/li>\n<\/ul>\n<strong>\u00a0<\/strong>\n\n<strong>Comit\u00e9 Organizador<\/strong>\n<ul>\n \t<li>Enrique Javier D\u00edez Guti\u00e9rrez (Dpto de Did\u00e1ctica General, Espec\u00edficas y Teor\u00eda de la Educaci\u00f3n, Universidad de Le\u00f3n) - Presidente<\/li>\n \t<li>Luis Torrego Egido (Universidad de Valladolid. Campus de Segovia)<\/li>\n<\/ul>\n<strong>Comit\u00e9 Cient\u00edfico<\/strong>\n<ul>\n \t<li>Alberto Modeno Do\u00f1a (Universidad de Valladolid. Campus de Segovia)<\/li>\n \t<li>Luis Torrego Egido (Universidad de Valladolid. Campus de Segovia)<\/li>\n \t<li>Enrique Javier D\u00edez Guti\u00e9rrez (Universidad de Le\u00f3n, Espa\u00f1a)<\/li>\n \t<li>\u00c1ngeles Diez Fern\u00e1ndez (Universidad de Valladolid. Campus de Segovia)<\/li>\n \t<li>Antonio Fraile Aranda (Universidad de Valladolid. Campus de Segovia)<\/li>\n<\/ul>","_et_gb_content_width":"","footnotes":""},"class_list":["post-106","page","type-page","status-publish","hentry"],"_links":{"self":[{"href":"https:\/\/congresos.unileon.es\/renova2024\/wp-json\/wp\/v2\/pages\/106","targetHints":{"allow":["GET"]}}],"collection":[{"href":"https:\/\/congresos.unileon.es\/renova2024\/wp-json\/wp\/v2\/pages"}],"about":[{"href":"https:\/\/congresos.unileon.es\/renova2024\/wp-json\/wp\/v2\/types\/page"}],"author":[{"embeddable":true,"href":"https:\/\/congresos.unileon.es\/renova2024\/wp-json\/wp\/v2\/users\/2"}],"replies":[{"embeddable":true,"href":"https:\/\/congresos.unileon.es\/renova2024\/wp-json\/wp\/v2\/comments?post=106"}],"version-history":[{"count":90,"href":"https:\/\/congresos.unileon.es\/renova2024\/wp-json\/wp\/v2\/pages\/106\/revisions"}],"predecessor-version":[{"id":1107,"href":"https:\/\/congresos.unileon.es\/renova2024\/wp-json\/wp\/v2\/pages\/106\/revisions\/1107"}],"wp:attachment":[{"href":"https:\/\/congresos.unileon.es\/renova2024\/wp-json\/wp\/v2\/media?parent=106"}],"curies":[{"name":"wp","href":"https:\/\/api.w.org\/{rel}","templated":true}]}}