{"id":110,"date":"2016-11-07T12:03:17","date_gmt":"2016-11-07T12:03:17","guid":{"rendered":"http:\/\/congresos.unileon.es\/plantilla\/?page_id=110"},"modified":"2024-03-18T09:33:39","modified_gmt":"2024-03-18T09:33:39","slug":"comunicaciones","status":"publish","type":"page","link":"https:\/\/congresos.unileon.es\/renova2024\/comunicaciones\/","title":{"rendered":"Comunicaciones"},"content":{"rendered":"<p>No habr\u00e1 comunicaciones en este Congreso.<\/p>\n<p><img loading=\"lazy\" decoding=\"async\" class=\"alignnone size-full wp-image-1099\" src=\"https:\/\/congresos.unileon.es\/renova2024\/wp-content\/uploads\/sites\/15\/2024\/03\/RENOVA2024-1.jpeg\" alt=\"\" width=\"1131\" height=\"1600\" \/><\/p>\n","protected":false},"excerpt":{"rendered":"<p>No habr\u00e1 comunicaciones en este Congreso.<\/p>\n","protected":false},"author":2,"featured_media":0,"parent":0,"menu_order":0,"comment_status":"closed","ping_status":"closed","template":"","meta":{"_et_pb_use_builder":"off","_et_pb_old_content":"El env\u00edo de trabajos para el X Congreso Internacional de Evaluaci\u00f3n Formativa y Compartida se realizar\u00e1 mediante correo electr\u00f3nico a la direcci\u00f3n ifahe.unileon@gmail.com. Cada autor podr\u00e1 presentar un m\u00e1ximo de dos trabajos como primer autor, que deben ser contribuciones originales e in\u00e9ditas.\r\nLas tem\u00e1ticas prioritarias del congreso son:","_et_gb_content_width":"","footnotes":""},"class_list":["post-110","page","type-page","status-publish","hentry"],"_links":{"self":[{"href":"https:\/\/congresos.unileon.es\/renova2024\/wp-json\/wp\/v2\/pages\/110","targetHints":{"allow":["GET"]}}],"collection":[{"href":"https:\/\/congresos.unileon.es\/renova2024\/wp-json\/wp\/v2\/pages"}],"about":[{"href":"https:\/\/congresos.unileon.es\/renova2024\/wp-json\/wp\/v2\/types\/page"}],"author":[{"embeddable":true,"href":"https:\/\/congresos.unileon.es\/renova2024\/wp-json\/wp\/v2\/users\/2"}],"replies":[{"embeddable":true,"href":"https:\/\/congresos.unileon.es\/renova2024\/wp-json\/wp\/v2\/comments?post=110"}],"version-history":[{"count":59,"href":"https:\/\/congresos.unileon.es\/renova2024\/wp-json\/wp\/v2\/pages\/110\/revisions"}],"predecessor-version":[{"id":1113,"href":"https:\/\/congresos.unileon.es\/renova2024\/wp-json\/wp\/v2\/pages\/110\/revisions\/1113"}],"wp:attachment":[{"href":"https:\/\/congresos.unileon.es\/renova2024\/wp-json\/wp\/v2\/media?parent=110"}],"curies":[{"name":"wp","href":"https:\/\/api.w.org\/{rel}","templated":true}]}}