{"id":112,"date":"2016-11-07T12:03:32","date_gmt":"2016-11-07T12:03:32","guid":{"rendered":"http:\/\/congresos.unileon.es\/plantilla\/?page_id=112"},"modified":"2024-03-15T11:12:20","modified_gmt":"2024-03-15T11:12:20","slug":"inscripciones","status":"publish","type":"page","link":"https:\/\/congresos.unileon.es\/renova2024\/inscripciones\/","title":{"rendered":"Inscripciones"},"content":{"rendered":"<p>&#x1f4da; I Congreso Internacional &#8220;Renovaci\u00f3n Pedag\u00f3gica y Universidad del Bien Com\u00fan&#8221;<\/p>\n<p>&#x27a1; Participa <strong>online<\/strong><\/p>\n<p>&#x1f4cc; <strong>13-17 mayo<\/strong> &#8211; 19 a 21,30h<\/p>\n<p>&#x1f3af; Impulsando otra educaci\u00f3n posible desde la Renovaci\u00f3n Pedag\u00f3gica cr\u00edtica p\u00fablica, laica e inclusiva para el bien com\u00fan y comprometida\u00a0socialmente<\/p>\n<p>&#x1f449; Para <strong>inscribirse<\/strong> en el Congreso al final de este enlace (pinchando en INSCRIBIRSE): <a href=\"https:\/\/extensionuniversitaria.unileon.es\/curso.aspx?id=2959\">https:\/\/extensionuniversitaria.unileon.es\/curso.aspx?id=2959<\/a><\/p>\n<p><strong>Inscripci\u00f3n reducida (hasta 21 de abril de 2024)<\/strong><\/p>\n<ul>\n<li>Participantes: 10\u20ac<\/li>\n<li>Estudiantes y personas en situaci\u00f3n de desempleo: 5\u20ac<\/li>\n<\/ul>\n<table style=\"height: 287px\" width=\"718\">\n<tbody>\n<tr>\n<td width=\"338\"><\/td>\n<td width=\"118\">Hasta el 21 de abril de 2024<\/td>\n<td width=\"104\">A partir del 22 de abril de 2024<\/td>\n<\/tr>\n<tr>\n<td width=\"338\">Participantes<\/td>\n<td width=\"118\">10\u20ac<\/td>\n<td width=\"104\"><\/td>\n<\/tr>\n<tr>\n<td width=\"338\">Estudiantes y personas en situaci\u00f3n de desempleo<\/td>\n<td width=\"118\">5\u20ac<\/td>\n<td width=\"104\"><\/td>\n<\/tr>\n<\/tbody>\n<\/table>\n","protected":false},"excerpt":{"rendered":"<p>&#x1f4da; I Congreso Internacional &#8220;Renovaci\u00f3n Pedag\u00f3gica y Universidad del Bien Com\u00fan&#8221; &#x27a1; Participa online &#x1f4cc; 13-17 mayo &#8211; 19 a 21,30h &#x1f3af; Impulsando otra educaci\u00f3n posible desde la Renovaci\u00f3n Pedag\u00f3gica cr\u00edtica p\u00fablica, laica e inclusiva para el bien com\u00fan y comprometida\u00a0socialmente &#x1f449; Para inscribirse en el Congreso al final de este enlace (pinchando en INSCRIBIRSE): [&hellip;]<\/p>\n","protected":false},"author":2,"featured_media":0,"parent":0,"menu_order":0,"comment_status":"closed","ping_status":"closed","template":"","meta":{"_et_pb_use_builder":"off","_et_pb_old_content":"<img class=\"alignleft size-thumbnail wp-image-182\" src=\"http:\/\/www9.unileon.es\/congresos\/wp-content\/uploads\/sites\/3\/2016\/11\/inscripcion.png\" alt=\"inscripcion\" width=\"60\" height=\"60\" \/>La Red de Evaluaci\u00f3n Formativa y Compartida en Educaci\u00f3n Superior (REFYCES) realiza un importante esfuerzo para que las cuotas de asistencia a sus congresos sean asequibles, en el convencimiento de que el factor econ\u00f3mico no debe ser un factor limitante para participar en los mismos. Desde esta perspectiva, se establecen las siguientes cuotas de inscripci\u00f3n:\r\n\r\n<strong>Inscripci\u00f3n reducida (hasta 21 de abril de 2017)<\/strong>\r\n<ul>\r\n \t<li>Comunidad universitaria ULE, tutores de Pr\u00e1cticum de la ULE y miembros de la Red de Evaluaci\u00f3n formativa y compartida: 60\u20ac<\/li>\r\n \t<li>Resto de asistentes: 80\u20ac<\/li>\r\n<\/ul>\r\n<strong>Inscripci\u00f3n ordinaria (hasta 30 de junio de 2017)<\/strong>\r\n<ul>\r\n \t<li>Comunidad universitaria ULE, tutores de Pr\u00e1cticum de la ULE y miembros de la Red de Evaluaci\u00f3n formativa y compartida: 75\u20ac<\/li>\r\n \t<li>Resto de asistentes: 100\u20ac<\/li>\r\n<\/ul>\r\n\u00a0\r\n<table style=\"height: 287px;\" width=\"718\">\r\n<tbody>\r\n<tr>\r\n<td width=\"338\"><\/td>\r\n<td width=\"118\"><strong>Hasta el 31 de marzo de 2017<\/strong><\/td>\r\n<td width=\"104\"><strong>Hasta el 21 de abril de 2017<\/strong><\/td>\r\n<\/tr>\r\n<tr>\r\n<td width=\"338\">Comunidad universitaria ULE, tutores de Pr\u00e1cticum de la ULE y miembros de la Red de Evaluaci\u00f3n formativa y compartida<\/td>\r\n<td width=\"118\">60\u20ac<\/td>\r\n<td width=\"104\">80\u20ac<\/td>\r\n<\/tr>\r\n<tr>\r\n<td width=\"338\">Resto de asistentes<\/td>\r\n<td width=\"118\">75\u20ac<\/td>\r\n<td width=\"104\">100\u20ac<\/td>\r\n<\/tr>\r\n<\/tbody>\r\n<\/table>","_et_gb_content_width":"","footnotes":""},"class_list":["post-112","page","type-page","status-publish","hentry"],"_links":{"self":[{"href":"https:\/\/congresos.unileon.es\/renova2024\/wp-json\/wp\/v2\/pages\/112","targetHints":{"allow":["GET"]}}],"collection":[{"href":"https:\/\/congresos.unileon.es\/renova2024\/wp-json\/wp\/v2\/pages"}],"about":[{"href":"https:\/\/congresos.unileon.es\/renova2024\/wp-json\/wp\/v2\/types\/page"}],"author":[{"embeddable":true,"href":"https:\/\/congresos.unileon.es\/renova2024\/wp-json\/wp\/v2\/users\/2"}],"replies":[{"embeddable":true,"href":"https:\/\/congresos.unileon.es\/renova2024\/wp-json\/wp\/v2\/comments?post=112"}],"version-history":[{"count":42,"href":"https:\/\/congresos.unileon.es\/renova2024\/wp-json\/wp\/v2\/pages\/112\/revisions"}],"predecessor-version":[{"id":1084,"href":"https:\/\/congresos.unileon.es\/renova2024\/wp-json\/wp\/v2\/pages\/112\/revisions\/1084"}],"wp:attachment":[{"href":"https:\/\/congresos.unileon.es\/renova2024\/wp-json\/wp\/v2\/media?parent=112"}],"curies":[{"name":"wp","href":"https:\/\/api.w.org\/{rel}","templated":true}]}}