{"id":114,"date":"2016-11-07T12:03:47","date_gmt":"2016-11-07T12:03:47","guid":{"rendered":"http:\/\/congresos.unileon.es\/plantilla\/?page_id=114"},"modified":"2024-03-18T09:33:15","modified_gmt":"2024-03-18T09:33:15","slug":"sede-y-alojamiento","status":"publish","type":"page","link":"https:\/\/congresos.unileon.es\/renova2024\/sede-y-alojamiento\/","title":{"rendered":"Sede y Alojamiento"},"content":{"rendered":"<p>El Congreso se realizar\u00e1 <strong>Online<\/strong> (se facilitar\u00e1 un <strong>enlace de google meet a las personas inscritas<\/strong> para acceder d\u00edas antes de su celebraci\u00f3n).<\/p>\n<p><img loading=\"lazy\" decoding=\"async\" class=\"alignnone size-full wp-image-1099\" src=\"https:\/\/congresos.unileon.es\/renova2024\/wp-content\/uploads\/sites\/15\/2024\/03\/RENOVA2024-1.jpeg\" alt=\"\" width=\"1131\" height=\"1600\" \/><\/p>\n","protected":false},"excerpt":{"rendered":"<p>El Congreso se realizar\u00e1 Online (se facilitar\u00e1 un enlace de google meet a las personas inscritas para acceder d\u00edas antes de su celebraci\u00f3n).<\/p>\n","protected":false},"author":2,"featured_media":0,"parent":0,"menu_order":0,"comment_status":"closed","ping_status":"closed","template":"","meta":{"_et_pb_use_builder":"off","_et_pb_old_content":"<p>El Congeso se celebar\u00e1 en la Facultad de Ciencias de la Actividad F\u00edsica y del Deporte y en el CAR de Le\u00f3n (a 500 m de la misma). Ambos se encuentran en la zona del Campus de Vegazana.<\/p><p><iframe style=\"border: 0;\" src=\"https:\/\/www.google.com\/maps\/embed?pb=!1m18!1m12!1m3!1d1468.1153046829088!2d-5.560241175725681!3d42.61406495997835!2m3!1f0!2f0!3f0!3m2!1i1024!2i768!4f13.1!3m3!1m2!1s0x0%3A0xcb97561ebe519132!2sFacultad+de+Ciencias+de+la+Actividad+F%C3%ADsica+y+del+Deporte+(FACFD_ULE)!5e0!3m2!1ses!2ses!4v1479728043964\" width=\"800\" height=\"600\" frameborder=\"0\" allowfullscreen=\"allowfullscreen\"><\/iframe><\/p>","_et_gb_content_width":"","footnotes":""},"class_list":["post-114","page","type-page","status-publish","hentry"],"_links":{"self":[{"href":"https:\/\/congresos.unileon.es\/renova2024\/wp-json\/wp\/v2\/pages\/114","targetHints":{"allow":["GET"]}}],"collection":[{"href":"https:\/\/congresos.unileon.es\/renova2024\/wp-json\/wp\/v2\/pages"}],"about":[{"href":"https:\/\/congresos.unileon.es\/renova2024\/wp-json\/wp\/v2\/types\/page"}],"author":[{"embeddable":true,"href":"https:\/\/congresos.unileon.es\/renova2024\/wp-json\/wp\/v2\/users\/2"}],"replies":[{"embeddable":true,"href":"https:\/\/congresos.unileon.es\/renova2024\/wp-json\/wp\/v2\/comments?post=114"}],"version-history":[{"count":41,"href":"https:\/\/congresos.unileon.es\/renova2024\/wp-json\/wp\/v2\/pages\/114\/revisions"}],"predecessor-version":[{"id":1112,"href":"https:\/\/congresos.unileon.es\/renova2024\/wp-json\/wp\/v2\/pages\/114\/revisions\/1112"}],"wp:attachment":[{"href":"https:\/\/congresos.unileon.es\/renova2024\/wp-json\/wp\/v2\/media?parent=114"}],"curies":[{"name":"wp","href":"https:\/\/api.w.org\/{rel}","templated":true}]}}