{"id":2,"date":"2016-11-07T10:15:23","date_gmt":"2016-11-07T10:15:23","guid":{"rendered":"http:\/\/congresos.unileon.es\/plantilla\/?page_id=2"},"modified":"2024-03-18T09:08:42","modified_gmt":"2024-03-18T09:08:42","slug":"inicio","status":"publish","type":"page","link":"https:\/\/congresos.unileon.es\/renova2024\/","title":{"rendered":"Inicio"},"content":{"rendered":"<p><strong>I Congreso Internacional \u201cRENOVACI\u00d3N PEDAG\u00d3GICA Y UNIVERSIDAD DEL BIEN COM\u00daN\u201d <\/strong><\/p>\n<p><strong>13 al 17 de mayo<\/strong> de 2024 de <strong>19 a 21,30h<\/strong><\/p>\n<p>El Congreso se realizar\u00e1 <strong>Online<\/strong> (se facilitar\u00e1 un <strong>enlace de google meet a las personas inscritas<\/strong> para acceder d\u00edas antes de su celebraci\u00f3n)<\/p>\n<p>Para obtener <strong>1 cr\u00e9dito ECTS<\/strong> reconocido oficialmente por la Universidad de Le\u00f3n es necesario cumplir los siguientes <strong>requisitos<\/strong>: inscripci\u00f3n, asistencia a todas las sesiones y entrega final de un trabajo escrito, en formato ensayo, sobre los contenidos tratados (con ampliaci\u00f3n de bibliograf\u00eda: lectura de algunos art\u00edculos y textos m\u00e1s sobre el tema).<\/p>\n<p><strong>Matr\u00edcula<\/strong>: 10 euros para participantes. 5 euros para estudiantes ULE, de otras universidades y personas en situaci\u00f3n de desempleo.<\/p>\n<p>&#x1f449; Para <strong>inscribirse<\/strong> en el Congreso pinchar en <strong>INSCRIBIRSE<\/strong> al final de este enlace: <a href=\"https:\/\/extensionuniversitaria.unileon.es\/curso.aspx?id=2959\">https:\/\/extensionuniversitaria.unileon.es\/curso.aspx?id=2959<\/a><\/p>\n<p>\u00a0<\/p>\n\n\n<figure class=\"wp-block-image size-full\"><img loading=\"lazy\" decoding=\"async\" width=\"1131\" height=\"1600\" src=\"https:\/\/congresos.unileon.es\/renova2024\/wp-content\/uploads\/sites\/15\/2024\/03\/RENOVA2024-1.jpeg\" alt=\"\" class=\"wp-image-1099\" \/><\/figure>\n","protected":false},"excerpt":{"rendered":"<p>I Congreso Internacional \u201cRENOVACI\u00d3N PEDAG\u00d3GICA Y UNIVERSIDAD DEL BIEN COM\u00daN\u201d 13 al 17 de mayo de 2024 de 19 a 21,30h El Congreso se realizar\u00e1 Online (se facilitar\u00e1 un enlace de google meet a las personas inscritas para acceder d\u00edas antes de su celebraci\u00f3n) Para obtener 1 cr\u00e9dito ECTS reconocido oficialmente por la Universidad de [&hellip;]<\/p>\n","protected":false},"author":2,"featured_media":0,"parent":0,"menu_order":0,"comment_status":"closed","ping_status":"closed","template":"","meta":{"_et_pb_use_builder":"off","_et_pb_old_content":"Esto es una p\u00e1gina de ejemplo. Es diferente a una entrada porque permanece fija en un lugar y se mostrar\u00e1 en la navegaci\u00f3n de tu sitio (en la mayor\u00eda de los temas). La mayor\u00eda de la gente empieza con una p\u00e1gina de Acerca de, que les presenta a los potenciales visitantes del sitio. Podr\u00eda ser algo como esto:\r\n\r\n<blockquote>\u00a1Hola! Soy mensajero por el d\u00eda, aspirante a actor por la noche, y este es mi blog. Vivo en Madrid, tengo un perrazo llamado Duque y me gustan las pi\u00f1as coladas (y que me pille un chaparr\u00f3n)<\/blockquote>\r\n\r\n...o algo as\u00ed:\r\n\r\n<blockquote>La empresa XYZ se fund\u00f3 en 1971 y ha estado ofreciendo \"cosas\" de calidad al p\u00fablico desde entonces. Situada en Madrid, XYZ emplea a m\u00e1s de 2.000 personas y hace todo tipo de cosas sorprendentes para la comunidad de Madrid.<\/blockquote>\r\n\r\nSi eres nuevo en WordPress deber\u00edas ir a <a href=\"http:\/\/www9.unileon.es\/congresos\/wp-admin\/\">tu escritorio<\/a> para borrar esta p\u00e1gina y crear p\u00e1ginas nuevas con tu propio contenido. \u00a1P\u00e1salo bien!","_et_gb_content_width":"","footnotes":""},"class_list":["post-2","page","type-page","status-publish","hentry"],"_links":{"self":[{"href":"https:\/\/congresos.unileon.es\/renova2024\/wp-json\/wp\/v2\/pages\/2","targetHints":{"allow":["GET"]}}],"collection":[{"href":"https:\/\/congresos.unileon.es\/renova2024\/wp-json\/wp\/v2\/pages"}],"about":[{"href":"https:\/\/congresos.unileon.es\/renova2024\/wp-json\/wp\/v2\/types\/page"}],"author":[{"embeddable":true,"href":"https:\/\/congresos.unileon.es\/renova2024\/wp-json\/wp\/v2\/users\/2"}],"replies":[{"embeddable":true,"href":"https:\/\/congresos.unileon.es\/renova2024\/wp-json\/wp\/v2\/comments?post=2"}],"version-history":[{"count":24,"href":"https:\/\/congresos.unileon.es\/renova2024\/wp-json\/wp\/v2\/pages\/2\/revisions"}],"predecessor-version":[{"id":1104,"href":"https:\/\/congresos.unileon.es\/renova2024\/wp-json\/wp\/v2\/pages\/2\/revisions\/1104"}],"wp:attachment":[{"href":"https:\/\/congresos.unileon.es\/renova2024\/wp-json\/wp\/v2\/media?parent=2"}],"curies":[{"name":"wp","href":"https:\/\/api.w.org\/{rel}","templated":true}]}}