{"id":301,"date":"2016-11-29T10:06:38","date_gmt":"2016-11-29T10:06:38","guid":{"rendered":"http:\/\/congresos.unileon.es\/plantilla\/?page_id=301"},"modified":"2024-03-18T09:34:51","modified_gmt":"2024-03-18T09:34:51","slug":"fechas-y-horarios","status":"publish","type":"page","link":"https:\/\/congresos.unileon.es\/renova2024\/fechas-y-horarios\/","title":{"rendered":"Fechas y horarios"},"content":{"rendered":"\n<p><strong>13 al 17 de mayo<\/strong> de 2024 de <strong>19 a 21,30h<\/strong><\/p>\n\n\n\n<p>El Congreso se realizar\u00e1 <strong>Online<\/strong> (se facilitar\u00e1 un <strong>enlace de google meet a las personas inscritas<\/strong> para acceder d\u00edas antes de su celebraci\u00f3n)<\/p>\n\n\n\n<figure class=\"wp-block-image size-full\"><img loading=\"lazy\" decoding=\"async\" width=\"1131\" height=\"1600\" src=\"https:\/\/congresos.unileon.es\/renova2024\/wp-content\/uploads\/sites\/15\/2024\/03\/RENOVA2024-1.jpeg\" alt=\"\" class=\"wp-image-1099\" \/><\/figure>\n","protected":false},"excerpt":{"rendered":"<p>13 al 17 de mayo de 2024 de 19 a 21,30h El Congreso se realizar\u00e1 Online (se facilitar\u00e1 un enlace de google meet a las personas inscritas para acceder d\u00edas antes de su celebraci\u00f3n)<\/p>\n","protected":false},"author":2,"featured_media":0,"parent":0,"menu_order":0,"comment_status":"closed","ping_status":"closed","template":"","meta":{"_et_pb_use_builder":"off","_et_pb_old_content":"","_et_gb_content_width":"","footnotes":""},"class_list":["post-301","page","type-page","status-publish","hentry"],"_links":{"self":[{"href":"https:\/\/congresos.unileon.es\/renova2024\/wp-json\/wp\/v2\/pages\/301","targetHints":{"allow":["GET"]}}],"collection":[{"href":"https:\/\/congresos.unileon.es\/renova2024\/wp-json\/wp\/v2\/pages"}],"about":[{"href":"https:\/\/congresos.unileon.es\/renova2024\/wp-json\/wp\/v2\/types\/page"}],"author":[{"embeddable":true,"href":"https:\/\/congresos.unileon.es\/renova2024\/wp-json\/wp\/v2\/users\/2"}],"replies":[{"embeddable":true,"href":"https:\/\/congresos.unileon.es\/renova2024\/wp-json\/wp\/v2\/comments?post=301"}],"version-history":[{"count":18,"href":"https:\/\/congresos.unileon.es\/renova2024\/wp-json\/wp\/v2\/pages\/301\/revisions"}],"predecessor-version":[{"id":1115,"href":"https:\/\/congresos.unileon.es\/renova2024\/wp-json\/wp\/v2\/pages\/301\/revisions\/1115"}],"wp:attachment":[{"href":"https:\/\/congresos.unileon.es\/renova2024\/wp-json\/wp\/v2\/media?parent=301"}],"curies":[{"name":"wp","href":"https:\/\/api.w.org\/{rel}","templated":true}]}}